{"id":955,"date":"2020-09-05T11:07:16","date_gmt":"2020-09-05T11:07:16","guid":{"rendered":"https:\/\/aculingua.ch\/?page_id=955"},"modified":"2025-05-07T13:38:01","modified_gmt":"2025-05-07T13:38:01","slug":"schwyz","status":"publish","type":"page","link":"https:\/\/aculingua.ch\/en\/schwyz\/","title":{"rendered":"AcuLingua Sprach-Caf\u00e9 in Schwyz"},"content":{"rendered":"<p><\/p>\r\n<h4>AcuLingua Sprach-Caf\u00e9<\/h4>\r\n<p>Frischen Sie im AcuLingua Sprach-Caf\u00e9 Ihre Englisch Kenntnisse auf und Treffen Sie Gleichgesinnte.<\/p>\r\n<p>AcuLingua bietet Kurse mit interaktiven \u00dcbungen an, um spielend die Ziele &amp; W\u00fcnsche der Kunden zu erreichen:<\/p>\r\n<p><strong>z.B. jeden Freitag, 08:45 bis 09:45 Uhr (60 Minuten)<br \/><\/strong><strong>Kurs <\/strong><strong>Einsteiger<\/strong> \u2013 Beginner Niveau A1\/A2 &#8211; lernen Sie das Wichtigste der Englischen Sprache, f\u00fcr Ihre Ferien, Ihren Job oder um den Kindern in der Schule zu helfen. In ungezwungener Atmosph\u00e4re lernen Sie mit interaktiven \u00dcbungen sich in der englischen Sprache m\u00fcndlich und schriftlich zu verst\u00e4ndigen.<\/p>\r\n<p><strong>z.B. jeden Freitag, 10:00 bis 11:00 Uhr (60 Minuten)<br \/><\/strong><strong>Kurs<\/strong><strong> Brush-up<\/strong> \u2013 Mittleres Niveau B1\/B2 \u2013 frischen Sie Ihre Englisch Kenntnisse auf und erweitern Sie Ihr existierendes Wissen mit professioneller Unterst\u00fctzung. Erneuern Sie in gem\u00fctlicher Ambiance Ihr bereits erlerntes Wissen und verankern Sie dies durch interaktive \u00dcbungen.<\/p>\r\n<p>Kurse mit anderen Englischlevels\u00a0 k\u00f6nnen je nach Anzahl der Teilnehmer auf Anfrage organisiert werden.<\/p>\r\n<h6><strong>Preise:<br \/><\/strong><strong>Fr. 25.-\/60 Minuten<\/strong><br \/>Kurs f\u00fcr 10 Wochen <strong>Fr.250.- ab 4 Teilnehmern<\/strong> <br \/>(allf\u00e4llige Kursb\u00fccher &amp; Getr\u00e4nke sind nicht inklusive)<\/h6>\r\n<div class=\"everest-forms\"><div class=\"evf-container default\" id=\"evf-968\"><form id=\"evf-form-968\" class=\"everest-form\" data-formid=\"968\" data-ajax_submission=\"0\" data-keyboard_friendly_form=\"0\" data-form_state_type=\"\" method=\"post\" enctype=\"multipart\/form-data\" action=\"\/en\/wp-json\/wp\/v2\/pages\/955\"><div class=\"evf-field-container\"><input type=\"hidden\" id=\"_wpnonce968\" name=\"_wpnonce968\" value=\"1aebd87a14\" \/><input type=\"hidden\" name=\"_wp_http_referer\" value=\"\/en\/wp-json\/wp\/v2\/pages\/955\" \/><div class=\"evf-frontend-row\" data-row=\"row_1\" conditional_rules=\"[]\"><div class=\"evf-frontend-grid evf-grid-1\" data-grid=\"grid_1\"><div id=\"evf-968-field_fullname-container\" class=\"evf-field evf-field-text form-row validate-required\" data-required-field-message=\"This field is required.\" data-field-id=\"fullname\"><label class=\"evf-field-label\" for=\"evf-968-field_fullname\"><span class=\"evf-label\">Vor- und Nachname<\/span> <abbr class=\"required\" title=\"Required\">*<\/abbr><\/label><input type=\"text\" id=\"evf-968-field_fullname\" class=\"input-text\" name=\"everest_forms[form_fields][fullname]\" required><\/div><div id=\"evf-968-field_email-container\" class=\"evf-field evf-field-email form-row validate-required validate-email\" data-required-field-message=\"Please enter a valid email address.\" data-field-id=\"email\"><label class=\"evf-field-label\" for=\"evf-968-field_email\"><span class=\"evf-label\">Ihre email Adresse<\/span> <abbr class=\"required\" title=\"Required\">*<\/abbr><\/label><input type=\"email\" id=\"evf-968-field_email\" class=\"input-text\" name=\"everest_forms[form_fields][email]\" required ><\/div><div id=\"evf-968-field_5DAeEuCVvU-6-container\" class=\"evf-field evf-field-last-name form-row validate-required\" data-required-field-message=\"This field is required.\" data-field-id=\"5DAeEuCVvU-6\"><label class=\"evf-field-label\" for=\"evf-968-field_5DAeEuCVvU-6\"><span class=\"evf-label\">Strasse<\/span> <abbr class=\"required\" title=\"Required\">*<\/abbr><\/label><input type=\"text\" id=\"evf-968-field_5DAeEuCVvU-6\" class=\"input-text\" name=\"everest_forms[form_fields][5DAeEuCVvU-6]\" required><\/div><div id=\"evf-968-field_3kMj8wr50u-7-container\" class=\"evf-field evf-field-last-name form-row validate-required\" data-required-field-message=\"This field is required.\" data-field-id=\"3kMj8wr50u-7\"><label class=\"evf-field-label\" for=\"evf-968-field_3kMj8wr50u-7\"><span class=\"evf-label\">Plz, Wohnort<\/span> <abbr class=\"required\" title=\"Required\">*<\/abbr><\/label><input type=\"text\" id=\"evf-968-field_3kMj8wr50u-7\" class=\"input-text\" name=\"everest_forms[form_fields][3kMj8wr50u-7]\" required><\/div><div id=\"evf-968-field_EKzTdDJ18F-2-container\" class=\"evf-field evf-field-text form-row\" data-field-id=\"EKzTdDJ18F-2\"><label class=\"evf-field-label\" for=\"evf-968-field_EKzTdDJ18F-2\"><span class=\"evf-label\">Telefon<\/span> <\/label><input type=\"text\" id=\"evf-968-field_EKzTdDJ18F-2\" class=\"input-text\" name=\"everest_forms[form_fields][EKzTdDJ18F-2]\" ><\/div><div id=\"evf-968-field_wutJI8EKji-4-container\" class=\"evf-field evf-field-checkbox form-row validate-required\" data-required-field-message=\"This field is required.\" data-field-id=\"wutJI8EKji-4\"><label class=\"evf-field-label\" for=\"evf-968-field_wutJI8EKji-4\"><span class=\"evf-label\">Welcher Kurs interessiert Sie? Bitte w\u00e4hlen Sie:<\/span> <abbr class=\"required\" title=\"Required\">*<\/abbr><\/label><ul id=\"evf-968-field_wutJI8EKji-4\" class=\" evf-field-required\"><li class=\"choice-1 depth-1\"><input type=\"checkbox\" id=\"evf-968-field_wutJI8EKji-4_1\" class=\"input-text\" name=\"everest_forms[form_fields][wutJI8EKji-4][]\" value=\"Kurs: Beginner, Freitags 08:30 Uhr\" required ><label class=\"everest-forms-field-label-inline\" for=\"evf-968-field_wutJI8EKji-4_1\">Kurs: Beginner, Freitags 08:30 Uhr<\/label><\/li><li class=\"choice-2 depth-1\"><input type=\"checkbox\" id=\"evf-968-field_wutJI8EKji-4_2\" class=\"input-text\" name=\"everest_forms[form_fields][wutJI8EKji-4][]\" value=\"Kurs: Brush-Up, Freitags 10:00 Uhr\" required ><label class=\"everest-forms-field-label-inline\" for=\"evf-968-field_wutJI8EKji-4_2\">Kurs: Brush-Up, Freitags 10:00 Uhr<\/label><\/li><li class=\"choice-3 depth-1\"><input type=\"checkbox\" id=\"evf-968-field_wutJI8EKji-4_3\" class=\"input-text\" name=\"everest_forms[form_fields][wutJI8EKji-4][]\" value=\"Ich bin interessiert, bitte kontaktieren Sie mich\" required ><label class=\"everest-forms-field-label-inline\" for=\"evf-968-field_wutJI8EKji-4_3\">Ich bin interessiert, bitte kontaktieren Sie mich<\/label><\/li><\/ul><\/div><div id=\"evf-968-field_9TwvC0d506-5-container\" class=\"evf-field evf-field-select form-row validate-required\" data-required-field-message=\"This field is required.\" data-field-id=\"9TwvC0d506-5\"><label class=\"evf-field-label\" for=\"evf-968-field_9TwvC0d506-5\"><span class=\"evf-label\">Welches Englisch Niveau haben Sie ungef\u00e4hr?<\/span> <abbr class=\"required\" title=\"Required\">*<\/abbr><\/label><select id=\"evf-968-field_9TwvC0d506-5\" class=\"input-text evf-field-required\" name=\"everest_forms[form_fields][9TwvC0d506-5]\" required=\"required\" ><option value=\"Beginner A1 (Einsteiger)\" >Beginner A1 (Einsteiger)<\/option><option value=\"Beginner A2 (Grundlagenkenntnisse)\" >Beginner A2 (Grundlagenkenntnisse)<\/option><option value=\"Niveau B1 (Mittelstufe)\" >Niveau B1 (Mittelstufe)<\/option><option value=\"Niveau B2 (gute MIttelstufe)\" >Niveau B2 (gute MIttelstufe)<\/option><option value=\"Fortgeschrittene Kenntnisse C1 +\" >Fortgeschrittene Kenntnisse C1 +<\/option><\/select><div class=\"evf-field-description\">Auf Anfrage senden wir Ihnen gerne den Link zu einem Einstufungstest!<\/div><\/div><div id=\"evf-968-field_message-container\" class=\"evf-field evf-field-textarea form-row\" data-field-id=\"message\"><label class=\"evf-field-label\" for=\"evf-968-field_message\"><span class=\"evf-label\">Ihre Nachricht<\/span> <\/label><textarea id=\"evf-968-field_message\" class=\"input-text\" name=\"everest_forms[form_fields][message]\"  ><\/textarea><\/div><\/div><\/div><\/div><div class=\"evf-honeypot-container evf-field-hp\"><label for=\"evf-968-field-hp\" class=\"evf-field-label\">Name<\/label><input type=\"text\" name=\"everest_forms[hp]\" id=\"evf-968-field-hp\" class=\"input-text\"><\/div><div class=\"evf-submit-container \" ><input type=\"hidden\" name=\"everest_forms[id]\" value=\"968\"><input type=\"hidden\" name=\"everest_forms[author]\" value=\"1\"><button type='submit' name='everest_forms[submit]' class='everest-forms-submit-button button evf-submit ' id='evf-submit-968' value='evf-submit' data-process-text=\"Processing\u2026\" conditional_rules='&quot;&quot;' conditional_id='evf-submit-968'  id=\"evf-submit-968\" aria-live=\"assertive\">Submit<\/button><\/div><\/form><\/div><!-- .evf-container --><\/div>\r\n<h5><strong>AcuLingua:<\/strong><\/h5>\r\n<p>AcuLingua ist eine kleine, erst im Januar 2020 gegr\u00fcndete, Sprachschule in Schwyz. Die erfahrenen Sprachlehrer richten die Kurse nach den Bed\u00fcrfnissen der Kunden. Matt Nelsen, AcuLingua Gesch\u00e4ftsf\u00fchrer, hat 18 Jahre Erfahrung in Erwachsenenbildung und wird die Kurse des AcuLingua Sprach-Caf\u00e9s durchf\u00fchren.<\/p>\r\n<h5><strong>Kurs-Bedingungen:<\/strong><\/h5>\r\n<p>Der AcuLingua Sprach-Caf\u00e9 Kurs findet bei gen\u00fcgend Teilnehmern jederzeit Auf Anfrage statt. Der Kurspreis richtet sich nach Anzahl der Teilnehmer bei Anmeldeschluss und muss nach Erhalt der Rechnung innert 10 Tagen bezahlt werden. Mindestteilnehmerzahl pro Kurs sind 4 Personen. Bei einer Kursannullation wird eine Bearbeitungsgeb\u00fchr von Fr. 100.- erhoben.<\/p>\r\n<p><\/p>","protected":false},"excerpt":{"rendered":"<p>AcuLingua Sprach-Caf\u00e9 Frischen Sie im AcuLingua Sprach-Caf\u00e9 Ihre Englisch Kenntnisse auf und Treffen Sie Gleichgesinnte. AcuLingua bietet Kurse mit interaktiven \u00dcbungen an, um spielend die Ziele &amp; W\u00fcnsche der Kunden zu erreichen: z.B. jeden Freitag, 08:45 bis 09:45 Uhr (60 Minuten)Kurs Einsteiger \u2013 Beginner Niveau A1\/A2 &#8211; lernen Sie das Wichtigste der Englischen Sprache, f\u00fcr &hellip; <a href=\"https:\/\/aculingua.ch\/en\/schwyz\/\" class=\"more-link\">Continue reading <span class=\"screen-reader-text\">AcuLingua Sprach-Caf\u00e9 in Schwyz<\/span><\/a><\/p>\n","protected":false},"author":1,"featured_media":961,"parent":0,"menu_order":4,"comment_status":"closed","ping_status":"closed","template":"","meta":{"footnotes":""},"class_list":["post-955","page","type-page","status-publish","has-post-thumbnail","hentry"],"translation":{"provider":"WPGlobus","version":"3.0.0","language":"en","enabled_languages":["de","en"],"languages":{"de":{"title":true,"content":true,"excerpt":false},"en":{"title":false,"content":false,"excerpt":false}}},"yoast_head":"<!-- This site is optimized with the Yoast SEO plugin v25.8 - https:\/\/yoast.com\/wordpress\/plugins\/seo\/ -->\n<title>AcuLingua Sprach-Caf\u00e9 in Schwyz - Aculingua<\/title>\n<meta name=\"robots\" content=\"index, follow, max-snippet:-1, max-image-preview:large, max-video-preview:-1\" \/>\n<link rel=\"canonical\" href=\"https:\/\/aculingua.ch\/schwyz\/\" \/>\n<meta property=\"og:locale\" content=\"en_US\" \/>\n<meta property=\"og:type\" content=\"article\" \/>\n<meta property=\"og:title\" content=\"AcuLingua Sprach-Caf\u00e9 in Schwyz - Aculingua\" \/>\n<meta property=\"og:url\" content=\"https:\/\/aculingua.ch\/schwyz\/\" \/>\n<meta property=\"og:site_name\" content=\"Aculingua\" \/>\n<meta property=\"article:modified_time\" content=\"2025-05-07T13:38:01+00:00\" \/>\n<meta property=\"og:image\" content=\"https:\/\/aculingua.ch\/wp-content\/uploads\/2020\/09\/coffee-2306471_1920.jpg\" \/>\n\t<meta property=\"og:image:width\" content=\"1920\" \/>\n\t<meta property=\"og:image:height\" content=\"1280\" \/>\n\t<meta property=\"og:image:type\" content=\"image\/jpeg\" \/>\n<meta name=\"twitter:card\" content=\"summary_large_image\" \/>\n<meta name=\"twitter:label1\" content=\"Est. reading time\" \/>\n\t<meta name=\"twitter:data1\" content=\"2 minutes\" \/>\n<script type=\"application\/ld+json\" class=\"yoast-schema-graph\">{\"@context\":\"https:\/\/schema.org\",\"@graph\":[{\"@type\":\"WebPage\",\"@id\":\"https:\/\/aculingua.ch\/schwyz\/\",\"url\":\"https:\/\/aculingua.ch\/schwyz\/\",\"name\":\"AcuLingua Sprach-Caf\u00e9 in Schwyz - Aculingua\",\"isPartOf\":{\"@id\":\"https:\/\/aculingua.ch\/#website\"},\"primaryImageOfPage\":{\"@id\":\"https:\/\/aculingua.ch\/schwyz\/#primaryimage\"},\"image\":{\"@id\":\"https:\/\/aculingua.ch\/schwyz\/#primaryimage\"},\"thumbnailUrl\":\"https:\/\/i0.wp.com\/aculingua.ch\/wp-content\/uploads\/2020\/09\/coffee-2306471_1920.jpg?fit=1920%2C1280&ssl=1\",\"datePublished\":\"2020-09-05T11:07:16+00:00\",\"dateModified\":\"2025-05-07T13:38:01+00:00\",\"description\":\"Englisch lernen in Schwyz, gem\u00fctlicher Atmosph\u00e4re, im Pompello West in Schwyz, Private Englisch Kurse, Firmen intern englisch lernen, Business Englisch Zug, Englisch f\u00fcr Firmen, gute Englischlehrer, mein englisch verbessern, conversation classes german, CAE, FCE, Advanced, Schwyz, Zug, Rotkreuz, englisch in Schwyz, Matt Nelsen, Englisch lernen Matt Nelson, Matt Nelson\",\"breadcrumb\":{\"@id\":\"https:\/\/aculingua.ch\/schwyz\/#breadcrumb\"},\"inLanguage\":\"en-US\",\"potentialAction\":[{\"@type\":\"ReadAction\",\"target\":[\"https:\/\/aculingua.ch\/schwyz\/\"]}]},{\"@type\":\"ImageObject\",\"inLanguage\":\"en-US\",\"@id\":\"https:\/\/aculingua.ch\/schwyz\/#primaryimage\",\"url\":\"https:\/\/i0.wp.com\/aculingua.ch\/wp-content\/uploads\/2020\/09\/coffee-2306471_1920.jpg?fit=1920%2C1280&ssl=1\",\"contentUrl\":\"https:\/\/i0.wp.com\/aculingua.ch\/wp-content\/uploads\/2020\/09\/coffee-2306471_1920.jpg?fit=1920%2C1280&ssl=1\",\"width\":1920,\"height\":1280},{\"@type\":\"BreadcrumbList\",\"@id\":\"https:\/\/aculingua.ch\/schwyz\/#breadcrumb\",\"itemListElement\":[{\"@type\":\"ListItem\",\"position\":1,\"name\":\"Startseite\",\"item\":\"https:\/\/aculingua.ch\/\"},{\"@type\":\"ListItem\",\"position\":2,\"name\":\"AcuLingua Sprach-Caf\u00e9 in Schwyz\"}]},{\"@type\":\"WebSite\",\"@id\":\"https:\/\/aculingua.ch\/#website\",\"url\":\"https:\/\/aculingua.ch\/\",\"name\":\"AcuLingua-englisch lernen-rotkreuz\",\"description\":\"Language that matters\",\"publisher\":{\"@id\":\"https:\/\/aculingua.ch\/#organization\"},\"potentialAction\":[{\"@type\":\"SearchAction\",\"target\":{\"@type\":\"EntryPoint\",\"urlTemplate\":\"https:\/\/aculingua.ch\/?s={search_term_string}\"},\"query-input\":{\"@type\":\"PropertyValueSpecification\",\"valueRequired\":true,\"valueName\":\"search_term_string\"}}],\"inLanguage\":\"en-US\"},{\"@type\":\"Organization\",\"@id\":\"https:\/\/aculingua.ch\/#organization\",\"name\":\"AcuLingua\",\"url\":\"https:\/\/aculingua.ch\/\",\"logo\":{\"@type\":\"ImageObject\",\"inLanguage\":\"en-US\",\"@id\":\"https:\/\/aculingua.ch\/#\/schema\/logo\/image\/\",\"url\":\"https:\/\/i2.wp.com\/aculingua.ch\/wp-content\/uploads\/2019\/12\/mediumsmall-e1577784004188.png?fit=500%2C222&ssl=1\",\"contentUrl\":\"https:\/\/i2.wp.com\/aculingua.ch\/wp-content\/uploads\/2019\/12\/mediumsmall-e1577784004188.png?fit=500%2C222&ssl=1\",\"width\":500,\"height\":222,\"caption\":\"AcuLingua\"},\"image\":{\"@id\":\"https:\/\/aculingua.ch\/#\/schema\/logo\/image\/\"},\"sameAs\":[\"https:\/\/ch.linkedin.com\/company\/aculingua?trk=public_profile_topcard_current_company\"]}]}<\/script>\n<!-- \/ Yoast SEO plugin. -->","yoast_head_json":{"title":"AcuLingua Sprach-Caf\u00e9 in Schwyz - Aculingua","robots":{"index":"index","follow":"follow","max-snippet":"max-snippet:-1","max-image-preview":"max-image-preview:large","max-video-preview":"max-video-preview:-1"},"canonical":"https:\/\/aculingua.ch\/schwyz\/","og_locale":"en_US","og_type":"article","og_title":"AcuLingua Sprach-Caf\u00e9 in Schwyz - Aculingua","og_url":"https:\/\/aculingua.ch\/schwyz\/","og_site_name":"Aculingua","article_modified_time":"2025-05-07T13:38:01+00:00","og_image":[{"width":1920,"height":1280,"url":"https:\/\/aculingua.ch\/wp-content\/uploads\/2020\/09\/coffee-2306471_1920.jpg","type":"image\/jpeg"}],"twitter_card":"summary_large_image","twitter_misc":{"Est. reading time":"2 minutes"},"schema":{"@context":"https:\/\/schema.org","@graph":[{"@type":"WebPage","@id":"https:\/\/aculingua.ch\/schwyz\/","url":"https:\/\/aculingua.ch\/schwyz\/","name":"AcuLingua Sprach-Caf\u00e9 in Schwyz - Aculingua","isPartOf":{"@id":"https:\/\/aculingua.ch\/#website"},"primaryImageOfPage":{"@id":"https:\/\/aculingua.ch\/schwyz\/#primaryimage"},"image":{"@id":"https:\/\/aculingua.ch\/schwyz\/#primaryimage"},"thumbnailUrl":"https:\/\/i0.wp.com\/aculingua.ch\/wp-content\/uploads\/2020\/09\/coffee-2306471_1920.jpg?fit=1920%2C1280&ssl=1","datePublished":"2020-09-05T11:07:16+00:00","dateModified":"2025-05-07T13:38:01+00:00","description":"Englisch lernen in Schwyz, gem\u00fctlicher Atmosph\u00e4re, im Pompello West in Schwyz, Private Englisch Kurse, Firmen intern englisch lernen, Business Englisch Zug, Englisch f\u00fcr Firmen, gute Englischlehrer, mein englisch verbessern, conversation classes german, CAE, FCE, Advanced, Schwyz, Zug, Rotkreuz, englisch in Schwyz, Matt Nelsen, Englisch lernen Matt Nelson, Matt Nelson","breadcrumb":{"@id":"https:\/\/aculingua.ch\/schwyz\/#breadcrumb"},"inLanguage":"en-US","potentialAction":[{"@type":"ReadAction","target":["https:\/\/aculingua.ch\/schwyz\/"]}]},{"@type":"ImageObject","inLanguage":"en-US","@id":"https:\/\/aculingua.ch\/schwyz\/#primaryimage","url":"https:\/\/i0.wp.com\/aculingua.ch\/wp-content\/uploads\/2020\/09\/coffee-2306471_1920.jpg?fit=1920%2C1280&ssl=1","contentUrl":"https:\/\/i0.wp.com\/aculingua.ch\/wp-content\/uploads\/2020\/09\/coffee-2306471_1920.jpg?fit=1920%2C1280&ssl=1","width":1920,"height":1280},{"@type":"BreadcrumbList","@id":"https:\/\/aculingua.ch\/schwyz\/#breadcrumb","itemListElement":[{"@type":"ListItem","position":1,"name":"Startseite","item":"https:\/\/aculingua.ch\/"},{"@type":"ListItem","position":2,"name":"AcuLingua Sprach-Caf\u00e9 in Schwyz"}]},{"@type":"WebSite","@id":"https:\/\/aculingua.ch\/#website","url":"https:\/\/aculingua.ch\/","name":"AcuLingua-englisch lernen-rotkreuz","description":"Language that matters","publisher":{"@id":"https:\/\/aculingua.ch\/#organization"},"potentialAction":[{"@type":"SearchAction","target":{"@type":"EntryPoint","urlTemplate":"https:\/\/aculingua.ch\/?s={search_term_string}"},"query-input":{"@type":"PropertyValueSpecification","valueRequired":true,"valueName":"search_term_string"}}],"inLanguage":"en-US"},{"@type":"Organization","@id":"https:\/\/aculingua.ch\/#organization","name":"AcuLingua","url":"https:\/\/aculingua.ch\/","logo":{"@type":"ImageObject","inLanguage":"en-US","@id":"https:\/\/aculingua.ch\/#\/schema\/logo\/image\/","url":"https:\/\/i2.wp.com\/aculingua.ch\/wp-content\/uploads\/2019\/12\/mediumsmall-e1577784004188.png?fit=500%2C222&ssl=1","contentUrl":"https:\/\/i2.wp.com\/aculingua.ch\/wp-content\/uploads\/2019\/12\/mediumsmall-e1577784004188.png?fit=500%2C222&ssl=1","width":500,"height":222,"caption":"AcuLingua"},"image":{"@id":"https:\/\/aculingua.ch\/#\/schema\/logo\/image\/"},"sameAs":["https:\/\/ch.linkedin.com\/company\/aculingua?trk=public_profile_topcard_current_company"]}]}},"jetpack-related-posts":[{"id":664,"url":"https:\/\/aculingua.ch\/en\/sprachkurse-bei-aculingua\/","url_meta":{"origin":955,"position":0},"title":"Sprachkurse bei AcuLingua","author":"admin","date":"January 22, 2020","format":false,"excerpt":"Englisch Kurse f\u00fcr jedes Niveau. Gerne erstellen wir den Lernplan nach Ihren Vorstellungen. Wir kommen zu Ihnen im Talkessel Schwyz und Raum Zug und unterrichten Sie bei Ihnen zu Hause oder in einem Sitzungszimmer Ihrer Firma.","rel":"","context":"Similar post","block_context":{"text":"Similar post","link":""},"img":{"alt_text":"","src":"https:\/\/i0.wp.com\/aculingua.ch\/wp-content\/uploads\/2020\/01\/romeoimages_com012-scaled.jpg?fit=1200%2C800&ssl=1&resize=350%2C200","width":350,"height":200,"srcset":"https:\/\/i0.wp.com\/aculingua.ch\/wp-content\/uploads\/2020\/01\/romeoimages_com012-scaled.jpg?fit=1200%2C800&ssl=1&resize=350%2C200 1x, https:\/\/i0.wp.com\/aculingua.ch\/wp-content\/uploads\/2020\/01\/romeoimages_com012-scaled.jpg?fit=1200%2C800&ssl=1&resize=525%2C300 1.5x, https:\/\/i0.wp.com\/aculingua.ch\/wp-content\/uploads\/2020\/01\/romeoimages_com012-scaled.jpg?fit=1200%2C800&ssl=1&resize=700%2C400 2x, https:\/\/i0.wp.com\/aculingua.ch\/wp-content\/uploads\/2020\/01\/romeoimages_com012-scaled.jpg?fit=1200%2C800&ssl=1&resize=1050%2C600 3x"},"classes":[]},{"id":135,"url":"https:\/\/aculingua.ch\/en\/privat\/","url_meta":{"origin":955,"position":1},"title":"Privatunterricht","author":"admin","date":"December 29, 2019","format":false,"excerpt":"AcuLingua bietet Ihnen professionellen Privatunterricht. Bei Bedarf organisieren wir gerne auch Kurse mit kleineren Klassen - bitte Fragen Sie uns an. Wenn Sie den effektiven und personalisierten Unterrichtsansatz von AcuLingua nutzen, werden Sie Ihre Sprachziele schnell erreichen. In den Regionen Zug, Luzern und Schwyz kommen wir zu Ihnen nach Hause.\u2026","rel":"","context":"Similar post","block_context":{"text":"Similar post","link":""},"img":{"alt_text":"","src":"https:\/\/i0.wp.com\/aculingua.ch\/wp-content\/uploads\/2019\/12\/pexels-photo-601170.jpeg?fit=1200%2C801&ssl=1&resize=350%2C200","width":350,"height":200,"srcset":"https:\/\/i0.wp.com\/aculingua.ch\/wp-content\/uploads\/2019\/12\/pexels-photo-601170.jpeg?fit=1200%2C801&ssl=1&resize=350%2C200 1x, https:\/\/i0.wp.com\/aculingua.ch\/wp-content\/uploads\/2019\/12\/pexels-photo-601170.jpeg?fit=1200%2C801&ssl=1&resize=525%2C300 1.5x, https:\/\/i0.wp.com\/aculingua.ch\/wp-content\/uploads\/2019\/12\/pexels-photo-601170.jpeg?fit=1200%2C801&ssl=1&resize=700%2C400 2x, https:\/\/i0.wp.com\/aculingua.ch\/wp-content\/uploads\/2019\/12\/pexels-photo-601170.jpeg?fit=1200%2C801&ssl=1&resize=1050%2C600 3x"},"classes":[]},{"id":500,"url":"https:\/\/aculingua.ch\/en\/german-course-lean-german\/aculingua-ihr-partner-fuer-englisch-deutsch-kurse\/","url_meta":{"origin":955,"position":2},"title":"AcuLingua &#8211; Acumen Lingua","author":"admin","date":"December 31, 2019","format":false,"excerpt":"AcuLingua bietet personalisierte Englisch und Deutsch Kurse. Die Lektionen werden Ihren W\u00fcnschen entsprechend angepasst. Die Sprachlehrer von AcuLingua kommen zu Ihnen in die Firma oder wenn Sie w\u00fcnschen auch zu Ihnen nach Hause im Raume Zug und Schwyz. Personalisierte Sprachkurse f\u00fcr Firmen und Private","rel":"","context":"Similar post","block_context":{"text":"Similar post","link":""},"img":{"alt_text":"","src":"","width":0,"height":0},"classes":[]},{"id":158,"url":"https:\/\/aculingua.ch\/en\/online-englischkurs\/","url_meta":{"origin":955,"position":3},"title":"Online virtual courses","author":"admin","date":"December 29, 2019","format":false,"excerpt":"{:en}With some adaptation, our specific purpose and departmental courses can be provided online.{:}","rel":"","context":"Similar post","block_context":{"text":"Similar post","link":""},"img":{"alt_text":"","src":"https:\/\/i0.wp.com\/aculingua.ch\/wp-content\/uploads\/2019\/12\/pexels-photo-2265488.jpeg?fit=1200%2C800&ssl=1&resize=350%2C200","width":350,"height":200,"srcset":"https:\/\/i0.wp.com\/aculingua.ch\/wp-content\/uploads\/2019\/12\/pexels-photo-2265488.jpeg?fit=1200%2C800&ssl=1&resize=350%2C200 1x, https:\/\/i0.wp.com\/aculingua.ch\/wp-content\/uploads\/2019\/12\/pexels-photo-2265488.jpeg?fit=1200%2C800&ssl=1&resize=525%2C300 1.5x, https:\/\/i0.wp.com\/aculingua.ch\/wp-content\/uploads\/2019\/12\/pexels-photo-2265488.jpeg?fit=1200%2C800&ssl=1&resize=700%2C400 2x, https:\/\/i0.wp.com\/aculingua.ch\/wp-content\/uploads\/2019\/12\/pexels-photo-2265488.jpeg?fit=1200%2C800&ssl=1&resize=1050%2C600 3x"},"classes":[]},{"id":153,"url":"https:\/\/aculingua.ch\/en\/firmen-html\/","url_meta":{"origin":955,"position":4},"title":"In Company Courses","author":"admin","date":"December 29, 2019","format":false,"excerpt":"{:de}Mit AcuLingua k\u00f6nnen Firmen intern Englisch- oder Deutschkurse ihren Mitarbeitenden anbieten. AcuLingua stellt die Kurse gem\u00e4ss den Bed\u00fcrfnissen der Firma und den Mitarbeitenden zusammen. Qualifizierte Sprachlehrer f\u00fchren die Kurse firmenintern durch.{:}{:en}AcuLingua will tailor-make a language course to meet your business\u2019 and individual staff\u2019s needs. We come to you - Our\u2026","rel":"","context":"Similar post","block_context":{"text":"Similar post","link":""},"img":{"alt_text":"","src":"https:\/\/i0.wp.com\/aculingua.ch\/wp-content\/uploads\/2019\/12\/pexels-photo-3182755-e1579254114103.jpeg?fit=800%2C1200&ssl=1&resize=350%2C200","width":350,"height":200,"srcset":"https:\/\/i0.wp.com\/aculingua.ch\/wp-content\/uploads\/2019\/12\/pexels-photo-3182755-e1579254114103.jpeg?fit=800%2C1200&ssl=1&resize=350%2C200 1x, https:\/\/i0.wp.com\/aculingua.ch\/wp-content\/uploads\/2019\/12\/pexels-photo-3182755-e1579254114103.jpeg?fit=800%2C1200&ssl=1&resize=525%2C300 1.5x, https:\/\/i0.wp.com\/aculingua.ch\/wp-content\/uploads\/2019\/12\/pexels-photo-3182755-e1579254114103.jpeg?fit=800%2C1200&ssl=1&resize=700%2C400 2x"},"classes":[]},{"id":123,"url":"https:\/\/aculingua.ch\/en\/","url_meta":{"origin":955,"position":5},"title":"German &#038; English Courses","author":"admin","date":"December 28, 2019","format":false,"excerpt":"Personalisierte Sprachkurse f\u00fcr Firmen oder Privat - Englisch & Deutsch","rel":"","context":"Similar post","block_context":{"text":"Similar post","link":""},"img":{"alt_text":"AcuLingua","src":"https:\/\/i0.wp.com\/aculingua.ch\/wp-content\/uploads\/2019\/12\/pexels-photo-3184324-e1579029818400.jpeg?fit=1200%2C800&ssl=1&resize=350%2C200","width":350,"height":200,"srcset":"https:\/\/i0.wp.com\/aculingua.ch\/wp-content\/uploads\/2019\/12\/pexels-photo-3184324-e1579029818400.jpeg?fit=1200%2C800&ssl=1&resize=350%2C200 1x, https:\/\/i0.wp.com\/aculingua.ch\/wp-content\/uploads\/2019\/12\/pexels-photo-3184324-e1579029818400.jpeg?fit=1200%2C800&ssl=1&resize=525%2C300 1.5x, https:\/\/i0.wp.com\/aculingua.ch\/wp-content\/uploads\/2019\/12\/pexels-photo-3184324-e1579029818400.jpeg?fit=1200%2C800&ssl=1&resize=700%2C400 2x, https:\/\/i0.wp.com\/aculingua.ch\/wp-content\/uploads\/2019\/12\/pexels-photo-3184324-e1579029818400.jpeg?fit=1200%2C800&ssl=1&resize=1050%2C600 3x"},"classes":[]}],"jetpack_sharing_enabled":true,"_links":{"self":[{"href":"https:\/\/aculingua.ch\/en\/wp-json\/wp\/v2\/pages\/955","targetHints":{"allow":["GET"]}}],"collection":[{"href":"https:\/\/aculingua.ch\/en\/wp-json\/wp\/v2\/pages"}],"about":[{"href":"https:\/\/aculingua.ch\/en\/wp-json\/wp\/v2\/types\/page"}],"author":[{"embeddable":true,"href":"https:\/\/aculingua.ch\/en\/wp-json\/wp\/v2\/users\/1"}],"replies":[{"embeddable":true,"href":"https:\/\/aculingua.ch\/en\/wp-json\/wp\/v2\/comments?post=955"}],"version-history":[{"count":50,"href":"https:\/\/aculingua.ch\/en\/wp-json\/wp\/v2\/pages\/955\/revisions"}],"predecessor-version":[{"id":1129,"href":"https:\/\/aculingua.ch\/en\/wp-json\/wp\/v2\/pages\/955\/revisions\/1129"}],"wp:featuredmedia":[{"embeddable":true,"href":"https:\/\/aculingua.ch\/en\/wp-json\/wp\/v2\/media\/961"}],"wp:attachment":[{"href":"https:\/\/aculingua.ch\/en\/wp-json\/wp\/v2\/media?parent=955"}],"curies":[{"name":"wp","href":"https:\/\/api.w.org\/{rel}","templated":true}]}}