{"id":784,"date":"2020-05-16T13:23:45","date_gmt":"2020-05-16T13:23:45","guid":{"rendered":"https:\/\/aculingua.ch\/?page_id=784"},"modified":"2020-06-02T07:33:05","modified_gmt":"2020-06-02T07:33:05","slug":"swiss-residency-permit-preparation","status":"publish","type":"page","link":"https:\/\/aculingua.ch\/en\/swiss-residency-permit-preparation\/","title":{"rendered":"Swiss residency exam preparation course"},"content":{"rendered":"<p>Swiss residency regulations brought in at the beginning of 2019, require expats to &#8220;show an amount of integration&#8221; mainly by proving some\u00a0 competence in one of the swiss languages, in German in the form of a Goethe exam.<\/p>\n<p>It affects expats making B and C-permit applications, but there are some differences in requirements from canton to canton, but generally A2 is widely accepted for B &amp; C permits, while most cantons require B1 speaking and listening skills, particularly for the fast-track permanent residence permit. (see diagram below)<\/p>\n<p>Depending on your requirements, we can provide an A2 exam preparation course for all the required skills (writing, listening, speaking and reading), or for those with better German knowledge or seeking the permanent residence, or nationality, we have the extended B1 Speaking and listening competence course<\/p>\n<p>12 week course. 90 minute lessons.<br \/>\n9 week 120 minute lessons.<br \/>\nOnce a week.<\/p>\n<p>Available privately online, or in-company for groups of 3 or more.<\/p>\n<p><img data-recalc-dims=\"1\" fetchpriority=\"high\" decoding=\"async\" class=\"alignnone  wp-image-927\" src=\"https:\/\/i0.wp.com\/aculingua.ch\/wp-content\/uploads\/2020\/06\/Sprachkompetenz.png?resize=648%2C287&#038;ssl=1\" alt=\"\" width=\"648\" height=\"287\" srcset=\"https:\/\/i0.wp.com\/aculingua.ch\/wp-content\/uploads\/2020\/06\/Sprachkompetenz.png?w=1165&amp;ssl=1 1165w, https:\/\/i0.wp.com\/aculingua.ch\/wp-content\/uploads\/2020\/06\/Sprachkompetenz.png?resize=300%2C133&amp;ssl=1 300w, https:\/\/i0.wp.com\/aculingua.ch\/wp-content\/uploads\/2020\/06\/Sprachkompetenz.png?resize=1024%2C453&amp;ssl=1 1024w, https:\/\/i0.wp.com\/aculingua.ch\/wp-content\/uploads\/2020\/06\/Sprachkompetenz.png?resize=768%2C340&amp;ssl=1 768w, https:\/\/i0.wp.com\/aculingua.ch\/wp-content\/uploads\/2020\/06\/Sprachkompetenz.png?resize=648%2C286&amp;ssl=1 648w, https:\/\/i0.wp.com\/aculingua.ch\/wp-content\/uploads\/2020\/06\/Sprachkompetenz.png?resize=434%2C192&amp;ssl=1 434w\" sizes=\"(max-width: 648px) 100vw, 648px\" \/><\/p>\n<p>Further information on:\u00a0 <a href=\"https:\/\/www.eda.admin.ch\/dam\/countries\/eda-all\/en\/faq-aufenthalt-und-niederlassung-sprachnachweis_EN.pdf\">https:\/\/www.eda.admin.ch\/dam\/countries\/eda-all\/en\/faq-aufenthalt-und-niederlassung-sprachnachweis_EN.pdf<\/a><\/p>\n<p>&nbsp;<\/p>\n","protected":false},"excerpt":{"rendered":"<p>Swiss residency regulations brought in at the beginning of 2019, require expats to &#8220;show an amount of integration&#8221; mainly by proving some\u00a0 competence in one of the swiss languages, in German in the form of a Goethe exam. It affects expats making B and C-permit applications, but there are some differences in requirements from canton &hellip; <a href=\"https:\/\/aculingua.ch\/en\/swiss-residency-permit-preparation\/\" class=\"more-link\">Continue reading <span class=\"screen-reader-text\">Swiss residency exam preparation course<\/span><\/a><\/p>\n","protected":false},"author":1,"featured_media":787,"parent":0,"menu_order":0,"comment_status":"closed","ping_status":"closed","template":"page-templates\/grid-page.php","meta":{"footnotes":""},"class_list":["post-784","page","type-page","status-publish","has-post-thumbnail","hentry"],"translation":{"provider":"WPGlobus","version":"3.0.0","language":"en","enabled_languages":["de","en"],"languages":{"de":{"title":true,"content":true,"excerpt":false},"en":{"title":true,"content":true,"excerpt":false}}},"yoast_head":"<!-- This site is optimized with the Yoast SEO plugin v25.8 - https:\/\/yoast.com\/wordpress\/plugins\/seo\/ -->\n<title>Swiss residency exam preparation course - Aculingua<\/title>\n<meta name=\"robots\" content=\"index, follow, max-snippet:-1, max-image-preview:large, max-video-preview:-1\" \/>\n<link rel=\"canonical\" href=\"https:\/\/aculingua.ch\/swiss-residency-permit-preparation\/\" \/>\n<meta property=\"og:locale\" content=\"en_US\" \/>\n<meta property=\"og:type\" content=\"article\" \/>\n<meta property=\"og:title\" content=\"Swiss residency exam preparation course - Aculingua\" \/>\n<meta property=\"og:url\" content=\"https:\/\/aculingua.ch\/swiss-residency-permit-preparation\/\" \/>\n<meta property=\"og:site_name\" content=\"Aculingua\" \/>\n<meta property=\"article:modified_time\" content=\"2020-06-02T07:33:05+00:00\" \/>\n<meta property=\"og:image\" content=\"https:\/\/aculingua.ch\/wp-content\/uploads\/2020\/05\/IMG-20190824-WA0012.jpg\" \/>\n\t<meta property=\"og:image:width\" content=\"1919\" \/>\n\t<meta property=\"og:image:height\" content=\"1080\" \/>\n\t<meta property=\"og:image:type\" content=\"image\/jpeg\" \/>\n<meta name=\"twitter:card\" content=\"summary_large_image\" \/>\n<meta name=\"twitter:label1\" content=\"Est. reading time\" \/>\n\t<meta name=\"twitter:data1\" content=\"2 minutes\" \/>\n<script type=\"application\/ld+json\" class=\"yoast-schema-graph\">{\"@context\":\"https:\/\/schema.org\",\"@graph\":[{\"@type\":\"WebPage\",\"@id\":\"https:\/\/aculingua.ch\/swiss-residency-permit-preparation\/\",\"url\":\"https:\/\/aculingua.ch\/swiss-residency-permit-preparation\/\",\"name\":\"Swiss residency exam preparation course - Aculingua\",\"isPartOf\":{\"@id\":\"https:\/\/aculingua.ch\/#website\"},\"primaryImageOfPage\":{\"@id\":\"https:\/\/aculingua.ch\/swiss-residency-permit-preparation\/#primaryimage\"},\"image\":{\"@id\":\"https:\/\/aculingua.ch\/swiss-residency-permit-preparation\/#primaryimage\"},\"thumbnailUrl\":\"https:\/\/i0.wp.com\/aculingua.ch\/wp-content\/uploads\/2020\/05\/IMG-20190824-WA0012.jpg?fit=1919%2C1080&ssl=1\",\"datePublished\":\"2020-05-16T13:23:45+00:00\",\"dateModified\":\"2020-06-02T07:33:05+00:00\",\"description\":\"learn german, swiss residency permit, A2 level german courses, in-class german courses, private german courses, swiss residency exam preparation course\",\"breadcrumb\":{\"@id\":\"https:\/\/aculingua.ch\/swiss-residency-permit-preparation\/#breadcrumb\"},\"inLanguage\":\"en-US\",\"potentialAction\":[{\"@type\":\"ReadAction\",\"target\":[\"https:\/\/aculingua.ch\/swiss-residency-permit-preparation\/\"]}]},{\"@type\":\"ImageObject\",\"inLanguage\":\"en-US\",\"@id\":\"https:\/\/aculingua.ch\/swiss-residency-permit-preparation\/#primaryimage\",\"url\":\"https:\/\/i0.wp.com\/aculingua.ch\/wp-content\/uploads\/2020\/05\/IMG-20190824-WA0012.jpg?fit=1919%2C1080&ssl=1\",\"contentUrl\":\"https:\/\/i0.wp.com\/aculingua.ch\/wp-content\/uploads\/2020\/05\/IMG-20190824-WA0012.jpg?fit=1919%2C1080&ssl=1\",\"width\":1919,\"height\":1080},{\"@type\":\"BreadcrumbList\",\"@id\":\"https:\/\/aculingua.ch\/swiss-residency-permit-preparation\/#breadcrumb\",\"itemListElement\":[{\"@type\":\"ListItem\",\"position\":1,\"name\":\"Startseite\",\"item\":\"https:\/\/aculingua.ch\/\"},{\"@type\":\"ListItem\",\"position\":2,\"name\":\"Swiss residency exam preparation\"}]},{\"@type\":\"WebSite\",\"@id\":\"https:\/\/aculingua.ch\/#website\",\"url\":\"https:\/\/aculingua.ch\/\",\"name\":\"AcuLingua-englisch lernen-rotkreuz\",\"description\":\"Language that matters\",\"publisher\":{\"@id\":\"https:\/\/aculingua.ch\/#organization\"},\"potentialAction\":[{\"@type\":\"SearchAction\",\"target\":{\"@type\":\"EntryPoint\",\"urlTemplate\":\"https:\/\/aculingua.ch\/?s={search_term_string}\"},\"query-input\":{\"@type\":\"PropertyValueSpecification\",\"valueRequired\":true,\"valueName\":\"search_term_string\"}}],\"inLanguage\":\"en-US\"},{\"@type\":\"Organization\",\"@id\":\"https:\/\/aculingua.ch\/#organization\",\"name\":\"AcuLingua\",\"url\":\"https:\/\/aculingua.ch\/\",\"logo\":{\"@type\":\"ImageObject\",\"inLanguage\":\"en-US\",\"@id\":\"https:\/\/aculingua.ch\/#\/schema\/logo\/image\/\",\"url\":\"https:\/\/i2.wp.com\/aculingua.ch\/wp-content\/uploads\/2019\/12\/mediumsmall-e1577784004188.png?fit=500%2C222&ssl=1\",\"contentUrl\":\"https:\/\/i2.wp.com\/aculingua.ch\/wp-content\/uploads\/2019\/12\/mediumsmall-e1577784004188.png?fit=500%2C222&ssl=1\",\"width\":500,\"height\":222,\"caption\":\"AcuLingua\"},\"image\":{\"@id\":\"https:\/\/aculingua.ch\/#\/schema\/logo\/image\/\"},\"sameAs\":[\"https:\/\/ch.linkedin.com\/company\/aculingua?trk=public_profile_topcard_current_company\"]}]}<\/script>\n<!-- \/ Yoast SEO plugin. -->","yoast_head_json":{"title":"Swiss residency exam preparation course - Aculingua","robots":{"index":"index","follow":"follow","max-snippet":"max-snippet:-1","max-image-preview":"max-image-preview:large","max-video-preview":"max-video-preview:-1"},"canonical":"https:\/\/aculingua.ch\/swiss-residency-permit-preparation\/","og_locale":"en_US","og_type":"article","og_title":"Swiss residency exam preparation course - Aculingua","og_url":"https:\/\/aculingua.ch\/swiss-residency-permit-preparation\/","og_site_name":"Aculingua","article_modified_time":"2020-06-02T07:33:05+00:00","og_image":[{"width":1919,"height":1080,"url":"https:\/\/aculingua.ch\/wp-content\/uploads\/2020\/05\/IMG-20190824-WA0012.jpg","type":"image\/jpeg"}],"twitter_card":"summary_large_image","twitter_misc":{"Est. reading time":"2 minutes"},"schema":{"@context":"https:\/\/schema.org","@graph":[{"@type":"WebPage","@id":"https:\/\/aculingua.ch\/swiss-residency-permit-preparation\/","url":"https:\/\/aculingua.ch\/swiss-residency-permit-preparation\/","name":"Swiss residency exam preparation course - Aculingua","isPartOf":{"@id":"https:\/\/aculingua.ch\/#website"},"primaryImageOfPage":{"@id":"https:\/\/aculingua.ch\/swiss-residency-permit-preparation\/#primaryimage"},"image":{"@id":"https:\/\/aculingua.ch\/swiss-residency-permit-preparation\/#primaryimage"},"thumbnailUrl":"https:\/\/i0.wp.com\/aculingua.ch\/wp-content\/uploads\/2020\/05\/IMG-20190824-WA0012.jpg?fit=1919%2C1080&ssl=1","datePublished":"2020-05-16T13:23:45+00:00","dateModified":"2020-06-02T07:33:05+00:00","description":"learn german, swiss residency permit, A2 level german courses, in-class german courses, private german courses, swiss residency exam preparation course","breadcrumb":{"@id":"https:\/\/aculingua.ch\/swiss-residency-permit-preparation\/#breadcrumb"},"inLanguage":"en-US","potentialAction":[{"@type":"ReadAction","target":["https:\/\/aculingua.ch\/swiss-residency-permit-preparation\/"]}]},{"@type":"ImageObject","inLanguage":"en-US","@id":"https:\/\/aculingua.ch\/swiss-residency-permit-preparation\/#primaryimage","url":"https:\/\/i0.wp.com\/aculingua.ch\/wp-content\/uploads\/2020\/05\/IMG-20190824-WA0012.jpg?fit=1919%2C1080&ssl=1","contentUrl":"https:\/\/i0.wp.com\/aculingua.ch\/wp-content\/uploads\/2020\/05\/IMG-20190824-WA0012.jpg?fit=1919%2C1080&ssl=1","width":1919,"height":1080},{"@type":"BreadcrumbList","@id":"https:\/\/aculingua.ch\/swiss-residency-permit-preparation\/#breadcrumb","itemListElement":[{"@type":"ListItem","position":1,"name":"Startseite","item":"https:\/\/aculingua.ch\/"},{"@type":"ListItem","position":2,"name":"Swiss residency exam preparation"}]},{"@type":"WebSite","@id":"https:\/\/aculingua.ch\/#website","url":"https:\/\/aculingua.ch\/","name":"AcuLingua-englisch lernen-rotkreuz","description":"Language that matters","publisher":{"@id":"https:\/\/aculingua.ch\/#organization"},"potentialAction":[{"@type":"SearchAction","target":{"@type":"EntryPoint","urlTemplate":"https:\/\/aculingua.ch\/?s={search_term_string}"},"query-input":{"@type":"PropertyValueSpecification","valueRequired":true,"valueName":"search_term_string"}}],"inLanguage":"en-US"},{"@type":"Organization","@id":"https:\/\/aculingua.ch\/#organization","name":"AcuLingua","url":"https:\/\/aculingua.ch\/","logo":{"@type":"ImageObject","inLanguage":"en-US","@id":"https:\/\/aculingua.ch\/#\/schema\/logo\/image\/","url":"https:\/\/i2.wp.com\/aculingua.ch\/wp-content\/uploads\/2019\/12\/mediumsmall-e1577784004188.png?fit=500%2C222&ssl=1","contentUrl":"https:\/\/i2.wp.com\/aculingua.ch\/wp-content\/uploads\/2019\/12\/mediumsmall-e1577784004188.png?fit=500%2C222&ssl=1","width":500,"height":222,"caption":"AcuLingua"},"image":{"@id":"https:\/\/aculingua.ch\/#\/schema\/logo\/image\/"},"sameAs":["https:\/\/ch.linkedin.com\/company\/aculingua?trk=public_profile_topcard_current_company"]}]}},"jetpack-related-posts":[{"id":743,"url":"https:\/\/aculingua.ch\/en\/roche\/","url_meta":{"origin":784,"position":0},"title":"Language Training Services","author":"admin","date":"May 12, 2020","format":false,"excerpt":"{:de}Nach 20 Jahren zuverl\u00e4ssiger Sprachkurse bei Roche Diagnostics in Rotkreuz, entwickelt sich das LTS-Team bei RDI weiter, indem es weiterhin Englisch - und Deutschkurse f\u00fcr Roche-Mitarbeiter vor Ort anbietet. Englisch Lernen (in 75 oder 100 Minuten-Klassen) General English: A1, A2, B1, B2, C1 Business English: B2, C1 Konversation: B2, C1\u2026","rel":"","context":"Similar post","block_context":{"text":"Similar post","link":""},"img":{"alt_text":"","src":"https:\/\/i0.wp.com\/aculingua.ch\/wp-content\/uploads\/2020\/05\/German_Flag.png?resize=350%2C200&ssl=1","width":350,"height":200,"srcset":"https:\/\/i0.wp.com\/aculingua.ch\/wp-content\/uploads\/2020\/05\/German_Flag.png?resize=350%2C200&ssl=1 1x, https:\/\/i0.wp.com\/aculingua.ch\/wp-content\/uploads\/2020\/05\/German_Flag.png?resize=525%2C300&ssl=1 1.5x, https:\/\/i0.wp.com\/aculingua.ch\/wp-content\/uploads\/2020\/05\/German_Flag.png?resize=700%2C400&ssl=1 2x, https:\/\/i0.wp.com\/aculingua.ch\/wp-content\/uploads\/2020\/05\/German_Flag.png?resize=1050%2C600&ssl=1 3x"},"classes":[]},{"id":158,"url":"https:\/\/aculingua.ch\/en\/online-englischkurs\/","url_meta":{"origin":784,"position":1},"title":"Online virtual courses","author":"admin","date":"December 29, 2019","format":false,"excerpt":"{:en}With some adaptation, our specific purpose and departmental courses can be provided online.{:}","rel":"","context":"Similar post","block_context":{"text":"Similar post","link":""},"img":{"alt_text":"","src":"https:\/\/i0.wp.com\/aculingua.ch\/wp-content\/uploads\/2019\/12\/pexels-photo-2265488.jpeg?fit=1200%2C800&ssl=1&resize=350%2C200","width":350,"height":200,"srcset":"https:\/\/i0.wp.com\/aculingua.ch\/wp-content\/uploads\/2019\/12\/pexels-photo-2265488.jpeg?fit=1200%2C800&ssl=1&resize=350%2C200 1x, https:\/\/i0.wp.com\/aculingua.ch\/wp-content\/uploads\/2019\/12\/pexels-photo-2265488.jpeg?fit=1200%2C800&ssl=1&resize=525%2C300 1.5x, https:\/\/i0.wp.com\/aculingua.ch\/wp-content\/uploads\/2019\/12\/pexels-photo-2265488.jpeg?fit=1200%2C800&ssl=1&resize=700%2C400 2x, https:\/\/i0.wp.com\/aculingua.ch\/wp-content\/uploads\/2019\/12\/pexels-photo-2265488.jpeg?fit=1200%2C800&ssl=1&resize=1050%2C600 3x"},"classes":[]},{"id":153,"url":"https:\/\/aculingua.ch\/en\/firmen-html\/","url_meta":{"origin":784,"position":2},"title":"In Company Courses","author":"admin","date":"December 29, 2019","format":false,"excerpt":"{:de}Mit AcuLingua k\u00f6nnen Firmen intern Englisch- oder Deutschkurse ihren Mitarbeitenden anbieten. AcuLingua stellt die Kurse gem\u00e4ss den Bed\u00fcrfnissen der Firma und den Mitarbeitenden zusammen. Qualifizierte Sprachlehrer f\u00fchren die Kurse firmenintern durch.{:}{:en}AcuLingua will tailor-make a language course to meet your business\u2019 and individual staff\u2019s needs. We come to you - Our\u2026","rel":"","context":"Similar post","block_context":{"text":"Similar post","link":""},"img":{"alt_text":"","src":"https:\/\/i0.wp.com\/aculingua.ch\/wp-content\/uploads\/2019\/12\/pexels-photo-3182755-e1579254114103.jpeg?fit=800%2C1200&ssl=1&resize=350%2C200","width":350,"height":200,"srcset":"https:\/\/i0.wp.com\/aculingua.ch\/wp-content\/uploads\/2019\/12\/pexels-photo-3182755-e1579254114103.jpeg?fit=800%2C1200&ssl=1&resize=350%2C200 1x, https:\/\/i0.wp.com\/aculingua.ch\/wp-content\/uploads\/2019\/12\/pexels-photo-3182755-e1579254114103.jpeg?fit=800%2C1200&ssl=1&resize=525%2C300 1.5x, https:\/\/i0.wp.com\/aculingua.ch\/wp-content\/uploads\/2019\/12\/pexels-photo-3182755-e1579254114103.jpeg?fit=800%2C1200&ssl=1&resize=700%2C400 2x"},"classes":[]},{"id":528,"url":"https:\/\/aculingua.ch\/en\/german-course-lean-german\/about-us\/","url_meta":{"origin":784,"position":3},"title":"About us","author":"admin","date":"December 31, 2019","format":false,"excerpt":"AcuLingua ist abgeleitet von Acumen & Lingua. Das englische \"Acumen\" bedeutet \u00fcbersetzt \"Scharfsinn\" und wird in der Bedeutung wie folgt beschrieben: \"skill in making correct decisions and judgments in a particular subject, such as business\". Matt Nelsen 16 years of teaching English experience in in-company and language schools, teaching adults\u2026","rel":"","context":"Similar post","block_context":{"text":"Similar post","link":""},"img":{"alt_text":"","src":"https:\/\/i0.wp.com\/aculingua.ch\/wp-content\/uploads\/2019\/12\/pexels-photo-942419.jpeg?fit=1200%2C799&ssl=1&resize=350%2C200","width":350,"height":200,"srcset":"https:\/\/i0.wp.com\/aculingua.ch\/wp-content\/uploads\/2019\/12\/pexels-photo-942419.jpeg?fit=1200%2C799&ssl=1&resize=350%2C200 1x, https:\/\/i0.wp.com\/aculingua.ch\/wp-content\/uploads\/2019\/12\/pexels-photo-942419.jpeg?fit=1200%2C799&ssl=1&resize=525%2C300 1.5x, https:\/\/i0.wp.com\/aculingua.ch\/wp-content\/uploads\/2019\/12\/pexels-photo-942419.jpeg?fit=1200%2C799&ssl=1&resize=700%2C400 2x, https:\/\/i0.wp.com\/aculingua.ch\/wp-content\/uploads\/2019\/12\/pexels-photo-942419.jpeg?fit=1200%2C799&ssl=1&resize=1050%2C600 3x"},"classes":[]},{"id":123,"url":"https:\/\/aculingua.ch\/en\/","url_meta":{"origin":784,"position":4},"title":"German &#038; English Courses","author":"admin","date":"December 28, 2019","format":false,"excerpt":"Personalisierte Sprachkurse f\u00fcr Firmen oder Privat - Englisch & Deutsch","rel":"","context":"Similar post","block_context":{"text":"Similar post","link":""},"img":{"alt_text":"AcuLingua","src":"https:\/\/i0.wp.com\/aculingua.ch\/wp-content\/uploads\/2019\/12\/pexels-photo-3184324-e1579029818400.jpeg?fit=1200%2C800&ssl=1&resize=350%2C200","width":350,"height":200,"srcset":"https:\/\/i0.wp.com\/aculingua.ch\/wp-content\/uploads\/2019\/12\/pexels-photo-3184324-e1579029818400.jpeg?fit=1200%2C800&ssl=1&resize=350%2C200 1x, https:\/\/i0.wp.com\/aculingua.ch\/wp-content\/uploads\/2019\/12\/pexels-photo-3184324-e1579029818400.jpeg?fit=1200%2C800&ssl=1&resize=525%2C300 1.5x, https:\/\/i0.wp.com\/aculingua.ch\/wp-content\/uploads\/2019\/12\/pexels-photo-3184324-e1579029818400.jpeg?fit=1200%2C800&ssl=1&resize=700%2C400 2x, https:\/\/i0.wp.com\/aculingua.ch\/wp-content\/uploads\/2019\/12\/pexels-photo-3184324-e1579029818400.jpeg?fit=1200%2C800&ssl=1&resize=1050%2C600 3x"},"classes":[]},{"id":440,"url":"https:\/\/aculingua.ch\/en\/datenschutz\/","url_meta":{"origin":784,"position":5},"title":"Datenschutzerkl\u00e4rung","author":"admin","date":"October 17, 2019","format":false,"excerpt":"Datenschutzerkl\u00e4rung - Nelsen Services GmbH Diese Datenschutzerkl\u00e4rung informiert \u00fcber Art, Umfang und Zweck der Erhebung und Nutzung personenbezogener Daten durch den zust\u00e4ndigen Anbieter, Nelsen Services GmbH, 6430 Schwyz, Schweiz, E-Mail: info@nelsen.ch Nelsen Services GmbH betreibt die Webseite aculingua.ch\u00a0 (nachfolgend zusammenfassend \"Website\" genannt) und ist somit f\u00fcr die Erhebung, Verarbeitung und\u2026","rel":"","context":"Similar post","block_context":{"text":"Similar post","link":""},"img":{"alt_text":"","src":"https:\/\/i0.wp.com\/aculingua.ch\/wp-content\/uploads\/2019\/10\/banner.jpg?fit=1200%2C660&ssl=1&resize=350%2C200","width":350,"height":200,"srcset":"https:\/\/i0.wp.com\/aculingua.ch\/wp-content\/uploads\/2019\/10\/banner.jpg?fit=1200%2C660&ssl=1&resize=350%2C200 1x, https:\/\/i0.wp.com\/aculingua.ch\/wp-content\/uploads\/2019\/10\/banner.jpg?fit=1200%2C660&ssl=1&resize=525%2C300 1.5x, https:\/\/i0.wp.com\/aculingua.ch\/wp-content\/uploads\/2019\/10\/banner.jpg?fit=1200%2C660&ssl=1&resize=700%2C400 2x, https:\/\/i0.wp.com\/aculingua.ch\/wp-content\/uploads\/2019\/10\/banner.jpg?fit=1200%2C660&ssl=1&resize=1050%2C600 3x"},"classes":[]}],"jetpack_sharing_enabled":true,"_links":{"self":[{"href":"https:\/\/aculingua.ch\/en\/wp-json\/wp\/v2\/pages\/784","targetHints":{"allow":["GET"]}}],"collection":[{"href":"https:\/\/aculingua.ch\/en\/wp-json\/wp\/v2\/pages"}],"about":[{"href":"https:\/\/aculingua.ch\/en\/wp-json\/wp\/v2\/types\/page"}],"author":[{"embeddable":true,"href":"https:\/\/aculingua.ch\/en\/wp-json\/wp\/v2\/users\/1"}],"replies":[{"embeddable":true,"href":"https:\/\/aculingua.ch\/en\/wp-json\/wp\/v2\/comments?post=784"}],"version-history":[{"count":22,"href":"https:\/\/aculingua.ch\/en\/wp-json\/wp\/v2\/pages\/784\/revisions"}],"predecessor-version":[{"id":790,"href":"https:\/\/aculingua.ch\/en\/wp-json\/wp\/v2\/pages\/784\/revisions\/790"}],"wp:featuredmedia":[{"embeddable":true,"href":"https:\/\/aculingua.ch\/en\/wp-json\/wp\/v2\/media\/787"}],"wp:attachment":[{"href":"https:\/\/aculingua.ch\/en\/wp-json\/wp\/v2\/media?parent=784"}],"curies":[{"name":"wp","href":"https:\/\/api.w.org\/{rel}","templated":true}]}}