{"id":528,"date":"2019-12-31T12:48:05","date_gmt":"2019-12-31T12:48:05","guid":{"rendered":"https:\/\/aculingua.ch\/?page_id=528"},"modified":"2020-01-15T13:24:06","modified_gmt":"2020-01-15T13:24:06","slug":"about-us","status":"publish","type":"page","link":"https:\/\/aculingua.ch\/en\/german-course-lean-german\/about-us\/","title":{"rendered":"About us"},"content":{"rendered":"\n\t\t\t\t<img data-recalc-dims=\"1\" height=\"143\" width=\"300\" decoding=\"async\" src=\"https:\/\/i0.wp.com\/aculingua.ch\/wp-content\/uploads\/2019\/12\/medium-e1577722690791-300x143.png?resize=300%2C143&#038;ssl=1\" alt=\"medium\" itemprop=\"image\" title=\"medium\" onerror=\"this.style.display='none'\"  \/>\n\t<p>AcuLingua ist abgeleitet von Acumen &amp; Lingua. Das englische &#8220;Acumen&#8221; bedeutet \u00fcbersetzt &#8220;Scharfsinn&#8221; und wird in der Bedeutung wie folgt beschrieben: &#8220;skill in making correct decisions and judgments in a particular subject, such as business&#8221;.<\/p>\n\t\t\t\t<img data-recalc-dims=\"1\" fetchpriority=\"high\" decoding=\"async\" src=\"https:\/\/i0.wp.com\/aculingua.ch\/wp-content\/uploads\/2020\/01\/romeoimages_com045-scaled.jpg?resize=648%2C972&#038;ssl=1\" alt=\"romeoimages_com045\" itemprop=\"image\" height=\"972\" width=\"648\" title=\"romeoimages_com045\" onerror=\"this.style.display='none'\"  \/>\n\t<h5>Matt Nelsen<\/h5>\n<p>16 years of teaching English experience in in-company and language schools, teaching adults of all levels in private or small classes. Engagement and activation in an enjoyable learning setting has brought steady improvement to a multitude of students in business, special interest or private courses.<\/p>\n\t\t\t\t<img data-recalc-dims=\"1\" height=\"648\" width=\"648\" decoding=\"async\" src=\"https:\/\/i0.wp.com\/aculingua.ch\/wp-content\/uploads\/2020\/01\/romeoimages_com212.jpg?resize=648%2C648&#038;ssl=1\" alt=\"romeoimages_com212\" itemprop=\"image\" title=\"romeoimages_com212\" onerror=\"this.style.display='none'\"  \/>\n","protected":false},"excerpt":{"rendered":"<p>AcuLingua ist abgeleitet von Acumen &amp; Lingua. Das englische &#8220;Acumen&#8221; bedeutet \u00fcbersetzt &#8220;Scharfsinn&#8221; und wird in der Bedeutung wie folgt beschrieben: &#8220;skill in making correct decisions and judgments in a particular subject, such as business&#8221;. Matt Nelsen 16 years of teaching English experience in in-company and language schools, teaching adults of all levels in private &hellip; <a href=\"https:\/\/aculingua.ch\/en\/german-course-lean-german\/about-us\/\" class=\"more-link\">Continue reading <span class=\"screen-reader-text\">About us<\/span><\/a><\/p>\n","protected":false},"author":1,"featured_media":452,"parent":123,"menu_order":0,"comment_status":"closed","ping_status":"closed","template":"page-templates\/grid-page.php","meta":{"footnotes":""},"class_list":["post-528","page","type-page","status-publish","has-post-thumbnail","hentry"],"translation":{"provider":"WPGlobus","version":"3.0.0","language":"en","enabled_languages":["de","en"],"languages":{"de":{"title":true,"content":true,"excerpt":false},"en":{"title":false,"content":false,"excerpt":false}}},"yoast_head":"<!-- This site is optimized with the Yoast SEO plugin v25.8 - https:\/\/yoast.com\/wordpress\/plugins\/seo\/ -->\n<title>About us - Aculingua<\/title>\n<meta name=\"robots\" content=\"index, follow, max-snippet:-1, max-image-preview:large, max-video-preview:-1\" \/>\n<link rel=\"canonical\" href=\"https:\/\/aculingua.ch\/german-course-lean-german\/about-us\/\" \/>\n<meta property=\"og:locale\" content=\"en_US\" \/>\n<meta property=\"og:type\" content=\"article\" \/>\n<meta property=\"og:title\" content=\"About us - Aculingua\" \/>\n<meta property=\"og:url\" content=\"https:\/\/aculingua.ch\/german-course-lean-german\/about-us\/\" \/>\n<meta property=\"og:site_name\" content=\"Aculingua\" \/>\n<meta property=\"article:modified_time\" content=\"2020-01-15T13:24:06+00:00\" \/>\n<meta property=\"og:image\" content=\"https:\/\/aculingua.ch\/wp-content\/uploads\/2019\/12\/pexels-photo-942419.jpeg\" \/>\n\t<meta property=\"og:image:width\" content=\"1880\" \/>\n\t<meta property=\"og:image:height\" content=\"1251\" \/>\n\t<meta property=\"og:image:type\" content=\"image\/jpeg\" \/>\n<meta name=\"twitter:card\" content=\"summary_large_image\" \/>\n<script type=\"application\/ld+json\" class=\"yoast-schema-graph\">{\"@context\":\"https:\/\/schema.org\",\"@graph\":[{\"@type\":\"WebPage\",\"@id\":\"https:\/\/aculingua.ch\/german-course-lean-german\/about-us\/\",\"url\":\"https:\/\/aculingua.ch\/german-course-lean-german\/about-us\/\",\"name\":\"About us - Aculingua\",\"isPartOf\":{\"@id\":\"https:\/\/aculingua.ch\/#website\"},\"primaryImageOfPage\":{\"@id\":\"https:\/\/aculingua.ch\/german-course-lean-german\/about-us\/#primaryimage\"},\"image\":{\"@id\":\"https:\/\/aculingua.ch\/german-course-lean-german\/about-us\/#primaryimage\"},\"thumbnailUrl\":\"https:\/\/i0.wp.com\/aculingua.ch\/wp-content\/uploads\/2019\/12\/pexels-photo-942419.jpeg?fit=1880%2C1251&ssl=1\",\"datePublished\":\"2019-12-31T12:48:05+00:00\",\"dateModified\":\"2020-01-15T13:24:06+00:00\",\"description\":\"Englisch lernen in Schwyz, English lernen in Zug, Private Englisch Kurse, Firmen intern englisch lernen, german lessons on site, learn german in Schwyz, learn german in Zug, Business Englisch Zug, Englisch f\u00fcr Firmen, gute Englischlehrer, mein englisch verbessern, conversation classes german, CAE, FCE, Advanced, Schwyz, Zug, Rotkreuz, englisch in Schwyz, Matt Nelsen, Englisch lernen Matt Nelson, Matt Nelson\",\"breadcrumb\":{\"@id\":\"https:\/\/aculingua.ch\/german-course-lean-german\/about-us\/#breadcrumb\"},\"inLanguage\":\"en-US\",\"potentialAction\":[{\"@type\":\"ReadAction\",\"target\":[\"https:\/\/aculingua.ch\/german-course-lean-german\/about-us\/\"]}]},{\"@type\":\"ImageObject\",\"inLanguage\":\"en-US\",\"@id\":\"https:\/\/aculingua.ch\/german-course-lean-german\/about-us\/#primaryimage\",\"url\":\"https:\/\/i0.wp.com\/aculingua.ch\/wp-content\/uploads\/2019\/12\/pexels-photo-942419.jpeg?fit=1880%2C1251&ssl=1\",\"contentUrl\":\"https:\/\/i0.wp.com\/aculingua.ch\/wp-content\/uploads\/2019\/12\/pexels-photo-942419.jpeg?fit=1880%2C1251&ssl=1\",\"width\":1880,\"height\":1251,\"caption\":\"Photo by Daria Shevtsova on Pexels.com\"},{\"@type\":\"BreadcrumbList\",\"@id\":\"https:\/\/aculingua.ch\/german-course-lean-german\/about-us\/#breadcrumb\",\"itemListElement\":[{\"@type\":\"ListItem\",\"position\":1,\"name\":\"Startseite\",\"item\":\"https:\/\/aculingua.ch\/\"},{\"@type\":\"ListItem\",\"position\":2,\"name\":\"Englisch- und Deutschkurse\",\"item\":\"https:\/\/aculingua.ch\/\"},{\"@type\":\"ListItem\",\"position\":3,\"name\":\"About us\"}]},{\"@type\":\"WebSite\",\"@id\":\"https:\/\/aculingua.ch\/#website\",\"url\":\"https:\/\/aculingua.ch\/\",\"name\":\"AcuLingua-englisch lernen-rotkreuz\",\"description\":\"Language that matters\",\"publisher\":{\"@id\":\"https:\/\/aculingua.ch\/#organization\"},\"potentialAction\":[{\"@type\":\"SearchAction\",\"target\":{\"@type\":\"EntryPoint\",\"urlTemplate\":\"https:\/\/aculingua.ch\/?s={search_term_string}\"},\"query-input\":{\"@type\":\"PropertyValueSpecification\",\"valueRequired\":true,\"valueName\":\"search_term_string\"}}],\"inLanguage\":\"en-US\"},{\"@type\":\"Organization\",\"@id\":\"https:\/\/aculingua.ch\/#organization\",\"name\":\"AcuLingua\",\"url\":\"https:\/\/aculingua.ch\/\",\"logo\":{\"@type\":\"ImageObject\",\"inLanguage\":\"en-US\",\"@id\":\"https:\/\/aculingua.ch\/#\/schema\/logo\/image\/\",\"url\":\"https:\/\/i2.wp.com\/aculingua.ch\/wp-content\/uploads\/2019\/12\/mediumsmall-e1577784004188.png?fit=500%2C222&ssl=1\",\"contentUrl\":\"https:\/\/i2.wp.com\/aculingua.ch\/wp-content\/uploads\/2019\/12\/mediumsmall-e1577784004188.png?fit=500%2C222&ssl=1\",\"width\":500,\"height\":222,\"caption\":\"AcuLingua\"},\"image\":{\"@id\":\"https:\/\/aculingua.ch\/#\/schema\/logo\/image\/\"},\"sameAs\":[\"https:\/\/ch.linkedin.com\/company\/aculingua?trk=public_profile_topcard_current_company\"]}]}<\/script>\n<!-- \/ Yoast SEO plugin. -->","yoast_head_json":{"title":"About us - Aculingua","robots":{"index":"index","follow":"follow","max-snippet":"max-snippet:-1","max-image-preview":"max-image-preview:large","max-video-preview":"max-video-preview:-1"},"canonical":"https:\/\/aculingua.ch\/german-course-lean-german\/about-us\/","og_locale":"en_US","og_type":"article","og_title":"About us - Aculingua","og_url":"https:\/\/aculingua.ch\/german-course-lean-german\/about-us\/","og_site_name":"Aculingua","article_modified_time":"2020-01-15T13:24:06+00:00","og_image":[{"width":1880,"height":1251,"url":"https:\/\/aculingua.ch\/wp-content\/uploads\/2019\/12\/pexels-photo-942419.jpeg","type":"image\/jpeg"}],"twitter_card":"summary_large_image","schema":{"@context":"https:\/\/schema.org","@graph":[{"@type":"WebPage","@id":"https:\/\/aculingua.ch\/german-course-lean-german\/about-us\/","url":"https:\/\/aculingua.ch\/german-course-lean-german\/about-us\/","name":"About us - Aculingua","isPartOf":{"@id":"https:\/\/aculingua.ch\/#website"},"primaryImageOfPage":{"@id":"https:\/\/aculingua.ch\/german-course-lean-german\/about-us\/#primaryimage"},"image":{"@id":"https:\/\/aculingua.ch\/german-course-lean-german\/about-us\/#primaryimage"},"thumbnailUrl":"https:\/\/i0.wp.com\/aculingua.ch\/wp-content\/uploads\/2019\/12\/pexels-photo-942419.jpeg?fit=1880%2C1251&ssl=1","datePublished":"2019-12-31T12:48:05+00:00","dateModified":"2020-01-15T13:24:06+00:00","description":"Englisch lernen in Schwyz, English lernen in Zug, Private Englisch Kurse, Firmen intern englisch lernen, german lessons on site, learn german in Schwyz, learn german in Zug, Business Englisch Zug, Englisch f\u00fcr Firmen, gute Englischlehrer, mein englisch verbessern, conversation classes german, CAE, FCE, Advanced, Schwyz, Zug, Rotkreuz, englisch in Schwyz, Matt Nelsen, Englisch lernen Matt Nelson, Matt Nelson","breadcrumb":{"@id":"https:\/\/aculingua.ch\/german-course-lean-german\/about-us\/#breadcrumb"},"inLanguage":"en-US","potentialAction":[{"@type":"ReadAction","target":["https:\/\/aculingua.ch\/german-course-lean-german\/about-us\/"]}]},{"@type":"ImageObject","inLanguage":"en-US","@id":"https:\/\/aculingua.ch\/german-course-lean-german\/about-us\/#primaryimage","url":"https:\/\/i0.wp.com\/aculingua.ch\/wp-content\/uploads\/2019\/12\/pexels-photo-942419.jpeg?fit=1880%2C1251&ssl=1","contentUrl":"https:\/\/i0.wp.com\/aculingua.ch\/wp-content\/uploads\/2019\/12\/pexels-photo-942419.jpeg?fit=1880%2C1251&ssl=1","width":1880,"height":1251,"caption":"Photo by Daria Shevtsova on Pexels.com"},{"@type":"BreadcrumbList","@id":"https:\/\/aculingua.ch\/german-course-lean-german\/about-us\/#breadcrumb","itemListElement":[{"@type":"ListItem","position":1,"name":"Startseite","item":"https:\/\/aculingua.ch\/"},{"@type":"ListItem","position":2,"name":"Englisch- und Deutschkurse","item":"https:\/\/aculingua.ch\/"},{"@type":"ListItem","position":3,"name":"About us"}]},{"@type":"WebSite","@id":"https:\/\/aculingua.ch\/#website","url":"https:\/\/aculingua.ch\/","name":"AcuLingua-englisch lernen-rotkreuz","description":"Language that matters","publisher":{"@id":"https:\/\/aculingua.ch\/#organization"},"potentialAction":[{"@type":"SearchAction","target":{"@type":"EntryPoint","urlTemplate":"https:\/\/aculingua.ch\/?s={search_term_string}"},"query-input":{"@type":"PropertyValueSpecification","valueRequired":true,"valueName":"search_term_string"}}],"inLanguage":"en-US"},{"@type":"Organization","@id":"https:\/\/aculingua.ch\/#organization","name":"AcuLingua","url":"https:\/\/aculingua.ch\/","logo":{"@type":"ImageObject","inLanguage":"en-US","@id":"https:\/\/aculingua.ch\/#\/schema\/logo\/image\/","url":"https:\/\/i2.wp.com\/aculingua.ch\/wp-content\/uploads\/2019\/12\/mediumsmall-e1577784004188.png?fit=500%2C222&ssl=1","contentUrl":"https:\/\/i2.wp.com\/aculingua.ch\/wp-content\/uploads\/2019\/12\/mediumsmall-e1577784004188.png?fit=500%2C222&ssl=1","width":500,"height":222,"caption":"AcuLingua"},"image":{"@id":"https:\/\/aculingua.ch\/#\/schema\/logo\/image\/"},"sameAs":["https:\/\/ch.linkedin.com\/company\/aculingua?trk=public_profile_topcard_current_company"]}]}},"jetpack-related-posts":[{"id":153,"url":"https:\/\/aculingua.ch\/en\/firmen-html\/","url_meta":{"origin":528,"position":0},"title":"In Company Courses","author":"admin","date":"December 29, 2019","format":false,"excerpt":"{:de}Mit AcuLingua k\u00f6nnen Firmen intern Englisch- oder Deutschkurse ihren Mitarbeitenden anbieten. AcuLingua stellt die Kurse gem\u00e4ss den Bed\u00fcrfnissen der Firma und den Mitarbeitenden zusammen. Qualifizierte Sprachlehrer f\u00fchren die Kurse firmenintern durch.{:}{:en}AcuLingua will tailor-make a language course to meet your business\u2019 and individual staff\u2019s needs. We come to you - Our\u2026","rel":"","context":"Similar post","block_context":{"text":"Similar post","link":""},"img":{"alt_text":"","src":"https:\/\/i0.wp.com\/aculingua.ch\/wp-content\/uploads\/2019\/12\/pexels-photo-3182755-e1579254114103.jpeg?fit=800%2C1200&ssl=1&resize=350%2C200","width":350,"height":200,"srcset":"https:\/\/i0.wp.com\/aculingua.ch\/wp-content\/uploads\/2019\/12\/pexels-photo-3182755-e1579254114103.jpeg?fit=800%2C1200&ssl=1&resize=350%2C200 1x, https:\/\/i0.wp.com\/aculingua.ch\/wp-content\/uploads\/2019\/12\/pexels-photo-3182755-e1579254114103.jpeg?fit=800%2C1200&ssl=1&resize=525%2C300 1.5x, https:\/\/i0.wp.com\/aculingua.ch\/wp-content\/uploads\/2019\/12\/pexels-photo-3182755-e1579254114103.jpeg?fit=800%2C1200&ssl=1&resize=700%2C400 2x"},"classes":[]},{"id":158,"url":"https:\/\/aculingua.ch\/en\/online-englischkurs\/","url_meta":{"origin":528,"position":1},"title":"Online virtual courses","author":"admin","date":"December 29, 2019","format":false,"excerpt":"{:en}With some adaptation, our specific purpose and departmental courses can be provided online.{:}","rel":"","context":"Similar post","block_context":{"text":"Similar post","link":""},"img":{"alt_text":"","src":"https:\/\/i0.wp.com\/aculingua.ch\/wp-content\/uploads\/2019\/12\/pexels-photo-2265488.jpeg?fit=1200%2C800&ssl=1&resize=350%2C200","width":350,"height":200,"srcset":"https:\/\/i0.wp.com\/aculingua.ch\/wp-content\/uploads\/2019\/12\/pexels-photo-2265488.jpeg?fit=1200%2C800&ssl=1&resize=350%2C200 1x, https:\/\/i0.wp.com\/aculingua.ch\/wp-content\/uploads\/2019\/12\/pexels-photo-2265488.jpeg?fit=1200%2C800&ssl=1&resize=525%2C300 1.5x, https:\/\/i0.wp.com\/aculingua.ch\/wp-content\/uploads\/2019\/12\/pexels-photo-2265488.jpeg?fit=1200%2C800&ssl=1&resize=700%2C400 2x, https:\/\/i0.wp.com\/aculingua.ch\/wp-content\/uploads\/2019\/12\/pexels-photo-2265488.jpeg?fit=1200%2C800&ssl=1&resize=1050%2C600 3x"},"classes":[]},{"id":784,"url":"https:\/\/aculingua.ch\/en\/swiss-residency-permit-preparation\/","url_meta":{"origin":528,"position":2},"title":"Swiss residency exam preparation course","author":"admin","date":"May 16, 2020","format":false,"excerpt":"{:de}AcuLingua provides Swiss residency exam preparation course. Swiss residency regulations brought in at the beginning of 2019, require expats to \"show an amount of integration\" mainly by proving some\u00a0 competence in one of the swiss languages. In German in the form of a Goethe exam. It affects expats making B\u2026","rel":"","context":"Similar post","block_context":{"text":"Similar post","link":""},"img":{"alt_text":"","src":"https:\/\/i0.wp.com\/aculingua.ch\/wp-content\/uploads\/2020\/05\/IMG-20190824-WA0012.jpg?fit=1200%2C675&ssl=1&resize=350%2C200","width":350,"height":200,"srcset":"https:\/\/i0.wp.com\/aculingua.ch\/wp-content\/uploads\/2020\/05\/IMG-20190824-WA0012.jpg?fit=1200%2C675&ssl=1&resize=350%2C200 1x, https:\/\/i0.wp.com\/aculingua.ch\/wp-content\/uploads\/2020\/05\/IMG-20190824-WA0012.jpg?fit=1200%2C675&ssl=1&resize=525%2C300 1.5x, https:\/\/i0.wp.com\/aculingua.ch\/wp-content\/uploads\/2020\/05\/IMG-20190824-WA0012.jpg?fit=1200%2C675&ssl=1&resize=700%2C400 2x, https:\/\/i0.wp.com\/aculingua.ch\/wp-content\/uploads\/2020\/05\/IMG-20190824-WA0012.jpg?fit=1200%2C675&ssl=1&resize=1050%2C600 3x"},"classes":[]},{"id":743,"url":"https:\/\/aculingua.ch\/en\/roche\/","url_meta":{"origin":528,"position":3},"title":"Language Training Services","author":"admin","date":"May 12, 2020","format":false,"excerpt":"{:de}Nach 20 Jahren zuverl\u00e4ssiger Sprachkurse bei Roche Diagnostics in Rotkreuz, entwickelt sich das LTS-Team bei RDI weiter, indem es weiterhin Englisch - und Deutschkurse f\u00fcr Roche-Mitarbeiter vor Ort anbietet. Englisch Lernen (in 75 oder 100 Minuten-Klassen) General English: A1, A2, B1, B2, C1 Business English: B2, C1 Konversation: B2, C1\u2026","rel":"","context":"Similar post","block_context":{"text":"Similar post","link":""},"img":{"alt_text":"","src":"https:\/\/i0.wp.com\/aculingua.ch\/wp-content\/uploads\/2020\/05\/German_Flag.png?resize=350%2C200&ssl=1","width":350,"height":200,"srcset":"https:\/\/i0.wp.com\/aculingua.ch\/wp-content\/uploads\/2020\/05\/German_Flag.png?resize=350%2C200&ssl=1 1x, https:\/\/i0.wp.com\/aculingua.ch\/wp-content\/uploads\/2020\/05\/German_Flag.png?resize=525%2C300&ssl=1 1.5x, https:\/\/i0.wp.com\/aculingua.ch\/wp-content\/uploads\/2020\/05\/German_Flag.png?resize=700%2C400&ssl=1 2x, https:\/\/i0.wp.com\/aculingua.ch\/wp-content\/uploads\/2020\/05\/German_Flag.png?resize=1050%2C600&ssl=1 3x"},"classes":[]},{"id":543,"url":"https:\/\/aculingua.ch\/en\/acumen\/","url_meta":{"origin":528,"position":4},"title":"Acumen","author":"admin","date":"January 14, 2020","format":false,"excerpt":"AcuLingua ist abgeleitet von Acumen & Lingua. Das englische \"Acumen\" bedeutet \u00fcbersetzt \"Scharfsinn\" und wird in der Bedeutung wie folgt beschrieben: \"skill in making correct decisions and judgments in a particular subject, such as business\".","rel":"","context":"Similar post","block_context":{"text":"Similar post","link":""},"img":{"alt_text":"","src":"","width":0,"height":0},"classes":[]},{"id":123,"url":"https:\/\/aculingua.ch\/en\/","url_meta":{"origin":528,"position":5},"title":"German &#038; English Courses","author":"admin","date":"December 28, 2019","format":false,"excerpt":"Personalisierte Sprachkurse f\u00fcr Firmen oder Privat - Englisch & Deutsch","rel":"","context":"Similar post","block_context":{"text":"Similar post","link":""},"img":{"alt_text":"AcuLingua","src":"https:\/\/i0.wp.com\/aculingua.ch\/wp-content\/uploads\/2019\/12\/pexels-photo-3184324-e1579029818400.jpeg?fit=1200%2C800&ssl=1&resize=350%2C200","width":350,"height":200,"srcset":"https:\/\/i0.wp.com\/aculingua.ch\/wp-content\/uploads\/2019\/12\/pexels-photo-3184324-e1579029818400.jpeg?fit=1200%2C800&ssl=1&resize=350%2C200 1x, https:\/\/i0.wp.com\/aculingua.ch\/wp-content\/uploads\/2019\/12\/pexels-photo-3184324-e1579029818400.jpeg?fit=1200%2C800&ssl=1&resize=525%2C300 1.5x, https:\/\/i0.wp.com\/aculingua.ch\/wp-content\/uploads\/2019\/12\/pexels-photo-3184324-e1579029818400.jpeg?fit=1200%2C800&ssl=1&resize=700%2C400 2x, https:\/\/i0.wp.com\/aculingua.ch\/wp-content\/uploads\/2019\/12\/pexels-photo-3184324-e1579029818400.jpeg?fit=1200%2C800&ssl=1&resize=1050%2C600 3x"},"classes":[]}],"jetpack_sharing_enabled":true,"_links":{"self":[{"href":"https:\/\/aculingua.ch\/en\/wp-json\/wp\/v2\/pages\/528","targetHints":{"allow":["GET"]}}],"collection":[{"href":"https:\/\/aculingua.ch\/en\/wp-json\/wp\/v2\/pages"}],"about":[{"href":"https:\/\/aculingua.ch\/en\/wp-json\/wp\/v2\/types\/page"}],"author":[{"embeddable":true,"href":"https:\/\/aculingua.ch\/en\/wp-json\/wp\/v2\/users\/1"}],"replies":[{"embeddable":true,"href":"https:\/\/aculingua.ch\/en\/wp-json\/wp\/v2\/comments?post=528"}],"version-history":[{"count":6,"href":"https:\/\/aculingua.ch\/en\/wp-json\/wp\/v2\/pages\/528\/revisions"}],"predecessor-version":[{"id":616,"href":"https:\/\/aculingua.ch\/en\/wp-json\/wp\/v2\/pages\/528\/revisions\/616"}],"up":[{"embeddable":true,"href":"https:\/\/aculingua.ch\/en\/wp-json\/wp\/v2\/pages\/123"}],"wp:featuredmedia":[{"embeddable":true,"href":"https:\/\/aculingua.ch\/en\/wp-json\/wp\/v2\/media\/452"}],"wp:attachment":[{"href":"https:\/\/aculingua.ch\/en\/wp-json\/wp\/v2\/media?parent=528"}],"curies":[{"name":"wp","href":"https:\/\/api.w.org\/{rel}","templated":true}]}}