{"id":518,"date":"2019-12-31T12:14:39","date_gmt":"2019-12-31T12:14:39","guid":{"rendered":"https:\/\/aculingua.ch\/?page_id=518"},"modified":"2022-01-15T16:09:46","modified_gmt":"2022-01-15T16:09:46","slug":"contact","status":"publish","type":"page","link":"https:\/\/aculingua.ch\/en\/german-course-lean-german\/contact\/","title":{"rendered":"Contact us"},"content":{"rendered":"<div class=\"everest-forms\"><div class=\"evf-container default\" id=\"evf-334\"><form id=\"evf-form-334\" class=\"everest-form\" data-formid=\"334\" data-ajax_submission=\"0\" data-keyboard_friendly_form=\"0\" data-form_state_type=\"\" method=\"post\" enctype=\"multipart\/form-data\" action=\"\/en\/wp-json\/wp\/v2\/pages\/518\"><div class=\"evf-field-container\"><input type=\"hidden\" id=\"_wpnonce334\" name=\"_wpnonce334\" value=\"1aebd87a14\" \/><input type=\"hidden\" name=\"_wp_http_referer\" value=\"\/en\/wp-json\/wp\/v2\/pages\/518\" \/><div class=\"evf-frontend-row\" data-row=\"row_1\" conditional_rules=\"[]\"><div class=\"evf-frontend-grid evf-grid-1\" data-grid=\"grid_1\"><div id=\"evf-334-field_fullname-container\" class=\"evf-field evf-field-text form-row validate-required\" data-required-field-message=\"This field is required.\" data-field-id=\"fullname\"><label class=\"evf-field-label\" for=\"evf-334-field_fullname\"><span class=\"evf-label\">Name<\/span> <abbr class=\"required\" title=\"Required\">*<\/abbr><\/label><input type=\"text\" id=\"evf-334-field_fullname\" class=\"input-text\" name=\"everest_forms[form_fields][fullname]\" required><\/div><div id=\"evf-334-field_email-container\" class=\"evf-field evf-field-email form-row validate-required validate-email\" data-required-field-message=\"Please enter a valid email address.\" data-field-id=\"email\"><label class=\"evf-field-label\" for=\"evf-334-field_email\"><span class=\"evf-label\">Email<\/span> <abbr class=\"required\" title=\"Required\">*<\/abbr><\/label><div class=\"everest-forms-field-row everest-forms-field\"><div class=\"everest-forms-field-row-block everest-forms-one-half everest-forms-first\"><input type=\"email\" id=\"evf-334-field_email\" class=\"input-text everest-forms-field-email-primary\" name=\"everest_forms[form_fields][email][primary]\" required><label for=\"evf-334-field_email\" class=\"everest-forms-field-sublabel after \">Email<\/label><\/div><div class=\"everest-forms-field-row-block everest-forms-one-half\"><input type=\"email\" id=\"evf-334-field_email-secondary\" class=\"input-text everest-forms-field-email-secondary evf-field-required\" data-rule-confirm=\"#evf-334-field_email\" name=\"everest_forms[form_fields][email][secondary]\" required><label for=\"evf-334-field_email-secondary\" class=\"everest-forms-field-sublabel after \">Confirm Email<\/label><\/div><\/div><\/div><div id=\"evf-334-field_subject-container\" class=\"evf-field evf-field-text form-row validate-required\" data-required-field-message=\"This field is required.\" data-field-id=\"subject\"><label class=\"evf-field-label\" for=\"evf-334-field_subject\"><span class=\"evf-label\">Subject<\/span> <abbr class=\"required\" title=\"Required\">*<\/abbr><\/label><input type=\"text\" id=\"evf-334-field_subject\" class=\"input-text\" name=\"everest_forms[form_fields][subject]\" required><\/div><div id=\"evf-334-field_message-container\" class=\"evf-field evf-field-textarea form-row\" data-field-id=\"message\"><label class=\"evf-field-label\" for=\"evf-334-field_message\"><span class=\"evf-label\">Message<\/span> <\/label><textarea id=\"evf-334-field_message\" class=\"input-text\" name=\"everest_forms[form_fields][message]\"  ><\/textarea><\/div><\/div><\/div><\/div><div class=\"evf-honeypot-container evf-field-hp\"><label for=\"evf-334-field-hp\" class=\"evf-field-label\">Message<\/label><input type=\"text\" name=\"everest_forms[hp]\" id=\"evf-334-field-hp\" class=\"input-text\"><\/div><div class=\"evf-recaptcha-container recaptcha-hidden\" style=\"display:block\"><div class=\"g-recaptcha\" data-sitekey=\"6LdIK_gUAAAAADcwIOzNNsZ_3ZhSZbMRR2pNUFLW\" data-size=\"invisible\"><\/div><\/div><div class=\"evf-submit-container \" ><input type=\"hidden\" name=\"everest_forms[id]\" value=\"334\"><input type=\"hidden\" name=\"everest_forms[author]\" value=\"1\"><button type='submit' name='everest_forms[submit]' class='everest-forms-submit-button button evf-submit ' id='evf-submit-334' value='evf-submit' data-process-text=\"Processing\u2026\" conditional_rules='&quot;&quot;' conditional_id='evf-submit-334'  id=\"evf-submit-334\" aria-live=\"assertive\">Submit<\/button><\/div><\/form><\/div><!-- .evf-container --><\/div>\n","protected":false},"excerpt":{"rendered":"","protected":false},"author":1,"featured_media":0,"parent":123,"menu_order":0,"comment_status":"closed","ping_status":"closed","template":"","meta":{"footnotes":""},"class_list":["post-518","page","type-page","status-publish","hentry"],"translation":{"provider":"WPGlobus","version":"3.0.0","language":"en","enabled_languages":["de","en"],"languages":{"de":{"title":true,"content":true,"excerpt":false},"en":{"title":true,"content":true,"excerpt":false}}},"yoast_head":"<!-- This site is optimized with the Yoast SEO plugin v25.8 - https:\/\/yoast.com\/wordpress\/plugins\/seo\/ -->\n<title>Contact us - Aculingua<\/title>\n<meta name=\"robots\" content=\"index, follow, max-snippet:-1, max-image-preview:large, max-video-preview:-1\" \/>\n<link rel=\"canonical\" href=\"https:\/\/aculingua.ch\/german-course-lean-german\/contact\/\" \/>\n<meta property=\"og:locale\" content=\"en_US\" \/>\n<meta property=\"og:type\" content=\"article\" \/>\n<meta property=\"og:title\" content=\"Contact us - Aculingua\" \/>\n<meta property=\"og:url\" content=\"https:\/\/aculingua.ch\/german-course-lean-german\/contact\/\" \/>\n<meta property=\"og:site_name\" content=\"Aculingua\" \/>\n<meta property=\"article:modified_time\" content=\"2022-01-15T16:09:46+00:00\" \/>\n<meta name=\"twitter:card\" content=\"summary_large_image\" \/>\n<script type=\"application\/ld+json\" class=\"yoast-schema-graph\">{\"@context\":\"https:\/\/schema.org\",\"@graph\":[{\"@type\":\"WebPage\",\"@id\":\"https:\/\/aculingua.ch\/german-course-lean-german\/contact\/\",\"url\":\"https:\/\/aculingua.ch\/german-course-lean-german\/contact\/\",\"name\":\"Contact us - Aculingua\",\"isPartOf\":{\"@id\":\"https:\/\/aculingua.ch\/#website\"},\"datePublished\":\"2019-12-31T12:14:39+00:00\",\"dateModified\":\"2022-01-15T16:09:46+00:00\",\"description\":\"Englisch lernen in Schwyz, English lernen in Zug, Private Englisch Kurse, Firmen intern englisch lernen, german lessons on site, learn german in Schwyz, learn german in Zug, Business Englisch Zug, Englisch f\u00fcr Firmen, gute Englischlehrer, mein englisch verbessern, conversation classes german, CAE, FCE, Advanced, Schwyz, Zug, Rotkreuz, englisch in Schwyz, Matt Nelsen, Englisch lernen Matt Nelson, Matt Nelson\",\"breadcrumb\":{\"@id\":\"https:\/\/aculingua.ch\/german-course-lean-german\/contact\/#breadcrumb\"},\"inLanguage\":\"en-US\",\"potentialAction\":[{\"@type\":\"ReadAction\",\"target\":[\"https:\/\/aculingua.ch\/german-course-lean-german\/contact\/\"]}]},{\"@type\":\"BreadcrumbList\",\"@id\":\"https:\/\/aculingua.ch\/german-course-lean-german\/contact\/#breadcrumb\",\"itemListElement\":[{\"@type\":\"ListItem\",\"position\":1,\"name\":\"Startseite\",\"item\":\"https:\/\/aculingua.ch\/\"},{\"@type\":\"ListItem\",\"position\":2,\"name\":\"Englisch- und Deutschkurse\",\"item\":\"https:\/\/aculingua.ch\/\"},{\"@type\":\"ListItem\",\"position\":3,\"name\":\"Ihre Mitteilung an uns\"}]},{\"@type\":\"WebSite\",\"@id\":\"https:\/\/aculingua.ch\/#website\",\"url\":\"https:\/\/aculingua.ch\/\",\"name\":\"AcuLingua-englisch lernen-rotkreuz\",\"description\":\"Language that matters\",\"publisher\":{\"@id\":\"https:\/\/aculingua.ch\/#organization\"},\"potentialAction\":[{\"@type\":\"SearchAction\",\"target\":{\"@type\":\"EntryPoint\",\"urlTemplate\":\"https:\/\/aculingua.ch\/?s={search_term_string}\"},\"query-input\":{\"@type\":\"PropertyValueSpecification\",\"valueRequired\":true,\"valueName\":\"search_term_string\"}}],\"inLanguage\":\"en-US\"},{\"@type\":\"Organization\",\"@id\":\"https:\/\/aculingua.ch\/#organization\",\"name\":\"AcuLingua\",\"url\":\"https:\/\/aculingua.ch\/\",\"logo\":{\"@type\":\"ImageObject\",\"inLanguage\":\"en-US\",\"@id\":\"https:\/\/aculingua.ch\/#\/schema\/logo\/image\/\",\"url\":\"https:\/\/i2.wp.com\/aculingua.ch\/wp-content\/uploads\/2019\/12\/mediumsmall-e1577784004188.png?fit=500%2C222&ssl=1\",\"contentUrl\":\"https:\/\/i2.wp.com\/aculingua.ch\/wp-content\/uploads\/2019\/12\/mediumsmall-e1577784004188.png?fit=500%2C222&ssl=1\",\"width\":500,\"height\":222,\"caption\":\"AcuLingua\"},\"image\":{\"@id\":\"https:\/\/aculingua.ch\/#\/schema\/logo\/image\/\"},\"sameAs\":[\"https:\/\/ch.linkedin.com\/company\/aculingua?trk=public_profile_topcard_current_company\"]}]}<\/script>\n<!-- \/ Yoast SEO plugin. -->","yoast_head_json":{"title":"Contact us - Aculingua","robots":{"index":"index","follow":"follow","max-snippet":"max-snippet:-1","max-image-preview":"max-image-preview:large","max-video-preview":"max-video-preview:-1"},"canonical":"https:\/\/aculingua.ch\/german-course-lean-german\/contact\/","og_locale":"en_US","og_type":"article","og_title":"Contact us - Aculingua","og_url":"https:\/\/aculingua.ch\/german-course-lean-german\/contact\/","og_site_name":"Aculingua","article_modified_time":"2022-01-15T16:09:46+00:00","twitter_card":"summary_large_image","schema":{"@context":"https:\/\/schema.org","@graph":[{"@type":"WebPage","@id":"https:\/\/aculingua.ch\/german-course-lean-german\/contact\/","url":"https:\/\/aculingua.ch\/german-course-lean-german\/contact\/","name":"Contact us - Aculingua","isPartOf":{"@id":"https:\/\/aculingua.ch\/#website"},"datePublished":"2019-12-31T12:14:39+00:00","dateModified":"2022-01-15T16:09:46+00:00","description":"Englisch lernen in Schwyz, English lernen in Zug, Private Englisch Kurse, Firmen intern englisch lernen, german lessons on site, learn german in Schwyz, learn german in Zug, Business Englisch Zug, Englisch f\u00fcr Firmen, gute Englischlehrer, mein englisch verbessern, conversation classes german, CAE, FCE, Advanced, Schwyz, Zug, Rotkreuz, englisch in Schwyz, Matt Nelsen, Englisch lernen Matt Nelson, Matt Nelson","breadcrumb":{"@id":"https:\/\/aculingua.ch\/german-course-lean-german\/contact\/#breadcrumb"},"inLanguage":"en-US","potentialAction":[{"@type":"ReadAction","target":["https:\/\/aculingua.ch\/german-course-lean-german\/contact\/"]}]},{"@type":"BreadcrumbList","@id":"https:\/\/aculingua.ch\/german-course-lean-german\/contact\/#breadcrumb","itemListElement":[{"@type":"ListItem","position":1,"name":"Startseite","item":"https:\/\/aculingua.ch\/"},{"@type":"ListItem","position":2,"name":"Englisch- und Deutschkurse","item":"https:\/\/aculingua.ch\/"},{"@type":"ListItem","position":3,"name":"Ihre Mitteilung an uns"}]},{"@type":"WebSite","@id":"https:\/\/aculingua.ch\/#website","url":"https:\/\/aculingua.ch\/","name":"AcuLingua-englisch lernen-rotkreuz","description":"Language that matters","publisher":{"@id":"https:\/\/aculingua.ch\/#organization"},"potentialAction":[{"@type":"SearchAction","target":{"@type":"EntryPoint","urlTemplate":"https:\/\/aculingua.ch\/?s={search_term_string}"},"query-input":{"@type":"PropertyValueSpecification","valueRequired":true,"valueName":"search_term_string"}}],"inLanguage":"en-US"},{"@type":"Organization","@id":"https:\/\/aculingua.ch\/#organization","name":"AcuLingua","url":"https:\/\/aculingua.ch\/","logo":{"@type":"ImageObject","inLanguage":"en-US","@id":"https:\/\/aculingua.ch\/#\/schema\/logo\/image\/","url":"https:\/\/i2.wp.com\/aculingua.ch\/wp-content\/uploads\/2019\/12\/mediumsmall-e1577784004188.png?fit=500%2C222&ssl=1","contentUrl":"https:\/\/i2.wp.com\/aculingua.ch\/wp-content\/uploads\/2019\/12\/mediumsmall-e1577784004188.png?fit=500%2C222&ssl=1","width":500,"height":222,"caption":"AcuLingua"},"image":{"@id":"https:\/\/aculingua.ch\/#\/schema\/logo\/image\/"},"sameAs":["https:\/\/ch.linkedin.com\/company\/aculingua?trk=public_profile_topcard_current_company"]}]}},"jetpack-related-posts":[{"id":743,"url":"https:\/\/aculingua.ch\/en\/roche\/","url_meta":{"origin":518,"position":0},"title":"Language Training Services","author":"admin","date":"May 12, 2020","format":false,"excerpt":"{:de}Nach 20 Jahren zuverl\u00e4ssiger Sprachkurse bei Roche Diagnostics in Rotkreuz, entwickelt sich das LTS-Team bei RDI weiter, indem es weiterhin Englisch - und Deutschkurse f\u00fcr Roche-Mitarbeiter vor Ort anbietet. Englisch Lernen (in 75 oder 100 Minuten-Klassen) General English: A1, A2, B1, B2, C1 Business English: B2, C1 Konversation: B2, C1\u2026","rel":"","context":"Similar post","block_context":{"text":"Similar post","link":""},"img":{"alt_text":"","src":"https:\/\/i0.wp.com\/aculingua.ch\/wp-content\/uploads\/2020\/05\/German_Flag.png?resize=350%2C200&ssl=1","width":350,"height":200,"srcset":"https:\/\/i0.wp.com\/aculingua.ch\/wp-content\/uploads\/2020\/05\/German_Flag.png?resize=350%2C200&ssl=1 1x, https:\/\/i0.wp.com\/aculingua.ch\/wp-content\/uploads\/2020\/05\/German_Flag.png?resize=525%2C300&ssl=1 1.5x, https:\/\/i0.wp.com\/aculingua.ch\/wp-content\/uploads\/2020\/05\/German_Flag.png?resize=700%2C400&ssl=1 2x, https:\/\/i0.wp.com\/aculingua.ch\/wp-content\/uploads\/2020\/05\/German_Flag.png?resize=1050%2C600&ssl=1 3x"},"classes":[]},{"id":955,"url":"https:\/\/aculingua.ch\/en\/schwyz\/","url_meta":{"origin":518,"position":1},"title":"AcuLingua Sprach-Caf\u00e9 in Schwyz","author":"admin","date":"September 5, 2020","format":false,"excerpt":"AcuLingua Sprach-Caf\u00e9 Frischen Sie im AcuLingua Sprach-Caf\u00e9 Ihre Englisch Kenntnisse auf und Treffen Sie Gleichgesinnte. AcuLingua bietet Kurse mit interaktiven \u00dcbungen an, um spielend die Ziele & W\u00fcnsche der Kunden zu erreichen: z.B. jeden Freitag, 08:45 bis 09:45 Uhr (60 Minuten)Kurs Einsteiger \u2013 Beginner Niveau A1\/A2 - lernen Sie das\u2026","rel":"","context":"Similar post","block_context":{"text":"Similar post","link":""},"img":{"alt_text":"","src":"https:\/\/i0.wp.com\/aculingua.ch\/wp-content\/uploads\/2020\/09\/coffee-2306471_1920.jpg?fit=1200%2C800&ssl=1&resize=350%2C200","width":350,"height":200,"srcset":"https:\/\/i0.wp.com\/aculingua.ch\/wp-content\/uploads\/2020\/09\/coffee-2306471_1920.jpg?fit=1200%2C800&ssl=1&resize=350%2C200 1x, https:\/\/i0.wp.com\/aculingua.ch\/wp-content\/uploads\/2020\/09\/coffee-2306471_1920.jpg?fit=1200%2C800&ssl=1&resize=525%2C300 1.5x, https:\/\/i0.wp.com\/aculingua.ch\/wp-content\/uploads\/2020\/09\/coffee-2306471_1920.jpg?fit=1200%2C800&ssl=1&resize=700%2C400 2x, https:\/\/i0.wp.com\/aculingua.ch\/wp-content\/uploads\/2020\/09\/coffee-2306471_1920.jpg?fit=1200%2C800&ssl=1&resize=1050%2C600 3x"},"classes":[]},{"id":123,"url":"https:\/\/aculingua.ch\/en\/","url_meta":{"origin":518,"position":2},"title":"German &#038; English Courses","author":"admin","date":"December 28, 2019","format":false,"excerpt":"Personalisierte Sprachkurse f\u00fcr Firmen oder Privat - Englisch & Deutsch","rel":"","context":"Similar post","block_context":{"text":"Similar post","link":""},"img":{"alt_text":"AcuLingua","src":"https:\/\/i0.wp.com\/aculingua.ch\/wp-content\/uploads\/2019\/12\/pexels-photo-3184324-e1579029818400.jpeg?fit=1200%2C800&ssl=1&resize=350%2C200","width":350,"height":200,"srcset":"https:\/\/i0.wp.com\/aculingua.ch\/wp-content\/uploads\/2019\/12\/pexels-photo-3184324-e1579029818400.jpeg?fit=1200%2C800&ssl=1&resize=350%2C200 1x, https:\/\/i0.wp.com\/aculingua.ch\/wp-content\/uploads\/2019\/12\/pexels-photo-3184324-e1579029818400.jpeg?fit=1200%2C800&ssl=1&resize=525%2C300 1.5x, https:\/\/i0.wp.com\/aculingua.ch\/wp-content\/uploads\/2019\/12\/pexels-photo-3184324-e1579029818400.jpeg?fit=1200%2C800&ssl=1&resize=700%2C400 2x, https:\/\/i0.wp.com\/aculingua.ch\/wp-content\/uploads\/2019\/12\/pexels-photo-3184324-e1579029818400.jpeg?fit=1200%2C800&ssl=1&resize=1050%2C600 3x"},"classes":[]},{"id":158,"url":"https:\/\/aculingua.ch\/en\/online-englischkurs\/","url_meta":{"origin":518,"position":3},"title":"Online virtual courses","author":"admin","date":"December 29, 2019","format":false,"excerpt":"{:en}With some adaptation, our specific purpose and departmental courses can be provided online.{:}","rel":"","context":"Similar post","block_context":{"text":"Similar post","link":""},"img":{"alt_text":"","src":"https:\/\/i0.wp.com\/aculingua.ch\/wp-content\/uploads\/2019\/12\/pexels-photo-2265488.jpeg?fit=1200%2C800&ssl=1&resize=350%2C200","width":350,"height":200,"srcset":"https:\/\/i0.wp.com\/aculingua.ch\/wp-content\/uploads\/2019\/12\/pexels-photo-2265488.jpeg?fit=1200%2C800&ssl=1&resize=350%2C200 1x, https:\/\/i0.wp.com\/aculingua.ch\/wp-content\/uploads\/2019\/12\/pexels-photo-2265488.jpeg?fit=1200%2C800&ssl=1&resize=525%2C300 1.5x, https:\/\/i0.wp.com\/aculingua.ch\/wp-content\/uploads\/2019\/12\/pexels-photo-2265488.jpeg?fit=1200%2C800&ssl=1&resize=700%2C400 2x, https:\/\/i0.wp.com\/aculingua.ch\/wp-content\/uploads\/2019\/12\/pexels-photo-2265488.jpeg?fit=1200%2C800&ssl=1&resize=1050%2C600 3x"},"classes":[]},{"id":153,"url":"https:\/\/aculingua.ch\/en\/firmen-html\/","url_meta":{"origin":518,"position":4},"title":"In Company Courses","author":"admin","date":"December 29, 2019","format":false,"excerpt":"{:de}Mit AcuLingua k\u00f6nnen Firmen intern Englisch- oder Deutschkurse ihren Mitarbeitenden anbieten. AcuLingua stellt die Kurse gem\u00e4ss den Bed\u00fcrfnissen der Firma und den Mitarbeitenden zusammen. Qualifizierte Sprachlehrer f\u00fchren die Kurse firmenintern durch.{:}{:en}AcuLingua will tailor-make a language course to meet your business\u2019 and individual staff\u2019s needs. We come to you - Our\u2026","rel":"","context":"Similar post","block_context":{"text":"Similar post","link":""},"img":{"alt_text":"","src":"https:\/\/i0.wp.com\/aculingua.ch\/wp-content\/uploads\/2019\/12\/pexels-photo-3182755-e1579254114103.jpeg?fit=800%2C1200&ssl=1&resize=350%2C200","width":350,"height":200,"srcset":"https:\/\/i0.wp.com\/aculingua.ch\/wp-content\/uploads\/2019\/12\/pexels-photo-3182755-e1579254114103.jpeg?fit=800%2C1200&ssl=1&resize=350%2C200 1x, https:\/\/i0.wp.com\/aculingua.ch\/wp-content\/uploads\/2019\/12\/pexels-photo-3182755-e1579254114103.jpeg?fit=800%2C1200&ssl=1&resize=525%2C300 1.5x, https:\/\/i0.wp.com\/aculingua.ch\/wp-content\/uploads\/2019\/12\/pexels-photo-3182755-e1579254114103.jpeg?fit=800%2C1200&ssl=1&resize=700%2C400 2x"},"classes":[]},{"id":590,"url":"https:\/\/aculingua.ch\/en\/uebersetzungen\/","url_meta":{"origin":518,"position":5},"title":"Translations","author":"admin","date":"January 15, 2020","format":false,"excerpt":"Sie m\u00fcssen Ihren Text von Deutsch auf Englisch \u00fcbersetzen, wissen aber nicht, ob der Text des online Translator auch wirklich korrekt ist. Bei einem Lebenslauf f\u00fchrt die richtige \u00dcbersetzung zum Erfolg. Gerne \u00fcbernehmen wir den Feinschliff der englischen \u00dcbersetzung. K\u00fcrzere Texte, wie Lebenslauf etc., k\u00f6nnen wir Ihnen in 24 bis\u2026","rel":"","context":"Similar post","block_context":{"text":"Similar post","link":""},"img":{"alt_text":"","src":"https:\/\/i0.wp.com\/aculingua.ch\/wp-content\/uploads\/2020\/01\/romeoimages_com206-scaled.jpg?fit=1200%2C800&ssl=1&resize=350%2C200","width":350,"height":200,"srcset":"https:\/\/i0.wp.com\/aculingua.ch\/wp-content\/uploads\/2020\/01\/romeoimages_com206-scaled.jpg?fit=1200%2C800&ssl=1&resize=350%2C200 1x, https:\/\/i0.wp.com\/aculingua.ch\/wp-content\/uploads\/2020\/01\/romeoimages_com206-scaled.jpg?fit=1200%2C800&ssl=1&resize=525%2C300 1.5x, https:\/\/i0.wp.com\/aculingua.ch\/wp-content\/uploads\/2020\/01\/romeoimages_com206-scaled.jpg?fit=1200%2C800&ssl=1&resize=700%2C400 2x, https:\/\/i0.wp.com\/aculingua.ch\/wp-content\/uploads\/2020\/01\/romeoimages_com206-scaled.jpg?fit=1200%2C800&ssl=1&resize=1050%2C600 3x"},"classes":[]}],"jetpack_sharing_enabled":true,"_links":{"self":[{"href":"https:\/\/aculingua.ch\/en\/wp-json\/wp\/v2\/pages\/518","targetHints":{"allow":["GET"]}}],"collection":[{"href":"https:\/\/aculingua.ch\/en\/wp-json\/wp\/v2\/pages"}],"about":[{"href":"https:\/\/aculingua.ch\/en\/wp-json\/wp\/v2\/types\/page"}],"author":[{"embeddable":true,"href":"https:\/\/aculingua.ch\/en\/wp-json\/wp\/v2\/users\/1"}],"replies":[{"embeddable":true,"href":"https:\/\/aculingua.ch\/en\/wp-json\/wp\/v2\/comments?post=518"}],"version-history":[{"count":12,"href":"https:\/\/aculingua.ch\/en\/wp-json\/wp\/v2\/pages\/518\/revisions"}],"predecessor-version":[{"id":520,"href":"https:\/\/aculingua.ch\/en\/wp-json\/wp\/v2\/pages\/518\/revisions\/520"}],"up":[{"embeddable":true,"href":"https:\/\/aculingua.ch\/en\/wp-json\/wp\/v2\/pages\/123"}],"wp:attachment":[{"href":"https:\/\/aculingua.ch\/en\/wp-json\/wp\/v2\/media?parent=518"}],"curies":[{"name":"wp","href":"https:\/\/api.w.org\/{rel}","templated":true}]}}