{"id":440,"date":"2019-10-17T09:28:21","date_gmt":"2019-10-17T09:28:21","guid":{"rendered":"https:\/\/zakrademos.com\/one-page\/?page_id=2"},"modified":"2020-01-15T17:22:52","modified_gmt":"2020-01-15T17:22:52","slug":"datenschutz","status":"publish","type":"page","link":"https:\/\/aculingua.ch\/en\/datenschutz\/","title":{"rendered":"Datenschutzerkl\u00e4rung"},"content":{"rendered":"<article class=\"uk-article\"><strong>Datenschutzerkl\u00e4rung &#8211; Nelsen Services GmbH<br \/>\n<\/strong><\/p>\n<p>Diese Datenschutzerkl\u00e4rung informiert \u00fcber Art, Umfang und Zweck der Erhebung und Nutzung personenbezogener Daten durch den zust\u00e4ndigen Anbieter, Nelsen Services GmbH, 6430 Schwyz, Schweiz, E-Mail: <span id=\"cloak1a7b9d0403a21e1887a295c2b7e1b26f\">info@nelsen.ch<\/span><\/p>\n<p>Nelsen Services GmbH betreibt die Webseite aculingua.ch\u00a0 (nachfolgend zusammenfassend &#8220;Website&#8221; genannt) und ist somit f\u00fcr die Erhebung, Verarbeitung und Nutzung Ihrer personenbezogenen Daten verantwortlich. Die Nutzung der Internetseiten der Website ist ohne Angabe personenbezogener Daten m\u00f6glich; wenn Sie als Betroffener jedoch spezielle Unternehmensdienste \u00fcber unsere Website nutzen wollen, kann eine Verarbeitung personenbezogener Daten erforderlich werden.<\/p>\n<p>Die Verarbeitung personenbezogener Daten wie Name, Anschrift, E-Mail-Adresse oder Telefonnummer eines Betroffenen erfolgt stets im Einklang mit der Allgemeinen Datenschutzverordnung (GDPR) und den f\u00fcr Nelsen Services GmbH geltende l\u00e4nderspezifische Datenschutzbestimmungen.<\/p>\n<p>Mit dieser Datenschutzerkl\u00e4rung m\u00f6chte unsere Firma die \u00d6ffentlichkeit \u00fcber Art, Umfang und Zweck der von uns erhobenen, verwendeten und verarbeiteten personenbezogenen Daten informieren.<\/p>\n<p>Nelsen Services GmbH hat als Inhaber der Webseite aculingua.ch zahlreiche technische und organisatorische Massnahmen getroffen, um den Schutz der \u00fcber diese Website verarbeiteten personenbezogenen Daten zu gew\u00e4hrleisten. Internetbasierte Daten\u00fcbertragungen k\u00f6nnen jedoch grunds\u00e4tzlich Sicherheitsl\u00fccken aufweisen, so dass ein absoluter Schutz nicht gew\u00e4hrleistet ist. Aus diesem Grund steht es jedem Betroffenen frei, uns personenbezogene Daten auf anderem Wege, z.B. per Telefon, zu \u00fcbermitteln.<\/p>\n<p>Wir nehmen das Thema Datenschutz ernst und sorgen f\u00fcr angemessene Sicherheit. Bitte nehmen Sie die folgenden Informationen zur Kenntnis, damit Sie wissen, welche pers\u00f6nlichen Daten wir von Ihnen erfassen und f\u00fcr welche Zwecke wir diese Daten verwenden.<\/p>\n<p><strong>1. Umfang und Zweck der Erhebung, Verarbeitung und Nutzung von Daten und personenbezogenen Daten<\/strong><\/p>\n<p><strong><em>a) Erhebung allgemeiner Daten und Informationen<\/em><\/strong><\/p>\n<p>Sie k\u00f6nnen unsere Webseiten besuchen und sich \u00fcber unsere Dienstleistungen informieren, ohne uns mitzuteilen, wer Sie sind. Wie bei jeder Verbindung mit einem Webserver zeichnet der Server unseres Webhosting-Providers bestimmte technische Protokolldaten auf und speichert sie vor\u00fcbergehend, wenn Sie unsere Website besuchen. Die Website sammelt eine Reihe von allgemeinen Daten und Informationen, wenn ein Betroffener oder ein automatisiertes System die Website aufruft. Diese allgemeinen Daten und Informationen werden in den Server-Protokolldateien gespeichert. Gesammelt werden k\u00f6nnen (1) die verwendeten Browsertypen und -versionen, (2) das vom zugreifenden System verwendete Betriebssystem, (3) die Website, von der aus ein zugreifendes System unsere Website erreicht (sog. Referrer), (4) die Unterwebsites, (5) Datum und Uhrzeit des Zugriffs auf die Internetseite, (6) eine Internet-Protokoll-Adresse (IP-Adresse), (7) der Internet Service Provider des zugreifenden Systems und (8) sonstige \u00e4hnliche Daten und Informationen, die bei Angriffen auf unsere Informationstechnologie-Systeme verwendet werden k\u00f6nnen.<\/p>\n<p>Bei der Verwendung dieser allgemeinen Daten und Informationen zieht die Nelsen Services GmbH keine R\u00fcckschl\u00fcsse auf den Betroffenen. Vielmehr werden diese Informationen ben\u00f6tigt, um (1) den Inhalt unserer Website korrekt zu liefern, (2) den Inhalt unserer Website zu optimieren, (3) die langfristige Funktionsf\u00e4higkeit unserer IT-Systeme und Website-Technologie sicherzustellen und (4) den Strafverfolgungsbeh\u00f6rden die f\u00fcr die Strafverfolgung im Falle eines Cyber-Angriffs notwendigen Informationen zur Verf\u00fcgung zu stellen. Die Nelsen Services GmbH kann daher anonym gesammelte Daten und Informationen statistisch auswerten, um den Datenschutz und die Datensicherheit der Organisation zu erh\u00f6hen und einen optimalen Schutz der von uns verarbeiteten personenbezogenen Daten zu gew\u00e4hrleisten. Die anonymen Daten der Server-Logfiles werden getrennt von allen personenbezogenen Daten eines Betroffenen gespeichert.<\/p>\n<p><strong><em> b) Cookies<\/em><\/strong><\/p>\n<p>Die Website aculingua.ch verwendet Cookies. Ein Cookie ist ein kleines Datenst\u00fcck, das eine Website Ihren Browser auffordert, auf Ihrem Computer oder mobilen Ger\u00e4t zu speichern. Das Cookie erm\u00f6glicht es der Website, sich Ihre Aktionen oder Pr\u00e4ferenzen im Laufe der Zeit zu &#8220;merken&#8221;. Die meisten Browser unterst\u00fctzen Cookies, aber Benutzer k\u00f6nnen ihre Browser so einstellen, dass sie diese ablehnen und jederzeit l\u00f6schen k\u00f6nnen.<\/p>\n<p>Sie k\u00f6nnen das Setzen von Cookies \u00fcber unsere Website jederzeit durch eine entsprechende Einstellung des verwendeten Internetbrowsers verhindern und somit das Setzen von Cookies dauerhaft ablehnen. Dar\u00fcber hinaus k\u00f6nnen bereits gesetzte Cookies jederzeit \u00fcber einen Internetbrowser oder andere Softwareprogramme gel\u00f6scht werden. Wenn Sie Cookies in Ihrem Internet-Browser deaktivieren, kann es sein, dass nicht alle Funktionen unserer Website vollst\u00e4ndig nutzbar sind.<\/p>\n<p>Eine Weitergabe dieser personenbezogenen Daten an Dritte findet nicht statt.<\/p>\n<p><strong>2. Datensicherheit<\/strong><\/p>\n<p>Wir setzen geeignete technische und organisatorische Sicherheitsma\u00dfnahmen ein, um Ihre bei uns gespeicherten personenbezogenen Daten gegen Manipulationen, teilweisen oder vollst\u00e4ndigen Verlust und gegen unberechtigten Zugriff Dritter zu sch\u00fctzen. Unsere Sicherheitsma\u00dfnahmen werden entsprechend der technologischen Entwicklung fortlaufend verbessert. Sie sollten Ihre Informationen stets vertraulich behandeln und das Browserfenster schlie\u00dfen, wenn Sie die Kommunikation mit uns beendet haben, insbesondere wenn Sie den Computer gemeinsam mit anderen nutzen.<\/p>\n<p><strong>\u00a03. Recht auf Widerruf der Daten<\/strong><\/p>\n<p>Sie haben das Recht, die Einwilligung zur Verarbeitung Ihrer personenbezogenen Daten jederzeit zu widerrufen. Wenn Sie von Ihrem Widerrufsrecht Gebrauch machen wollen, k\u00f6nnen Sie sich jederzeit an einen Mitarbeiter von AcuLingua wenden.<\/p>\n<p><strong>\u00a04. Aufbewahrung der Daten<\/strong><\/p>\n<p>Wir speichern personenbezogene Daten nur so lange, wie es erforderlich ist.<\/p>\n<p>&#8211; die von Ihnen angeforderten oder von Ihnen erteilten Einwilligungen (z.B. in Bezug auf das Kontaktformular) in dem oben genannten Umfang zu erbringen; oder<\/p>\n<p>&#8211; um unseren gesetzlichen Verpflichtungen nachzukommen.<\/p>\n<p>Die gesetzlichen Aufbewahrungspflichten basieren auf der Rechnungslegung und auf Steuerr\u00fcckstellungen. Nach diesen Bestimmungen m\u00fcssen Gesch\u00e4ftskorrespondenz, abgeschlossene Vertr\u00e4ge und Buchhaltungsunterlagen bis zu 10 Jahre aufbewahrt werden. Wenn wir diese Daten nicht mehr ben\u00f6tigen, um Dienstleistungen f\u00fcr Sie erbringen zu k\u00f6nnen, werden die Daten gesperrt. Das bedeutet, dass die Daten dann nur noch f\u00fcr buchhalterische und steuerliche Zwecke verwendet werden d\u00fcrfen.<\/p>\n<p><strong>5. Beschwerderecht bei einer Datenschutzbeh\u00f6rde<\/strong><\/p>\n<p>Befindet sich Ihr Wohnsitz in einem EU-Staat, haben Sie jederzeit das Recht, eine Beschwerde bei einer Datenschutzaufsichtsbeh\u00f6rde einzureichen.<\/p>\n<\/article>\n","protected":false},"excerpt":{"rendered":"<p>Datenschutzerkl\u00e4rung &#8211; Nelsen Services GmbH Diese Datenschutzerkl\u00e4rung informiert \u00fcber Art, Umfang und Zweck der Erhebung und Nutzung personenbezogener Daten durch den zust\u00e4ndigen Anbieter, Nelsen Services GmbH, 6430 Schwyz, Schweiz, E-Mail: info@nelsen.ch Nelsen Services GmbH betreibt die Webseite aculingua.ch\u00a0 (nachfolgend zusammenfassend &#8220;Website&#8221; genannt) und ist somit f\u00fcr die Erhebung, Verarbeitung und Nutzung Ihrer personenbezogenen Daten verantwortlich. &hellip; <a href=\"https:\/\/aculingua.ch\/en\/datenschutz\/\" class=\"more-link\">Continue reading <span class=\"screen-reader-text\">Datenschutzerkl\u00e4rung<\/span><\/a><\/p>\n","protected":false},"author":1,"featured_media":402,"parent":0,"menu_order":0,"comment_status":"closed","ping_status":"closed","template":"page-templates\/full-width-page.php","meta":{"footnotes":""},"class_list":["post-440","page","type-page","status-publish","has-post-thumbnail","hentry"],"translation":{"provider":"WPGlobus","version":"3.0.0","language":"en","enabled_languages":["de","en"],"languages":{"de":{"title":true,"content":true,"excerpt":false},"en":{"title":false,"content":false,"excerpt":false}}},"yoast_head":"<!-- This site is optimized with the Yoast SEO plugin v25.8 - https:\/\/yoast.com\/wordpress\/plugins\/seo\/ -->\n<title>Datenschutzerkl\u00e4rung - Aculingua<\/title>\n<meta name=\"robots\" content=\"index, follow, max-snippet:-1, max-image-preview:large, max-video-preview:-1\" \/>\n<link rel=\"canonical\" href=\"https:\/\/aculingua.ch\/datenschutz\/\" \/>\n<meta property=\"og:locale\" content=\"en_US\" \/>\n<meta property=\"og:type\" content=\"article\" \/>\n<meta property=\"og:title\" content=\"Datenschutzerkl\u00e4rung - Aculingua\" \/>\n<meta property=\"og:url\" content=\"https:\/\/aculingua.ch\/datenschutz\/\" \/>\n<meta property=\"og:site_name\" content=\"Aculingua\" \/>\n<meta property=\"article:modified_time\" content=\"2020-01-15T17:22:52+00:00\" \/>\n<meta property=\"og:image\" content=\"https:\/\/i0.wp.com\/aculingua.ch\/wp-content\/uploads\/2019\/10\/banner.jpg?fit=1600%2C880&ssl=1\" \/>\n\t<meta property=\"og:image:width\" content=\"1600\" \/>\n\t<meta property=\"og:image:height\" content=\"880\" \/>\n\t<meta property=\"og:image:type\" content=\"image\/jpeg\" \/>\n<meta name=\"twitter:card\" content=\"summary_large_image\" \/>\n<meta name=\"twitter:label1\" content=\"Est. reading time\" \/>\n\t<meta name=\"twitter:data1\" content=\"5 minutes\" \/>\n<script type=\"application\/ld+json\" class=\"yoast-schema-graph\">{\"@context\":\"https:\/\/schema.org\",\"@graph\":[{\"@type\":\"WebPage\",\"@id\":\"https:\/\/aculingua.ch\/datenschutz\/\",\"url\":\"https:\/\/aculingua.ch\/datenschutz\/\",\"name\":\"Datenschutzerkl\u00e4rung - Aculingua\",\"isPartOf\":{\"@id\":\"https:\/\/aculingua.ch\/#website\"},\"primaryImageOfPage\":{\"@id\":\"https:\/\/aculingua.ch\/datenschutz\/#primaryimage\"},\"image\":{\"@id\":\"https:\/\/aculingua.ch\/datenschutz\/#primaryimage\"},\"thumbnailUrl\":\"https:\/\/i0.wp.com\/aculingua.ch\/wp-content\/uploads\/2019\/10\/banner.jpg?fit=1600%2C880&ssl=1\",\"datePublished\":\"2019-10-17T09:28:21+00:00\",\"dateModified\":\"2020-01-15T17:22:52+00:00\",\"description\":\"Englisch lernen in Schwyz, English lernen in Zug, Private Englisch Kurse, Firmen intern englisch lernen, german lessons on site, learn german in Schwyz, learn german in Zug, Business Englisch Zug, Englisch f\u00fcr Firmen, gute Englischlehrer, mein englisch verbessern, conversation classes german, CAE, FCE, Advanced, Schwyz, Zug, Rotkreuz, englisch in Schwyz, Matt Nelsen, Englisch lernen Matt Nelson, Matt Nelson\",\"breadcrumb\":{\"@id\":\"https:\/\/aculingua.ch\/datenschutz\/#breadcrumb\"},\"inLanguage\":\"en-US\",\"potentialAction\":[{\"@type\":\"ReadAction\",\"target\":[\"https:\/\/aculingua.ch\/datenschutz\/\"]}]},{\"@type\":\"ImageObject\",\"inLanguage\":\"en-US\",\"@id\":\"https:\/\/aculingua.ch\/datenschutz\/#primaryimage\",\"url\":\"https:\/\/i0.wp.com\/aculingua.ch\/wp-content\/uploads\/2019\/10\/banner.jpg?fit=1600%2C880&ssl=1\",\"contentUrl\":\"https:\/\/i0.wp.com\/aculingua.ch\/wp-content\/uploads\/2019\/10\/banner.jpg?fit=1600%2C880&ssl=1\",\"width\":1600,\"height\":880,\"caption\":\"\"},{\"@type\":\"BreadcrumbList\",\"@id\":\"https:\/\/aculingua.ch\/datenschutz\/#breadcrumb\",\"itemListElement\":[{\"@type\":\"ListItem\",\"position\":1,\"name\":\"Startseite\",\"item\":\"https:\/\/aculingua.ch\/\"},{\"@type\":\"ListItem\",\"position\":2,\"name\":\"Datenschutzerkl\u00e4rung\"}]},{\"@type\":\"WebSite\",\"@id\":\"https:\/\/aculingua.ch\/#website\",\"url\":\"https:\/\/aculingua.ch\/\",\"name\":\"AcuLingua-englisch lernen-rotkreuz\",\"description\":\"Language that matters\",\"publisher\":{\"@id\":\"https:\/\/aculingua.ch\/#organization\"},\"potentialAction\":[{\"@type\":\"SearchAction\",\"target\":{\"@type\":\"EntryPoint\",\"urlTemplate\":\"https:\/\/aculingua.ch\/?s={search_term_string}\"},\"query-input\":{\"@type\":\"PropertyValueSpecification\",\"valueRequired\":true,\"valueName\":\"search_term_string\"}}],\"inLanguage\":\"en-US\"},{\"@type\":\"Organization\",\"@id\":\"https:\/\/aculingua.ch\/#organization\",\"name\":\"AcuLingua\",\"url\":\"https:\/\/aculingua.ch\/\",\"logo\":{\"@type\":\"ImageObject\",\"inLanguage\":\"en-US\",\"@id\":\"https:\/\/aculingua.ch\/#\/schema\/logo\/image\/\",\"url\":\"https:\/\/i2.wp.com\/aculingua.ch\/wp-content\/uploads\/2019\/12\/mediumsmall-e1577784004188.png?fit=500%2C222&ssl=1\",\"contentUrl\":\"https:\/\/i2.wp.com\/aculingua.ch\/wp-content\/uploads\/2019\/12\/mediumsmall-e1577784004188.png?fit=500%2C222&ssl=1\",\"width\":500,\"height\":222,\"caption\":\"AcuLingua\"},\"image\":{\"@id\":\"https:\/\/aculingua.ch\/#\/schema\/logo\/image\/\"},\"sameAs\":[\"https:\/\/ch.linkedin.com\/company\/aculingua?trk=public_profile_topcard_current_company\"]}]}<\/script>\n<!-- \/ Yoast SEO plugin. -->","yoast_head_json":{"title":"Datenschutzerkl\u00e4rung - Aculingua","robots":{"index":"index","follow":"follow","max-snippet":"max-snippet:-1","max-image-preview":"max-image-preview:large","max-video-preview":"max-video-preview:-1"},"canonical":"https:\/\/aculingua.ch\/datenschutz\/","og_locale":"en_US","og_type":"article","og_title":"Datenschutzerkl\u00e4rung - Aculingua","og_url":"https:\/\/aculingua.ch\/datenschutz\/","og_site_name":"Aculingua","article_modified_time":"2020-01-15T17:22:52+00:00","og_image":[{"width":1600,"height":880,"url":"https:\/\/i0.wp.com\/aculingua.ch\/wp-content\/uploads\/2019\/10\/banner.jpg?fit=1600%2C880&ssl=1","type":"image\/jpeg"}],"twitter_card":"summary_large_image","twitter_misc":{"Est. reading time":"5 minutes"},"schema":{"@context":"https:\/\/schema.org","@graph":[{"@type":"WebPage","@id":"https:\/\/aculingua.ch\/datenschutz\/","url":"https:\/\/aculingua.ch\/datenschutz\/","name":"Datenschutzerkl\u00e4rung - Aculingua","isPartOf":{"@id":"https:\/\/aculingua.ch\/#website"},"primaryImageOfPage":{"@id":"https:\/\/aculingua.ch\/datenschutz\/#primaryimage"},"image":{"@id":"https:\/\/aculingua.ch\/datenschutz\/#primaryimage"},"thumbnailUrl":"https:\/\/i0.wp.com\/aculingua.ch\/wp-content\/uploads\/2019\/10\/banner.jpg?fit=1600%2C880&ssl=1","datePublished":"2019-10-17T09:28:21+00:00","dateModified":"2020-01-15T17:22:52+00:00","description":"Englisch lernen in Schwyz, English lernen in Zug, Private Englisch Kurse, Firmen intern englisch lernen, german lessons on site, learn german in Schwyz, learn german in Zug, Business Englisch Zug, Englisch f\u00fcr Firmen, gute Englischlehrer, mein englisch verbessern, conversation classes german, CAE, FCE, Advanced, Schwyz, Zug, Rotkreuz, englisch in Schwyz, Matt Nelsen, Englisch lernen Matt Nelson, Matt Nelson","breadcrumb":{"@id":"https:\/\/aculingua.ch\/datenschutz\/#breadcrumb"},"inLanguage":"en-US","potentialAction":[{"@type":"ReadAction","target":["https:\/\/aculingua.ch\/datenschutz\/"]}]},{"@type":"ImageObject","inLanguage":"en-US","@id":"https:\/\/aculingua.ch\/datenschutz\/#primaryimage","url":"https:\/\/i0.wp.com\/aculingua.ch\/wp-content\/uploads\/2019\/10\/banner.jpg?fit=1600%2C880&ssl=1","contentUrl":"https:\/\/i0.wp.com\/aculingua.ch\/wp-content\/uploads\/2019\/10\/banner.jpg?fit=1600%2C880&ssl=1","width":1600,"height":880,"caption":""},{"@type":"BreadcrumbList","@id":"https:\/\/aculingua.ch\/datenschutz\/#breadcrumb","itemListElement":[{"@type":"ListItem","position":1,"name":"Startseite","item":"https:\/\/aculingua.ch\/"},{"@type":"ListItem","position":2,"name":"Datenschutzerkl\u00e4rung"}]},{"@type":"WebSite","@id":"https:\/\/aculingua.ch\/#website","url":"https:\/\/aculingua.ch\/","name":"AcuLingua-englisch lernen-rotkreuz","description":"Language that matters","publisher":{"@id":"https:\/\/aculingua.ch\/#organization"},"potentialAction":[{"@type":"SearchAction","target":{"@type":"EntryPoint","urlTemplate":"https:\/\/aculingua.ch\/?s={search_term_string}"},"query-input":{"@type":"PropertyValueSpecification","valueRequired":true,"valueName":"search_term_string"}}],"inLanguage":"en-US"},{"@type":"Organization","@id":"https:\/\/aculingua.ch\/#organization","name":"AcuLingua","url":"https:\/\/aculingua.ch\/","logo":{"@type":"ImageObject","inLanguage":"en-US","@id":"https:\/\/aculingua.ch\/#\/schema\/logo\/image\/","url":"https:\/\/i2.wp.com\/aculingua.ch\/wp-content\/uploads\/2019\/12\/mediumsmall-e1577784004188.png?fit=500%2C222&ssl=1","contentUrl":"https:\/\/i2.wp.com\/aculingua.ch\/wp-content\/uploads\/2019\/12\/mediumsmall-e1577784004188.png?fit=500%2C222&ssl=1","width":500,"height":222,"caption":"AcuLingua"},"image":{"@id":"https:\/\/aculingua.ch\/#\/schema\/logo\/image\/"},"sameAs":["https:\/\/ch.linkedin.com\/company\/aculingua?trk=public_profile_topcard_current_company"]}]}},"jetpack-related-posts":[{"id":617,"url":"https:\/\/aculingua.ch\/en\/impressum\/","url_meta":{"origin":440,"position":0},"title":"Impressum","author":"admin","date":"January 15, 2020","format":false,"excerpt":"Kontakt-AdresseNelsen Services GmbHDorfbachstrasse 16430 SchwyzSchweiz E-Mail: info@nelsen.ch Vertretungsberechtigte Person(en)Matt Nelsen, Gesch\u00e4ftsf\u00fchrer Handelsregister-EintragEingetragener Firmenname: Nelsen Services GmbHHandelsregister Nr: CHE-216.080.980 HaftungsausschlussDer Autor \u00fcbernimmt keinerlei Gew\u00e4hr hinsichtlich der inhaltlichen Richtigkeit, Genauigkeit, Aktualit\u00e4t, Zuverl\u00e4ssigkeit und Vollst\u00e4ndigkeit der Informationen. Haftungsanspr\u00fcche gegen den Autor wegen Sch\u00e4den materieller oder immaterieller Art, welche aus dem Zugriff oder der\u2026","rel":"","context":"Similar post","block_context":{"text":"Similar post","link":""},"img":{"alt_text":"","src":"https:\/\/i0.wp.com\/aculingua.ch\/wp-content\/uploads\/2019\/10\/banner.jpg?fit=1200%2C660&ssl=1&resize=350%2C200","width":350,"height":200,"srcset":"https:\/\/i0.wp.com\/aculingua.ch\/wp-content\/uploads\/2019\/10\/banner.jpg?fit=1200%2C660&ssl=1&resize=350%2C200 1x, https:\/\/i0.wp.com\/aculingua.ch\/wp-content\/uploads\/2019\/10\/banner.jpg?fit=1200%2C660&ssl=1&resize=525%2C300 1.5x, https:\/\/i0.wp.com\/aculingua.ch\/wp-content\/uploads\/2019\/10\/banner.jpg?fit=1200%2C660&ssl=1&resize=700%2C400 2x, https:\/\/i0.wp.com\/aculingua.ch\/wp-content\/uploads\/2019\/10\/banner.jpg?fit=1200%2C660&ssl=1&resize=1050%2C600 3x"},"classes":[]},{"id":743,"url":"https:\/\/aculingua.ch\/en\/roche\/","url_meta":{"origin":440,"position":1},"title":"Language Training Services","author":"admin","date":"May 12, 2020","format":false,"excerpt":"{:de}Nach 20 Jahren zuverl\u00e4ssiger Sprachkurse bei Roche Diagnostics in Rotkreuz, entwickelt sich das LTS-Team bei RDI weiter, indem es weiterhin Englisch - und Deutschkurse f\u00fcr Roche-Mitarbeiter vor Ort anbietet. Englisch Lernen (in 75 oder 100 Minuten-Klassen) General English: A1, A2, B1, B2, C1 Business English: B2, C1 Konversation: B2, C1\u2026","rel":"","context":"Similar post","block_context":{"text":"Similar post","link":""},"img":{"alt_text":"","src":"https:\/\/i0.wp.com\/aculingua.ch\/wp-content\/uploads\/2020\/05\/German_Flag.png?resize=350%2C200&ssl=1","width":350,"height":200,"srcset":"https:\/\/i0.wp.com\/aculingua.ch\/wp-content\/uploads\/2020\/05\/German_Flag.png?resize=350%2C200&ssl=1 1x, https:\/\/i0.wp.com\/aculingua.ch\/wp-content\/uploads\/2020\/05\/German_Flag.png?resize=525%2C300&ssl=1 1.5x, https:\/\/i0.wp.com\/aculingua.ch\/wp-content\/uploads\/2020\/05\/German_Flag.png?resize=700%2C400&ssl=1 2x, https:\/\/i0.wp.com\/aculingua.ch\/wp-content\/uploads\/2020\/05\/German_Flag.png?resize=1050%2C600&ssl=1 3x"},"classes":[]},{"id":135,"url":"https:\/\/aculingua.ch\/en\/privat\/","url_meta":{"origin":440,"position":2},"title":"Privatunterricht","author":"admin","date":"December 29, 2019","format":false,"excerpt":"AcuLingua bietet Ihnen professionellen Privatunterricht. Bei Bedarf organisieren wir gerne auch Kurse mit kleineren Klassen - bitte Fragen Sie uns an. Wenn Sie den effektiven und personalisierten Unterrichtsansatz von AcuLingua nutzen, werden Sie Ihre Sprachziele schnell erreichen. In den Regionen Zug, Luzern und Schwyz kommen wir zu Ihnen nach Hause.\u2026","rel":"","context":"Similar post","block_context":{"text":"Similar post","link":""},"img":{"alt_text":"","src":"https:\/\/i0.wp.com\/aculingua.ch\/wp-content\/uploads\/2019\/12\/pexels-photo-601170.jpeg?fit=1200%2C801&ssl=1&resize=350%2C200","width":350,"height":200,"srcset":"https:\/\/i0.wp.com\/aculingua.ch\/wp-content\/uploads\/2019\/12\/pexels-photo-601170.jpeg?fit=1200%2C801&ssl=1&resize=350%2C200 1x, https:\/\/i0.wp.com\/aculingua.ch\/wp-content\/uploads\/2019\/12\/pexels-photo-601170.jpeg?fit=1200%2C801&ssl=1&resize=525%2C300 1.5x, https:\/\/i0.wp.com\/aculingua.ch\/wp-content\/uploads\/2019\/12\/pexels-photo-601170.jpeg?fit=1200%2C801&ssl=1&resize=700%2C400 2x, https:\/\/i0.wp.com\/aculingua.ch\/wp-content\/uploads\/2019\/12\/pexels-photo-601170.jpeg?fit=1200%2C801&ssl=1&resize=1050%2C600 3x"},"classes":[]},{"id":955,"url":"https:\/\/aculingua.ch\/en\/schwyz\/","url_meta":{"origin":440,"position":3},"title":"AcuLingua Sprach-Caf\u00e9 in Schwyz","author":"admin","date":"September 5, 2020","format":false,"excerpt":"AcuLingua Sprach-Caf\u00e9 Frischen Sie im AcuLingua Sprach-Caf\u00e9 Ihre Englisch Kenntnisse auf und Treffen Sie Gleichgesinnte. AcuLingua bietet Kurse mit interaktiven \u00dcbungen an, um spielend die Ziele & W\u00fcnsche der Kunden zu erreichen: z.B. jeden Freitag, 08:45 bis 09:45 Uhr (60 Minuten)Kurs Einsteiger \u2013 Beginner Niveau A1\/A2 - lernen Sie das\u2026","rel":"","context":"Similar post","block_context":{"text":"Similar post","link":""},"img":{"alt_text":"","src":"https:\/\/i0.wp.com\/aculingua.ch\/wp-content\/uploads\/2020\/09\/coffee-2306471_1920.jpg?fit=1200%2C800&ssl=1&resize=350%2C200","width":350,"height":200,"srcset":"https:\/\/i0.wp.com\/aculingua.ch\/wp-content\/uploads\/2020\/09\/coffee-2306471_1920.jpg?fit=1200%2C800&ssl=1&resize=350%2C200 1x, https:\/\/i0.wp.com\/aculingua.ch\/wp-content\/uploads\/2020\/09\/coffee-2306471_1920.jpg?fit=1200%2C800&ssl=1&resize=525%2C300 1.5x, https:\/\/i0.wp.com\/aculingua.ch\/wp-content\/uploads\/2020\/09\/coffee-2306471_1920.jpg?fit=1200%2C800&ssl=1&resize=700%2C400 2x, https:\/\/i0.wp.com\/aculingua.ch\/wp-content\/uploads\/2020\/09\/coffee-2306471_1920.jpg?fit=1200%2C800&ssl=1&resize=1050%2C600 3x"},"classes":[]},{"id":158,"url":"https:\/\/aculingua.ch\/en\/online-englischkurs\/","url_meta":{"origin":440,"position":4},"title":"Online virtual courses","author":"admin","date":"December 29, 2019","format":false,"excerpt":"{:en}With some adaptation, our specific purpose and departmental courses can be provided online.{:}","rel":"","context":"Similar post","block_context":{"text":"Similar post","link":""},"img":{"alt_text":"","src":"https:\/\/i0.wp.com\/aculingua.ch\/wp-content\/uploads\/2019\/12\/pexels-photo-2265488.jpeg?fit=1200%2C800&ssl=1&resize=350%2C200","width":350,"height":200,"srcset":"https:\/\/i0.wp.com\/aculingua.ch\/wp-content\/uploads\/2019\/12\/pexels-photo-2265488.jpeg?fit=1200%2C800&ssl=1&resize=350%2C200 1x, https:\/\/i0.wp.com\/aculingua.ch\/wp-content\/uploads\/2019\/12\/pexels-photo-2265488.jpeg?fit=1200%2C800&ssl=1&resize=525%2C300 1.5x, https:\/\/i0.wp.com\/aculingua.ch\/wp-content\/uploads\/2019\/12\/pexels-photo-2265488.jpeg?fit=1200%2C800&ssl=1&resize=700%2C400 2x, https:\/\/i0.wp.com\/aculingua.ch\/wp-content\/uploads\/2019\/12\/pexels-photo-2265488.jpeg?fit=1200%2C800&ssl=1&resize=1050%2C600 3x"},"classes":[]}],"jetpack_sharing_enabled":true,"_links":{"self":[{"href":"https:\/\/aculingua.ch\/en\/wp-json\/wp\/v2\/pages\/440","targetHints":{"allow":["GET"]}}],"collection":[{"href":"https:\/\/aculingua.ch\/en\/wp-json\/wp\/v2\/pages"}],"about":[{"href":"https:\/\/aculingua.ch\/en\/wp-json\/wp\/v2\/types\/page"}],"author":[{"embeddable":true,"href":"https:\/\/aculingua.ch\/en\/wp-json\/wp\/v2\/users\/1"}],"replies":[{"embeddable":true,"href":"https:\/\/aculingua.ch\/en\/wp-json\/wp\/v2\/comments?post=440"}],"version-history":[{"count":2,"href":"https:\/\/aculingua.ch\/en\/wp-json\/wp\/v2\/pages\/440\/revisions"}],"predecessor-version":[{"id":633,"href":"https:\/\/aculingua.ch\/en\/wp-json\/wp\/v2\/pages\/440\/revisions\/633"}],"wp:featuredmedia":[{"embeddable":true,"href":"https:\/\/aculingua.ch\/en\/wp-json\/wp\/v2\/media\/402"}],"wp:attachment":[{"href":"https:\/\/aculingua.ch\/en\/wp-json\/wp\/v2\/media?parent=440"}],"curies":[{"name":"wp","href":"https:\/\/api.w.org\/{rel}","templated":true}]}}