{"id":158,"date":"2019-12-29T15:12:10","date_gmt":"2019-12-29T15:12:10","guid":{"rendered":"https:\/\/aculingua.wordpress.com\/?page_id=158"},"modified":"2021-01-18T10:25:56","modified_gmt":"2021-01-18T10:25:56","slug":"online-englischkurs","status":"publish","type":"page","link":"https:\/\/aculingua.ch\/en\/online-englischkurs\/","title":{"rendered":"Online virtual courses"},"content":{"rendered":"<p>With some adaptation, our specific purpose and departmental courses can be provided online. Using digital course material and carefully selected business case studies from your company, our experienced teachers can provide the same high quality, high participation course with maximum convenience of time and comfort.<\/p>\n<p>Ideal for private or small group classes these invaluable business skills training courses can be delivered in the same engaging and high-participation methods as the in-person version with equally useful results.<\/p>\n","protected":false},"excerpt":{"rendered":"<p>With some adaptation, our specific purpose and departmental courses can be provided online.<\/p>\n","protected":false},"author":1,"featured_media":159,"parent":0,"menu_order":0,"comment_status":"closed","ping_status":"closed","template":"page-templates\/grid-page.php","meta":{"footnotes":""},"class_list":["post-158","page","type-page","status-publish","has-post-thumbnail","hentry"],"translation":{"provider":"WPGlobus","version":"3.0.0","language":"en","enabled_languages":["de","en"],"languages":{"de":{"title":true,"content":true,"excerpt":false},"en":{"title":true,"content":true,"excerpt":true}}},"yoast_head":"<!-- This site is optimized with the Yoast SEO plugin v25.8 - https:\/\/yoast.com\/wordpress\/plugins\/seo\/ -->\n<title>Online virtual courses - Aculingua<\/title>\n<meta name=\"robots\" content=\"index, follow, max-snippet:-1, max-image-preview:large, max-video-preview:-1\" \/>\n<link rel=\"canonical\" href=\"https:\/\/aculingua.ch\/online-englischkurs\/\" \/>\n<meta property=\"og:locale\" content=\"en_US\" \/>\n<meta property=\"og:type\" content=\"article\" \/>\n<meta property=\"og:title\" content=\"Online virtual courses - Aculingua\" \/>\n<meta property=\"og:url\" content=\"https:\/\/aculingua.ch\/online-englischkurs\/\" \/>\n<meta property=\"og:site_name\" content=\"Aculingua\" \/>\n<meta property=\"article:modified_time\" content=\"2021-01-18T10:25:56+00:00\" \/>\n<meta property=\"og:image\" content=\"https:\/\/i0.wp.com\/aculingua.ch\/wp-content\/uploads\/2019\/12\/pexels-photo-2265488.jpeg?fit=1880%2C1253&ssl=1\" \/>\n\t<meta property=\"og:image:width\" content=\"1880\" \/>\n\t<meta property=\"og:image:height\" content=\"1253\" \/>\n\t<meta property=\"og:image:type\" content=\"image\/jpeg\" \/>\n<meta name=\"twitter:card\" content=\"summary_large_image\" \/>\n<meta name=\"twitter:label1\" content=\"Est. reading time\" \/>\n\t<meta name=\"twitter:data1\" content=\"1 minute\" \/>\n<script type=\"application\/ld+json\" class=\"yoast-schema-graph\">{\"@context\":\"https:\/\/schema.org\",\"@graph\":[{\"@type\":\"WebPage\",\"@id\":\"https:\/\/aculingua.ch\/online-englischkurs\/\",\"url\":\"https:\/\/aculingua.ch\/online-englischkurs\/\",\"name\":\"Online virtual courses - Aculingua\",\"isPartOf\":{\"@id\":\"https:\/\/aculingua.ch\/#website\"},\"primaryImageOfPage\":{\"@id\":\"https:\/\/aculingua.ch\/online-englischkurs\/#primaryimage\"},\"image\":{\"@id\":\"https:\/\/aculingua.ch\/online-englischkurs\/#primaryimage\"},\"thumbnailUrl\":\"https:\/\/i0.wp.com\/aculingua.ch\/wp-content\/uploads\/2019\/12\/pexels-photo-2265488.jpeg?fit=1880%2C1253&ssl=1\",\"datePublished\":\"2019-12-29T15:12:10+00:00\",\"dateModified\":\"2021-01-18T10:25:56+00:00\",\"description\":\"onlinekurs, online Sprachkurs, Englischunterricht online, german online course, virtual german course, virtueller englisch Kurs\",\"breadcrumb\":{\"@id\":\"https:\/\/aculingua.ch\/online-englischkurs\/#breadcrumb\"},\"inLanguage\":\"en-US\",\"potentialAction\":[{\"@type\":\"ReadAction\",\"target\":[\"https:\/\/aculingua.ch\/online-englischkurs\/\"]}]},{\"@type\":\"ImageObject\",\"inLanguage\":\"en-US\",\"@id\":\"https:\/\/aculingua.ch\/online-englischkurs\/#primaryimage\",\"url\":\"https:\/\/i0.wp.com\/aculingua.ch\/wp-content\/uploads\/2019\/12\/pexels-photo-2265488.jpeg?fit=1880%2C1253&ssl=1\",\"contentUrl\":\"https:\/\/i0.wp.com\/aculingua.ch\/wp-content\/uploads\/2019\/12\/pexels-photo-2265488.jpeg?fit=1880%2C1253&ssl=1\",\"width\":1880,\"height\":1253,\"caption\":\"Photo by Marek Levak on Pexels.com\"},{\"@type\":\"BreadcrumbList\",\"@id\":\"https:\/\/aculingua.ch\/online-englischkurs\/#breadcrumb\",\"itemListElement\":[{\"@type\":\"ListItem\",\"position\":1,\"name\":\"Startseite\",\"item\":\"https:\/\/aculingua.ch\/\"},{\"@type\":\"ListItem\",\"position\":2,\"name\":\"online Englischkurs\"}]},{\"@type\":\"WebSite\",\"@id\":\"https:\/\/aculingua.ch\/#website\",\"url\":\"https:\/\/aculingua.ch\/\",\"name\":\"AcuLingua-englisch lernen-rotkreuz\",\"description\":\"Language that matters\",\"publisher\":{\"@id\":\"https:\/\/aculingua.ch\/#organization\"},\"potentialAction\":[{\"@type\":\"SearchAction\",\"target\":{\"@type\":\"EntryPoint\",\"urlTemplate\":\"https:\/\/aculingua.ch\/?s={search_term_string}\"},\"query-input\":{\"@type\":\"PropertyValueSpecification\",\"valueRequired\":true,\"valueName\":\"search_term_string\"}}],\"inLanguage\":\"en-US\"},{\"@type\":\"Organization\",\"@id\":\"https:\/\/aculingua.ch\/#organization\",\"name\":\"AcuLingua\",\"url\":\"https:\/\/aculingua.ch\/\",\"logo\":{\"@type\":\"ImageObject\",\"inLanguage\":\"en-US\",\"@id\":\"https:\/\/aculingua.ch\/#\/schema\/logo\/image\/\",\"url\":\"https:\/\/i2.wp.com\/aculingua.ch\/wp-content\/uploads\/2019\/12\/mediumsmall-e1577784004188.png?fit=500%2C222&ssl=1\",\"contentUrl\":\"https:\/\/i2.wp.com\/aculingua.ch\/wp-content\/uploads\/2019\/12\/mediumsmall-e1577784004188.png?fit=500%2C222&ssl=1\",\"width\":500,\"height\":222,\"caption\":\"AcuLingua\"},\"image\":{\"@id\":\"https:\/\/aculingua.ch\/#\/schema\/logo\/image\/\"},\"sameAs\":[\"https:\/\/ch.linkedin.com\/company\/aculingua?trk=public_profile_topcard_current_company\"]}]}<\/script>\n<!-- \/ Yoast SEO plugin. -->","yoast_head_json":{"title":"Online virtual courses - Aculingua","robots":{"index":"index","follow":"follow","max-snippet":"max-snippet:-1","max-image-preview":"max-image-preview:large","max-video-preview":"max-video-preview:-1"},"canonical":"https:\/\/aculingua.ch\/online-englischkurs\/","og_locale":"en_US","og_type":"article","og_title":"Online virtual courses - Aculingua","og_url":"https:\/\/aculingua.ch\/online-englischkurs\/","og_site_name":"Aculingua","article_modified_time":"2021-01-18T10:25:56+00:00","og_image":[{"width":1880,"height":1253,"url":"https:\/\/i0.wp.com\/aculingua.ch\/wp-content\/uploads\/2019\/12\/pexels-photo-2265488.jpeg?fit=1880%2C1253&ssl=1","type":"image\/jpeg"}],"twitter_card":"summary_large_image","twitter_misc":{"Est. reading time":"1 minute"},"schema":{"@context":"https:\/\/schema.org","@graph":[{"@type":"WebPage","@id":"https:\/\/aculingua.ch\/online-englischkurs\/","url":"https:\/\/aculingua.ch\/online-englischkurs\/","name":"Online virtual courses - Aculingua","isPartOf":{"@id":"https:\/\/aculingua.ch\/#website"},"primaryImageOfPage":{"@id":"https:\/\/aculingua.ch\/online-englischkurs\/#primaryimage"},"image":{"@id":"https:\/\/aculingua.ch\/online-englischkurs\/#primaryimage"},"thumbnailUrl":"https:\/\/i0.wp.com\/aculingua.ch\/wp-content\/uploads\/2019\/12\/pexels-photo-2265488.jpeg?fit=1880%2C1253&ssl=1","datePublished":"2019-12-29T15:12:10+00:00","dateModified":"2021-01-18T10:25:56+00:00","description":"onlinekurs, online Sprachkurs, Englischunterricht online, german online course, virtual german course, virtueller englisch Kurs","breadcrumb":{"@id":"https:\/\/aculingua.ch\/online-englischkurs\/#breadcrumb"},"inLanguage":"en-US","potentialAction":[{"@type":"ReadAction","target":["https:\/\/aculingua.ch\/online-englischkurs\/"]}]},{"@type":"ImageObject","inLanguage":"en-US","@id":"https:\/\/aculingua.ch\/online-englischkurs\/#primaryimage","url":"https:\/\/i0.wp.com\/aculingua.ch\/wp-content\/uploads\/2019\/12\/pexels-photo-2265488.jpeg?fit=1880%2C1253&ssl=1","contentUrl":"https:\/\/i0.wp.com\/aculingua.ch\/wp-content\/uploads\/2019\/12\/pexels-photo-2265488.jpeg?fit=1880%2C1253&ssl=1","width":1880,"height":1253,"caption":"Photo by Marek Levak on Pexels.com"},{"@type":"BreadcrumbList","@id":"https:\/\/aculingua.ch\/online-englischkurs\/#breadcrumb","itemListElement":[{"@type":"ListItem","position":1,"name":"Startseite","item":"https:\/\/aculingua.ch\/"},{"@type":"ListItem","position":2,"name":"online Englischkurs"}]},{"@type":"WebSite","@id":"https:\/\/aculingua.ch\/#website","url":"https:\/\/aculingua.ch\/","name":"AcuLingua-englisch lernen-rotkreuz","description":"Language that matters","publisher":{"@id":"https:\/\/aculingua.ch\/#organization"},"potentialAction":[{"@type":"SearchAction","target":{"@type":"EntryPoint","urlTemplate":"https:\/\/aculingua.ch\/?s={search_term_string}"},"query-input":{"@type":"PropertyValueSpecification","valueRequired":true,"valueName":"search_term_string"}}],"inLanguage":"en-US"},{"@type":"Organization","@id":"https:\/\/aculingua.ch\/#organization","name":"AcuLingua","url":"https:\/\/aculingua.ch\/","logo":{"@type":"ImageObject","inLanguage":"en-US","@id":"https:\/\/aculingua.ch\/#\/schema\/logo\/image\/","url":"https:\/\/i2.wp.com\/aculingua.ch\/wp-content\/uploads\/2019\/12\/mediumsmall-e1577784004188.png?fit=500%2C222&ssl=1","contentUrl":"https:\/\/i2.wp.com\/aculingua.ch\/wp-content\/uploads\/2019\/12\/mediumsmall-e1577784004188.png?fit=500%2C222&ssl=1","width":500,"height":222,"caption":"AcuLingua"},"image":{"@id":"https:\/\/aculingua.ch\/#\/schema\/logo\/image\/"},"sameAs":["https:\/\/ch.linkedin.com\/company\/aculingua?trk=public_profile_topcard_current_company"]}]}},"jetpack-related-posts":[{"id":135,"url":"https:\/\/aculingua.ch\/en\/privat\/","url_meta":{"origin":158,"position":0},"title":"Privatunterricht","author":"admin","date":"December 29, 2019","format":false,"excerpt":"AcuLingua bietet Ihnen professionellen Privatunterricht. Bei Bedarf organisieren wir gerne auch Kurse mit kleineren Klassen - bitte Fragen Sie uns an. Wenn Sie den effektiven und personalisierten Unterrichtsansatz von AcuLingua nutzen, werden Sie Ihre Sprachziele schnell erreichen. In den Regionen Zug, Luzern und Schwyz kommen wir zu Ihnen nach Hause.\u2026","rel":"","context":"Similar post","block_context":{"text":"Similar post","link":""},"img":{"alt_text":"","src":"https:\/\/i0.wp.com\/aculingua.ch\/wp-content\/uploads\/2019\/12\/pexels-photo-601170.jpeg?fit=1200%2C801&ssl=1&resize=350%2C200","width":350,"height":200,"srcset":"https:\/\/i0.wp.com\/aculingua.ch\/wp-content\/uploads\/2019\/12\/pexels-photo-601170.jpeg?fit=1200%2C801&ssl=1&resize=350%2C200 1x, https:\/\/i0.wp.com\/aculingua.ch\/wp-content\/uploads\/2019\/12\/pexels-photo-601170.jpeg?fit=1200%2C801&ssl=1&resize=525%2C300 1.5x, https:\/\/i0.wp.com\/aculingua.ch\/wp-content\/uploads\/2019\/12\/pexels-photo-601170.jpeg?fit=1200%2C801&ssl=1&resize=700%2C400 2x, https:\/\/i0.wp.com\/aculingua.ch\/wp-content\/uploads\/2019\/12\/pexels-photo-601170.jpeg?fit=1200%2C801&ssl=1&resize=1050%2C600 3x"},"classes":[]},{"id":153,"url":"https:\/\/aculingua.ch\/en\/firmen-html\/","url_meta":{"origin":158,"position":1},"title":"In Company Courses","author":"admin","date":"December 29, 2019","format":false,"excerpt":"{:de}Mit AcuLingua k\u00f6nnen Firmen intern Englisch- oder Deutschkurse ihren Mitarbeitenden anbieten. AcuLingua stellt die Kurse gem\u00e4ss den Bed\u00fcrfnissen der Firma und den Mitarbeitenden zusammen. Qualifizierte Sprachlehrer f\u00fchren die Kurse firmenintern durch.{:}{:en}AcuLingua will tailor-make a language course to meet your business\u2019 and individual staff\u2019s needs. We come to you - Our\u2026","rel":"","context":"Similar post","block_context":{"text":"Similar post","link":""},"img":{"alt_text":"","src":"https:\/\/i0.wp.com\/aculingua.ch\/wp-content\/uploads\/2019\/12\/pexels-photo-3182755-e1579254114103.jpeg?fit=800%2C1200&ssl=1&resize=350%2C200","width":350,"height":200,"srcset":"https:\/\/i0.wp.com\/aculingua.ch\/wp-content\/uploads\/2019\/12\/pexels-photo-3182755-e1579254114103.jpeg?fit=800%2C1200&ssl=1&resize=350%2C200 1x, https:\/\/i0.wp.com\/aculingua.ch\/wp-content\/uploads\/2019\/12\/pexels-photo-3182755-e1579254114103.jpeg?fit=800%2C1200&ssl=1&resize=525%2C300 1.5x, https:\/\/i0.wp.com\/aculingua.ch\/wp-content\/uploads\/2019\/12\/pexels-photo-3182755-e1579254114103.jpeg?fit=800%2C1200&ssl=1&resize=700%2C400 2x"},"classes":[]},{"id":955,"url":"https:\/\/aculingua.ch\/en\/schwyz\/","url_meta":{"origin":158,"position":2},"title":"AcuLingua Sprach-Caf\u00e9 in Schwyz","author":"admin","date":"September 5, 2020","format":false,"excerpt":"AcuLingua Sprach-Caf\u00e9 Frischen Sie im AcuLingua Sprach-Caf\u00e9 Ihre Englisch Kenntnisse auf und Treffen Sie Gleichgesinnte. AcuLingua bietet Kurse mit interaktiven \u00dcbungen an, um spielend die Ziele & W\u00fcnsche der Kunden zu erreichen: z.B. jeden Freitag, 08:45 bis 09:45 Uhr (60 Minuten)Kurs Einsteiger \u2013 Beginner Niveau A1\/A2 - lernen Sie das\u2026","rel":"","context":"Similar post","block_context":{"text":"Similar post","link":""},"img":{"alt_text":"","src":"https:\/\/i0.wp.com\/aculingua.ch\/wp-content\/uploads\/2020\/09\/coffee-2306471_1920.jpg?fit=1200%2C800&ssl=1&resize=350%2C200","width":350,"height":200,"srcset":"https:\/\/i0.wp.com\/aculingua.ch\/wp-content\/uploads\/2020\/09\/coffee-2306471_1920.jpg?fit=1200%2C800&ssl=1&resize=350%2C200 1x, https:\/\/i0.wp.com\/aculingua.ch\/wp-content\/uploads\/2020\/09\/coffee-2306471_1920.jpg?fit=1200%2C800&ssl=1&resize=525%2C300 1.5x, https:\/\/i0.wp.com\/aculingua.ch\/wp-content\/uploads\/2020\/09\/coffee-2306471_1920.jpg?fit=1200%2C800&ssl=1&resize=700%2C400 2x, https:\/\/i0.wp.com\/aculingua.ch\/wp-content\/uploads\/2020\/09\/coffee-2306471_1920.jpg?fit=1200%2C800&ssl=1&resize=1050%2C600 3x"},"classes":[]},{"id":664,"url":"https:\/\/aculingua.ch\/en\/sprachkurse-bei-aculingua\/","url_meta":{"origin":158,"position":3},"title":"Sprachkurse bei AcuLingua","author":"admin","date":"January 22, 2020","format":false,"excerpt":"Englisch Kurse f\u00fcr jedes Niveau. Gerne erstellen wir den Lernplan nach Ihren Vorstellungen. Wir kommen zu Ihnen im Talkessel Schwyz und Raum Zug und unterrichten Sie bei Ihnen zu Hause oder in einem Sitzungszimmer Ihrer Firma.","rel":"","context":"Similar post","block_context":{"text":"Similar post","link":""},"img":{"alt_text":"","src":"https:\/\/i0.wp.com\/aculingua.ch\/wp-content\/uploads\/2020\/01\/romeoimages_com012-scaled.jpg?fit=1200%2C800&ssl=1&resize=350%2C200","width":350,"height":200,"srcset":"https:\/\/i0.wp.com\/aculingua.ch\/wp-content\/uploads\/2020\/01\/romeoimages_com012-scaled.jpg?fit=1200%2C800&ssl=1&resize=350%2C200 1x, https:\/\/i0.wp.com\/aculingua.ch\/wp-content\/uploads\/2020\/01\/romeoimages_com012-scaled.jpg?fit=1200%2C800&ssl=1&resize=525%2C300 1.5x, https:\/\/i0.wp.com\/aculingua.ch\/wp-content\/uploads\/2020\/01\/romeoimages_com012-scaled.jpg?fit=1200%2C800&ssl=1&resize=700%2C400 2x, https:\/\/i0.wp.com\/aculingua.ch\/wp-content\/uploads\/2020\/01\/romeoimages_com012-scaled.jpg?fit=1200%2C800&ssl=1&resize=1050%2C600 3x"},"classes":[]},{"id":500,"url":"https:\/\/aculingua.ch\/en\/german-course-lean-german\/aculingua-ihr-partner-fuer-englisch-deutsch-kurse\/","url_meta":{"origin":158,"position":4},"title":"AcuLingua &#8211; Acumen Lingua","author":"admin","date":"December 31, 2019","format":false,"excerpt":"AcuLingua bietet personalisierte Englisch und Deutsch Kurse. Die Lektionen werden Ihren W\u00fcnschen entsprechend angepasst. Die Sprachlehrer von AcuLingua kommen zu Ihnen in die Firma oder wenn Sie w\u00fcnschen auch zu Ihnen nach Hause im Raume Zug und Schwyz. Personalisierte Sprachkurse f\u00fcr Firmen und Private","rel":"","context":"Similar post","block_context":{"text":"Similar post","link":""},"img":{"alt_text":"","src":"","width":0,"height":0},"classes":[]},{"id":743,"url":"https:\/\/aculingua.ch\/en\/roche\/","url_meta":{"origin":158,"position":5},"title":"Language Training Services","author":"admin","date":"May 12, 2020","format":false,"excerpt":"{:de}Nach 20 Jahren zuverl\u00e4ssiger Sprachkurse bei Roche Diagnostics in Rotkreuz, entwickelt sich das LTS-Team bei RDI weiter, indem es weiterhin Englisch - und Deutschkurse f\u00fcr Roche-Mitarbeiter vor Ort anbietet. Englisch Lernen (in 75 oder 100 Minuten-Klassen) General English: A1, A2, B1, B2, C1 Business English: B2, C1 Konversation: B2, C1\u2026","rel":"","context":"Similar post","block_context":{"text":"Similar post","link":""},"img":{"alt_text":"","src":"https:\/\/i0.wp.com\/aculingua.ch\/wp-content\/uploads\/2020\/05\/German_Flag.png?resize=350%2C200&ssl=1","width":350,"height":200,"srcset":"https:\/\/i0.wp.com\/aculingua.ch\/wp-content\/uploads\/2020\/05\/German_Flag.png?resize=350%2C200&ssl=1 1x, https:\/\/i0.wp.com\/aculingua.ch\/wp-content\/uploads\/2020\/05\/German_Flag.png?resize=525%2C300&ssl=1 1.5x, https:\/\/i0.wp.com\/aculingua.ch\/wp-content\/uploads\/2020\/05\/German_Flag.png?resize=700%2C400&ssl=1 2x, https:\/\/i0.wp.com\/aculingua.ch\/wp-content\/uploads\/2020\/05\/German_Flag.png?resize=1050%2C600&ssl=1 3x"},"classes":[]}],"jetpack_sharing_enabled":false,"_links":{"self":[{"href":"https:\/\/aculingua.ch\/en\/wp-json\/wp\/v2\/pages\/158","targetHints":{"allow":["GET"]}}],"collection":[{"href":"https:\/\/aculingua.ch\/en\/wp-json\/wp\/v2\/pages"}],"about":[{"href":"https:\/\/aculingua.ch\/en\/wp-json\/wp\/v2\/types\/page"}],"author":[{"embeddable":true,"href":"https:\/\/aculingua.ch\/en\/wp-json\/wp\/v2\/users\/1"}],"replies":[{"embeddable":true,"href":"https:\/\/aculingua.ch\/en\/wp-json\/wp\/v2\/comments?post=158"}],"version-history":[{"count":12,"href":"https:\/\/aculingua.ch\/en\/wp-json\/wp\/v2\/pages\/158\/revisions"}],"predecessor-version":[{"id":1027,"href":"https:\/\/aculingua.ch\/en\/wp-json\/wp\/v2\/pages\/158\/revisions\/1027"}],"wp:featuredmedia":[{"embeddable":true,"href":"https:\/\/aculingua.ch\/en\/wp-json\/wp\/v2\/media\/159"}],"wp:attachment":[{"href":"https:\/\/aculingua.ch\/en\/wp-json\/wp\/v2\/media?parent=158"}],"curies":[{"name":"wp","href":"https:\/\/api.w.org\/{rel}","templated":true}]}}