{"id":153,"date":"2019-12-29T15:05:06","date_gmt":"2019-12-29T15:05:06","guid":{"rendered":"https:\/\/aculingua.wordpress.com\/?page_id=153"},"modified":"2020-07-06T15:40:53","modified_gmt":"2020-07-06T15:40:53","slug":"firmen-html","status":"publish","type":"page","link":"https:\/\/aculingua.ch\/en\/firmen-html\/","title":{"rendered":"In Company Courses"},"content":{"rendered":"<p>AcuLingua will tailor-make a language course to meet your business\u2019 and individual staff\u2019s needs. We come to you &#8211; Our experienced teachers and goal-orientated methods will deliver improved communication competence within the convenience of your own premises.<!--more--><\/p>\n<p>Employees who can speak English, German and French have a multitude of advantages for your company.<\/p>\n<h3>Tailor-made courses<\/h3>\n<p>Whether it is a specific communication competence, or deepening business language in general, we will tailor-make an effective &#038; engaging course to meet your needs and reach your goals.<\/p>\n<p><img data-recalc-dims=\"1\" height=\"240\" width=\"330\" decoding=\"async\" src=\"https:\/\/i0.wp.com\/aculingua.ch\/wp-content\/uploads\/2019\/12\/pexels-photo-2265488.jpeg?resize=330%2C240&#038;ssl=1\" alt=\"Photo by Marek Levak on <a href=\" \/><\/p>\n<h3>I<strong>n-company<\/strong><\/h3>\n<p>It\u2019s business as usual: with classes at your workplace at times that suit you, there\u2019s minimal interruption to staff\u2019s daily work routine. Our teachers will come to your premises anywhere in the Zug, Luzern and Schwyz area<\/p>\n<p>We\u2019d be glad to assist you with your enquiries<\/p>\n<h4><strong>Courses on offer:<\/strong><\/h4>\n<ul>\n<li>Business English \/ German\u00a0 course<\/li>\n<li>General English \/ German\u00a0 course<\/li>\n<li>Specific business purpose courses<\/li>\n<li>Online classes also available<\/li>\n<li>Blended in-company and online course<\/li>\n<\/ul>\n","protected":false},"excerpt":{"rendered":"<p>AcuLingua will tailor-make a language course to meet your business\u2019 and individual staff\u2019s needs. We come to you &#8211; Our experienced teachers and goal-orientated methods will deliver improved communication competence within the convenience of your own premises.<\/p>\n","protected":false},"author":1,"featured_media":94,"parent":0,"menu_order":0,"comment_status":"closed","ping_status":"closed","template":"page-templates\/grid-page.php","meta":{"footnotes":""},"class_list":["post-153","page","type-page","status-publish","has-post-thumbnail","hentry"],"translation":{"provider":"WPGlobus","version":"3.0.0","language":"en","enabled_languages":["de","en"],"languages":{"de":{"title":true,"content":true,"excerpt":true},"en":{"title":true,"content":true,"excerpt":true}}},"yoast_head":"<!-- This site is optimized with the Yoast SEO plugin v25.8 - https:\/\/yoast.com\/wordpress\/plugins\/seo\/ -->\n<title>In Company Courses - Aculingua<\/title>\n<meta name=\"description\" content=\"In Company Courses, german courses, business english, in company german and english, Schwyz, Rotkreuz, learn german, swiss resideny permit preparation course\" \/>\n<meta name=\"robots\" content=\"index, follow, max-snippet:-1, max-image-preview:large, max-video-preview:-1\" \/>\n<link rel=\"canonical\" href=\"https:\/\/aculingua.ch\/firmen-html\/\" \/>\n<meta property=\"og:locale\" content=\"en_US\" \/>\n<meta property=\"og:type\" content=\"article\" \/>\n<meta property=\"og:title\" content=\"In Company Courses - Aculingua\" \/>\n<meta property=\"og:description\" content=\"In Company Courses, german courses, business english, in company german and english, Schwyz, Rotkreuz, learn german, swiss resideny permit preparation course\" \/>\n<meta property=\"og:url\" content=\"https:\/\/aculingua.ch\/firmen-html\/\" \/>\n<meta property=\"og:site_name\" content=\"Aculingua\" \/>\n<meta property=\"article:modified_time\" content=\"2020-07-06T15:40:53+00:00\" \/>\n<meta property=\"og:image\" content=\"https:\/\/aculingua.ch\/wp-content\/uploads\/2019\/12\/pexels-photo-3182755-e1579254114103.jpeg\" \/>\n\t<meta property=\"og:image:width\" content=\"867\" \/>\n\t<meta property=\"og:image:height\" content=\"1300\" \/>\n\t<meta property=\"og:image:type\" content=\"image\/jpeg\" \/>\n<meta name=\"twitter:card\" content=\"summary_large_image\" \/>\n<meta name=\"twitter:label1\" content=\"Est. reading time\" \/>\n\t<meta name=\"twitter:data1\" content=\"2 minutes\" \/>\n<script type=\"application\/ld+json\" class=\"yoast-schema-graph\">{\"@context\":\"https:\/\/schema.org\",\"@graph\":[{\"@type\":\"WebPage\",\"@id\":\"https:\/\/aculingua.ch\/firmen-html\/\",\"url\":\"https:\/\/aculingua.ch\/firmen-html\/\",\"name\":\"In Company Courses - Aculingua\",\"isPartOf\":{\"@id\":\"https:\/\/aculingua.ch\/#website\"},\"primaryImageOfPage\":{\"@id\":\"https:\/\/aculingua.ch\/firmen-html\/#primaryimage\"},\"image\":{\"@id\":\"https:\/\/aculingua.ch\/firmen-html\/#primaryimage\"},\"thumbnailUrl\":\"https:\/\/i0.wp.com\/aculingua.ch\/wp-content\/uploads\/2019\/12\/pexels-photo-3182755-e1579254114103.jpeg?fit=867%2C1300&ssl=1\",\"datePublished\":\"2019-12-29T15:05:06+00:00\",\"dateModified\":\"2020-07-06T15:40:53+00:00\",\"description\":\"Englischkurs Schwyz, englisch lernen, business english, Englischunterricht, Firmen interne englisch Kurse, Englisch Rotkreuz, CAE, FCE Schwyz\",\"breadcrumb\":{\"@id\":\"https:\/\/aculingua.ch\/firmen-html\/#breadcrumb\"},\"inLanguage\":\"en-US\",\"potentialAction\":[{\"@type\":\"ReadAction\",\"target\":[\"https:\/\/aculingua.ch\/firmen-html\/\"]}]},{\"@type\":\"ImageObject\",\"inLanguage\":\"en-US\",\"@id\":\"https:\/\/aculingua.ch\/firmen-html\/#primaryimage\",\"url\":\"https:\/\/i0.wp.com\/aculingua.ch\/wp-content\/uploads\/2019\/12\/pexels-photo-3182755-e1579254114103.jpeg?fit=867%2C1300&ssl=1\",\"contentUrl\":\"https:\/\/i0.wp.com\/aculingua.ch\/wp-content\/uploads\/2019\/12\/pexels-photo-3182755-e1579254114103.jpeg?fit=867%2C1300&ssl=1\",\"width\":867,\"height\":1300,\"caption\":\"Photo by fauxels on Pexels.com\"},{\"@type\":\"BreadcrumbList\",\"@id\":\"https:\/\/aculingua.ch\/firmen-html\/#breadcrumb\",\"itemListElement\":[{\"@type\":\"ListItem\",\"position\":1,\"name\":\"Startseite\",\"item\":\"https:\/\/aculingua.ch\/\"},{\"@type\":\"ListItem\",\"position\":2,\"name\":\"Firmen interne Kurse\"}]},{\"@type\":\"WebSite\",\"@id\":\"https:\/\/aculingua.ch\/#website\",\"url\":\"https:\/\/aculingua.ch\/\",\"name\":\"AcuLingua-englisch lernen-rotkreuz\",\"description\":\"Language that matters\",\"publisher\":{\"@id\":\"https:\/\/aculingua.ch\/#organization\"},\"potentialAction\":[{\"@type\":\"SearchAction\",\"target\":{\"@type\":\"EntryPoint\",\"urlTemplate\":\"https:\/\/aculingua.ch\/?s={search_term_string}\"},\"query-input\":{\"@type\":\"PropertyValueSpecification\",\"valueRequired\":true,\"valueName\":\"search_term_string\"}}],\"inLanguage\":\"en-US\"},{\"@type\":\"Organization\",\"@id\":\"https:\/\/aculingua.ch\/#organization\",\"name\":\"AcuLingua\",\"url\":\"https:\/\/aculingua.ch\/\",\"logo\":{\"@type\":\"ImageObject\",\"inLanguage\":\"en-US\",\"@id\":\"https:\/\/aculingua.ch\/#\/schema\/logo\/image\/\",\"url\":\"https:\/\/i2.wp.com\/aculingua.ch\/wp-content\/uploads\/2019\/12\/mediumsmall-e1577784004188.png?fit=500%2C222&ssl=1\",\"contentUrl\":\"https:\/\/i2.wp.com\/aculingua.ch\/wp-content\/uploads\/2019\/12\/mediumsmall-e1577784004188.png?fit=500%2C222&ssl=1\",\"width\":500,\"height\":222,\"caption\":\"AcuLingua\"},\"image\":{\"@id\":\"https:\/\/aculingua.ch\/#\/schema\/logo\/image\/\"},\"sameAs\":[\"https:\/\/ch.linkedin.com\/company\/aculingua?trk=public_profile_topcard_current_company\"]}]}<\/script>\n<!-- \/ Yoast SEO plugin. -->","yoast_head_json":{"title":"In Company Courses - Aculingua","description":"In Company Courses, german courses, business english, in company german and english, Schwyz, Rotkreuz, learn german, swiss resideny permit preparation course","robots":{"index":"index","follow":"follow","max-snippet":"max-snippet:-1","max-image-preview":"max-image-preview:large","max-video-preview":"max-video-preview:-1"},"canonical":"https:\/\/aculingua.ch\/firmen-html\/","og_locale":"en_US","og_type":"article","og_title":"In Company Courses - Aculingua","og_description":"In Company Courses, german courses, business english, in company german and english, Schwyz, Rotkreuz, learn german, swiss resideny permit preparation course","og_url":"https:\/\/aculingua.ch\/firmen-html\/","og_site_name":"Aculingua","article_modified_time":"2020-07-06T15:40:53+00:00","og_image":[{"width":867,"height":1300,"url":"https:\/\/aculingua.ch\/wp-content\/uploads\/2019\/12\/pexels-photo-3182755-e1579254114103.jpeg","type":"image\/jpeg"}],"twitter_card":"summary_large_image","twitter_misc":{"Est. reading time":"2 minutes"},"schema":{"@context":"https:\/\/schema.org","@graph":[{"@type":"WebPage","@id":"https:\/\/aculingua.ch\/firmen-html\/","url":"https:\/\/aculingua.ch\/firmen-html\/","name":"In Company Courses - Aculingua","isPartOf":{"@id":"https:\/\/aculingua.ch\/#website"},"primaryImageOfPage":{"@id":"https:\/\/aculingua.ch\/firmen-html\/#primaryimage"},"image":{"@id":"https:\/\/aculingua.ch\/firmen-html\/#primaryimage"},"thumbnailUrl":"https:\/\/i0.wp.com\/aculingua.ch\/wp-content\/uploads\/2019\/12\/pexels-photo-3182755-e1579254114103.jpeg?fit=867%2C1300&ssl=1","datePublished":"2019-12-29T15:05:06+00:00","dateModified":"2020-07-06T15:40:53+00:00","description":"Englischkurs Schwyz, englisch lernen, business english, Englischunterricht, Firmen interne englisch Kurse, Englisch Rotkreuz, CAE, FCE Schwyz","breadcrumb":{"@id":"https:\/\/aculingua.ch\/firmen-html\/#breadcrumb"},"inLanguage":"en-US","potentialAction":[{"@type":"ReadAction","target":["https:\/\/aculingua.ch\/firmen-html\/"]}]},{"@type":"ImageObject","inLanguage":"en-US","@id":"https:\/\/aculingua.ch\/firmen-html\/#primaryimage","url":"https:\/\/i0.wp.com\/aculingua.ch\/wp-content\/uploads\/2019\/12\/pexels-photo-3182755-e1579254114103.jpeg?fit=867%2C1300&ssl=1","contentUrl":"https:\/\/i0.wp.com\/aculingua.ch\/wp-content\/uploads\/2019\/12\/pexels-photo-3182755-e1579254114103.jpeg?fit=867%2C1300&ssl=1","width":867,"height":1300,"caption":"Photo by fauxels on Pexels.com"},{"@type":"BreadcrumbList","@id":"https:\/\/aculingua.ch\/firmen-html\/#breadcrumb","itemListElement":[{"@type":"ListItem","position":1,"name":"Startseite","item":"https:\/\/aculingua.ch\/"},{"@type":"ListItem","position":2,"name":"Firmen interne Kurse"}]},{"@type":"WebSite","@id":"https:\/\/aculingua.ch\/#website","url":"https:\/\/aculingua.ch\/","name":"AcuLingua-englisch lernen-rotkreuz","description":"Language that matters","publisher":{"@id":"https:\/\/aculingua.ch\/#organization"},"potentialAction":[{"@type":"SearchAction","target":{"@type":"EntryPoint","urlTemplate":"https:\/\/aculingua.ch\/?s={search_term_string}"},"query-input":{"@type":"PropertyValueSpecification","valueRequired":true,"valueName":"search_term_string"}}],"inLanguage":"en-US"},{"@type":"Organization","@id":"https:\/\/aculingua.ch\/#organization","name":"AcuLingua","url":"https:\/\/aculingua.ch\/","logo":{"@type":"ImageObject","inLanguage":"en-US","@id":"https:\/\/aculingua.ch\/#\/schema\/logo\/image\/","url":"https:\/\/i2.wp.com\/aculingua.ch\/wp-content\/uploads\/2019\/12\/mediumsmall-e1577784004188.png?fit=500%2C222&ssl=1","contentUrl":"https:\/\/i2.wp.com\/aculingua.ch\/wp-content\/uploads\/2019\/12\/mediumsmall-e1577784004188.png?fit=500%2C222&ssl=1","width":500,"height":222,"caption":"AcuLingua"},"image":{"@id":"https:\/\/aculingua.ch\/#\/schema\/logo\/image\/"},"sameAs":["https:\/\/ch.linkedin.com\/company\/aculingua?trk=public_profile_topcard_current_company"]}]}},"jetpack-related-posts":[{"id":123,"url":"https:\/\/aculingua.ch\/en\/","url_meta":{"origin":153,"position":0},"title":"German &#038; English Courses","author":"admin","date":"December 28, 2019","format":false,"excerpt":"Personalisierte Sprachkurse f\u00fcr Firmen oder Privat - Englisch & Deutsch","rel":"","context":"Similar post","block_context":{"text":"Similar post","link":""},"img":{"alt_text":"AcuLingua","src":"https:\/\/i0.wp.com\/aculingua.ch\/wp-content\/uploads\/2019\/12\/pexels-photo-3184324-e1579029818400.jpeg?fit=1200%2C800&ssl=1&resize=350%2C200","width":350,"height":200,"srcset":"https:\/\/i0.wp.com\/aculingua.ch\/wp-content\/uploads\/2019\/12\/pexels-photo-3184324-e1579029818400.jpeg?fit=1200%2C800&ssl=1&resize=350%2C200 1x, https:\/\/i0.wp.com\/aculingua.ch\/wp-content\/uploads\/2019\/12\/pexels-photo-3184324-e1579029818400.jpeg?fit=1200%2C800&ssl=1&resize=525%2C300 1.5x, https:\/\/i0.wp.com\/aculingua.ch\/wp-content\/uploads\/2019\/12\/pexels-photo-3184324-e1579029818400.jpeg?fit=1200%2C800&ssl=1&resize=700%2C400 2x, https:\/\/i0.wp.com\/aculingua.ch\/wp-content\/uploads\/2019\/12\/pexels-photo-3184324-e1579029818400.jpeg?fit=1200%2C800&ssl=1&resize=1050%2C600 3x"},"classes":[]},{"id":135,"url":"https:\/\/aculingua.ch\/en\/privat\/","url_meta":{"origin":153,"position":1},"title":"Privatunterricht","author":"admin","date":"December 29, 2019","format":false,"excerpt":"AcuLingua bietet Ihnen professionellen Privatunterricht. Bei Bedarf organisieren wir gerne auch Kurse mit kleineren Klassen - bitte Fragen Sie uns an. Wenn Sie den effektiven und personalisierten Unterrichtsansatz von AcuLingua nutzen, werden Sie Ihre Sprachziele schnell erreichen. In den Regionen Zug, Luzern und Schwyz kommen wir zu Ihnen nach Hause.\u2026","rel":"","context":"Similar post","block_context":{"text":"Similar post","link":""},"img":{"alt_text":"","src":"https:\/\/i0.wp.com\/aculingua.ch\/wp-content\/uploads\/2019\/12\/pexels-photo-601170.jpeg?fit=1200%2C801&ssl=1&resize=350%2C200","width":350,"height":200,"srcset":"https:\/\/i0.wp.com\/aculingua.ch\/wp-content\/uploads\/2019\/12\/pexels-photo-601170.jpeg?fit=1200%2C801&ssl=1&resize=350%2C200 1x, https:\/\/i0.wp.com\/aculingua.ch\/wp-content\/uploads\/2019\/12\/pexels-photo-601170.jpeg?fit=1200%2C801&ssl=1&resize=525%2C300 1.5x, https:\/\/i0.wp.com\/aculingua.ch\/wp-content\/uploads\/2019\/12\/pexels-photo-601170.jpeg?fit=1200%2C801&ssl=1&resize=700%2C400 2x, https:\/\/i0.wp.com\/aculingua.ch\/wp-content\/uploads\/2019\/12\/pexels-photo-601170.jpeg?fit=1200%2C801&ssl=1&resize=1050%2C600 3x"},"classes":[]},{"id":743,"url":"https:\/\/aculingua.ch\/en\/roche\/","url_meta":{"origin":153,"position":2},"title":"Language Training Services","author":"admin","date":"May 12, 2020","format":false,"excerpt":"{:de}Nach 20 Jahren zuverl\u00e4ssiger Sprachkurse bei Roche Diagnostics in Rotkreuz, entwickelt sich das LTS-Team bei RDI weiter, indem es weiterhin Englisch - und Deutschkurse f\u00fcr Roche-Mitarbeiter vor Ort anbietet. Englisch Lernen (in 75 oder 100 Minuten-Klassen) General English: A1, A2, B1, B2, C1 Business English: B2, C1 Konversation: B2, C1\u2026","rel":"","context":"Similar post","block_context":{"text":"Similar post","link":""},"img":{"alt_text":"","src":"https:\/\/i0.wp.com\/aculingua.ch\/wp-content\/uploads\/2020\/05\/German_Flag.png?resize=350%2C200&ssl=1","width":350,"height":200,"srcset":"https:\/\/i0.wp.com\/aculingua.ch\/wp-content\/uploads\/2020\/05\/German_Flag.png?resize=350%2C200&ssl=1 1x, https:\/\/i0.wp.com\/aculingua.ch\/wp-content\/uploads\/2020\/05\/German_Flag.png?resize=525%2C300&ssl=1 1.5x, https:\/\/i0.wp.com\/aculingua.ch\/wp-content\/uploads\/2020\/05\/German_Flag.png?resize=700%2C400&ssl=1 2x, https:\/\/i0.wp.com\/aculingua.ch\/wp-content\/uploads\/2020\/05\/German_Flag.png?resize=1050%2C600&ssl=1 3x"},"classes":[]},{"id":500,"url":"https:\/\/aculingua.ch\/en\/german-course-lean-german\/aculingua-ihr-partner-fuer-englisch-deutsch-kurse\/","url_meta":{"origin":153,"position":3},"title":"AcuLingua &#8211; Acumen Lingua","author":"admin","date":"December 31, 2019","format":false,"excerpt":"AcuLingua bietet personalisierte Englisch und Deutsch Kurse. Die Lektionen werden Ihren W\u00fcnschen entsprechend angepasst. Die Sprachlehrer von AcuLingua kommen zu Ihnen in die Firma oder wenn Sie w\u00fcnschen auch zu Ihnen nach Hause im Raume Zug und Schwyz. Personalisierte Sprachkurse f\u00fcr Firmen und Private","rel":"","context":"Similar post","block_context":{"text":"Similar post","link":""},"img":{"alt_text":"","src":"","width":0,"height":0},"classes":[]},{"id":955,"url":"https:\/\/aculingua.ch\/en\/schwyz\/","url_meta":{"origin":153,"position":4},"title":"AcuLingua Sprach-Caf\u00e9 in Schwyz","author":"admin","date":"September 5, 2020","format":false,"excerpt":"AcuLingua Sprach-Caf\u00e9 Frischen Sie im AcuLingua Sprach-Caf\u00e9 Ihre Englisch Kenntnisse auf und Treffen Sie Gleichgesinnte. AcuLingua bietet Kurse mit interaktiven \u00dcbungen an, um spielend die Ziele & W\u00fcnsche der Kunden zu erreichen: z.B. jeden Freitag, 08:45 bis 09:45 Uhr (60 Minuten)Kurs Einsteiger \u2013 Beginner Niveau A1\/A2 - lernen Sie das\u2026","rel":"","context":"Similar post","block_context":{"text":"Similar post","link":""},"img":{"alt_text":"","src":"https:\/\/i0.wp.com\/aculingua.ch\/wp-content\/uploads\/2020\/09\/coffee-2306471_1920.jpg?fit=1200%2C800&ssl=1&resize=350%2C200","width":350,"height":200,"srcset":"https:\/\/i0.wp.com\/aculingua.ch\/wp-content\/uploads\/2020\/09\/coffee-2306471_1920.jpg?fit=1200%2C800&ssl=1&resize=350%2C200 1x, https:\/\/i0.wp.com\/aculingua.ch\/wp-content\/uploads\/2020\/09\/coffee-2306471_1920.jpg?fit=1200%2C800&ssl=1&resize=525%2C300 1.5x, https:\/\/i0.wp.com\/aculingua.ch\/wp-content\/uploads\/2020\/09\/coffee-2306471_1920.jpg?fit=1200%2C800&ssl=1&resize=700%2C400 2x, https:\/\/i0.wp.com\/aculingua.ch\/wp-content\/uploads\/2020\/09\/coffee-2306471_1920.jpg?fit=1200%2C800&ssl=1&resize=1050%2C600 3x"},"classes":[]},{"id":158,"url":"https:\/\/aculingua.ch\/en\/online-englischkurs\/","url_meta":{"origin":153,"position":5},"title":"Online virtual courses","author":"admin","date":"December 29, 2019","format":false,"excerpt":"{:en}With some adaptation, our specific purpose and departmental courses can be provided online.{:}","rel":"","context":"Similar post","block_context":{"text":"Similar post","link":""},"img":{"alt_text":"","src":"https:\/\/i0.wp.com\/aculingua.ch\/wp-content\/uploads\/2019\/12\/pexels-photo-2265488.jpeg?fit=1200%2C800&ssl=1&resize=350%2C200","width":350,"height":200,"srcset":"https:\/\/i0.wp.com\/aculingua.ch\/wp-content\/uploads\/2019\/12\/pexels-photo-2265488.jpeg?fit=1200%2C800&ssl=1&resize=350%2C200 1x, https:\/\/i0.wp.com\/aculingua.ch\/wp-content\/uploads\/2019\/12\/pexels-photo-2265488.jpeg?fit=1200%2C800&ssl=1&resize=525%2C300 1.5x, https:\/\/i0.wp.com\/aculingua.ch\/wp-content\/uploads\/2019\/12\/pexels-photo-2265488.jpeg?fit=1200%2C800&ssl=1&resize=700%2C400 2x, https:\/\/i0.wp.com\/aculingua.ch\/wp-content\/uploads\/2019\/12\/pexels-photo-2265488.jpeg?fit=1200%2C800&ssl=1&resize=1050%2C600 3x"},"classes":[]}],"jetpack_sharing_enabled":true,"_links":{"self":[{"href":"https:\/\/aculingua.ch\/en\/wp-json\/wp\/v2\/pages\/153","targetHints":{"allow":["GET"]}}],"collection":[{"href":"https:\/\/aculingua.ch\/en\/wp-json\/wp\/v2\/pages"}],"about":[{"href":"https:\/\/aculingua.ch\/en\/wp-json\/wp\/v2\/types\/page"}],"author":[{"embeddable":true,"href":"https:\/\/aculingua.ch\/en\/wp-json\/wp\/v2\/users\/1"}],"replies":[{"embeddable":true,"href":"https:\/\/aculingua.ch\/en\/wp-json\/wp\/v2\/comments?post=153"}],"version-history":[{"count":32,"href":"https:\/\/aculingua.ch\/en\/wp-json\/wp\/v2\/pages\/153\/revisions"}],"predecessor-version":[{"id":944,"href":"https:\/\/aculingua.ch\/en\/wp-json\/wp\/v2\/pages\/153\/revisions\/944"}],"wp:featuredmedia":[{"embeddable":true,"href":"https:\/\/aculingua.ch\/en\/wp-json\/wp\/v2\/media\/94"}],"wp:attachment":[{"href":"https:\/\/aculingua.ch\/en\/wp-json\/wp\/v2\/media?parent=153"}],"curies":[{"name":"wp","href":"https:\/\/api.w.org\/{rel}","templated":true}]}}