{"id":135,"date":"2019-12-29T12:21:04","date_gmt":"2019-12-29T12:21:04","guid":{"rendered":"https:\/\/aculingua.wordpress.com\/?page_id=135"},"modified":"2023-02-07T16:54:16","modified_gmt":"2023-02-07T16:54:16","slug":"privat","status":"publish","type":"page","link":"https:\/\/aculingua.ch\/en\/privat\/","title":{"rendered":"Privatunterricht"},"content":{"rendered":"\n\n\t<p>AcuLingua bietet Ihnen professionellen Privatunterricht. Bei Bedarf organisieren wir gerne auch Kurse mit kleineren Klassen &#8211; bitte Fragen Sie uns an.<!--more--><\/p>\n<p>Wenn Sie den effektiven und personalisierten Unterrichtsansatz von AcuLingua nutzen, werden Sie Ihre Sprachziele schnell erreichen. In den Regionen Zug, Luzern und Schwyz kommen wir zu Ihnen nach Hause.<\/p>\n<p>Unsere erfahrenen und professionellen Englisch- und Deutschlehrerinnen und -lehrer k\u00f6nnen Ihnen einen interessanten und ansprechenden Kurs zusammenstellen, der Ihrem Lernstil, Ihrer Zeit und Ihren Sprachbed\u00fcrfnissen entspricht.<\/p>\n<h3>Personalisiertes Sprachtraining<\/h3>\n<p>Um Ihre sprachlichen Ziele zu erreichen, ist individueller Einzelunterricht der motivierendste und effektivste Weg. Wir sind darauf spezialisiert, mit Themen zu arbeiten, die f\u00fcr Sie interessant und wichtig sind, da sie die beste Plattform f\u00fcr einen effektiven und engagierten Privatunterricht darstellen. Sie setzen die Priorit\u00e4ten und wir arbeiten mit Ihnen zusammen, um sie zu erreichen!<\/p>\n<h3>Lernen Sie zu Hause oder an Ihrem Arbeitsplatz<\/h3>\n<p>Sie m\u00fcssen nirgendwo hingehen. Die SprachlehrerInnen von AcuLingua k\u00f6nnen den Englisch- oder Deutschkurs bei Ihnen zu Hause, an Ihrem Arbeitsplatz oder sogar in einem gem\u00fctlichen Caf\u00e9 in der N\u00e4he (Regionen Zug, Luzern und Schwyz) durchf\u00fchren. Wie viele Unterrichtsstunden m\u00f6chten Sie pro Woche haben? AcuLingua kann zwischen 2-4 Privatstunden pro Tag anbieten, oder Intensivkurse sind auf Anfrage erh\u00e4ltlich.<\/p>\n<p>F\u00fcr Menschen, die unterwegs sind und einen flexibleren Ansatz ben\u00f6tigen, sind Online-Unterricht am besten geeignet. Alle unsere Kurse eignen sich perfekt f\u00fcr die Online-Plattform zu f\u00fcr Sie g\u00fcnstigen Zeiten.<\/p>\n<p>Kontaktieren Sie uns f\u00fcr eine Beratung und einen kostenlosen Einstufungstest. Wir freuen uns darauf, mit Ihnen pers\u00f6nlich \u00fcber Ihre Ziele zu sprechen. info(at)aculingua.ch<\/p>\n\n","protected":false},"excerpt":{"rendered":"<p>AcuLingua bietet Ihnen professionellen Privatunterricht. Bei Bedarf organisieren wir gerne auch Kurse mit kleineren Klassen &#8211; bitte Fragen Sie uns an.<\/p>\n","protected":false},"author":1,"featured_media":79,"parent":0,"menu_order":0,"comment_status":"closed","ping_status":"closed","template":"page-templates\/grid-page.php","meta":{"footnotes":""},"class_list":["post-135","page","type-page","status-publish","has-post-thumbnail","hentry"],"translation":{"provider":"WPGlobus","version":"3.0.0","language":"en","enabled_languages":["de","en"],"languages":{"de":{"title":true,"content":true,"excerpt":false},"en":{"title":false,"content":false,"excerpt":false}}},"yoast_head":"<!-- This site is optimized with the Yoast SEO plugin v25.8 - https:\/\/yoast.com\/wordpress\/plugins\/seo\/ -->\n<title>Privatunterricht - Aculingua<\/title>\n<meta name=\"robots\" content=\"index, follow, max-snippet:-1, max-image-preview:large, max-video-preview:-1\" \/>\n<link rel=\"canonical\" href=\"https:\/\/aculingua.ch\/privat\/\" \/>\n<meta property=\"og:locale\" content=\"en_US\" \/>\n<meta property=\"og:type\" content=\"article\" \/>\n<meta property=\"og:title\" content=\"Privatunterricht - Aculingua\" \/>\n<meta property=\"og:url\" content=\"https:\/\/aculingua.ch\/privat\/\" \/>\n<meta property=\"og:site_name\" content=\"Aculingua\" \/>\n<meta property=\"article:modified_time\" content=\"2023-02-07T16:54:16+00:00\" \/>\n<meta property=\"og:image\" content=\"https:\/\/i0.wp.com\/aculingua.ch\/wp-content\/uploads\/2019\/12\/pexels-photo-601170.jpeg?fit=1880%2C1255&ssl=1\" \/>\n\t<meta property=\"og:image:width\" content=\"1880\" \/>\n\t<meta property=\"og:image:height\" content=\"1255\" \/>\n\t<meta property=\"og:image:type\" content=\"image\/jpeg\" \/>\n<meta name=\"twitter:card\" content=\"summary_large_image\" \/>\n<meta name=\"twitter:label1\" content=\"Est. reading time\" \/>\n\t<meta name=\"twitter:data1\" content=\"2 minutes\" \/>\n<script type=\"application\/ld+json\" class=\"yoast-schema-graph\">{\"@context\":\"https:\/\/schema.org\",\"@graph\":[{\"@type\":\"WebPage\",\"@id\":\"https:\/\/aculingua.ch\/privat\/\",\"url\":\"https:\/\/aculingua.ch\/privat\/\",\"name\":\"Privatunterricht - Aculingua\",\"isPartOf\":{\"@id\":\"https:\/\/aculingua.ch\/#website\"},\"primaryImageOfPage\":{\"@id\":\"https:\/\/aculingua.ch\/privat\/#primaryimage\"},\"image\":{\"@id\":\"https:\/\/aculingua.ch\/privat\/#primaryimage\"},\"thumbnailUrl\":\"https:\/\/i0.wp.com\/aculingua.ch\/wp-content\/uploads\/2019\/12\/pexels-photo-601170.jpeg?fit=1880%2C1255&ssl=1\",\"datePublished\":\"2019-12-29T12:21:04+00:00\",\"dateModified\":\"2023-02-07T16:54:16+00:00\",\"description\":\"Privatkurs in Englisch, Zug, Rotkreuz, Schwyz, englisch lernen mit Privatlehrer, german private courses, learn german in Zug, Pr\u00fcfungsvorbereitungskurs, Privat Lektionen\",\"breadcrumb\":{\"@id\":\"https:\/\/aculingua.ch\/privat\/#breadcrumb\"},\"inLanguage\":\"en-US\",\"potentialAction\":[{\"@type\":\"ReadAction\",\"target\":[\"https:\/\/aculingua.ch\/privat\/\"]}]},{\"@type\":\"ImageObject\",\"inLanguage\":\"en-US\",\"@id\":\"https:\/\/aculingua.ch\/privat\/#primaryimage\",\"url\":\"https:\/\/i0.wp.com\/aculingua.ch\/wp-content\/uploads\/2019\/12\/pexels-photo-601170.jpeg?fit=1880%2C1255&ssl=1\",\"contentUrl\":\"https:\/\/i0.wp.com\/aculingua.ch\/wp-content\/uploads\/2019\/12\/pexels-photo-601170.jpeg?fit=1880%2C1255&ssl=1\",\"width\":1880,\"height\":1255,\"caption\":\"Photo by Tirachard Kumtanom on Pexels.com\"},{\"@type\":\"BreadcrumbList\",\"@id\":\"https:\/\/aculingua.ch\/privat\/#breadcrumb\",\"itemListElement\":[{\"@type\":\"ListItem\",\"position\":1,\"name\":\"Startseite\",\"item\":\"https:\/\/aculingua.ch\/\"},{\"@type\":\"ListItem\",\"position\":2,\"name\":\"Privatunterricht\"}]},{\"@type\":\"WebSite\",\"@id\":\"https:\/\/aculingua.ch\/#website\",\"url\":\"https:\/\/aculingua.ch\/\",\"name\":\"AcuLingua-englisch lernen-rotkreuz\",\"description\":\"Language that matters\",\"publisher\":{\"@id\":\"https:\/\/aculingua.ch\/#organization\"},\"potentialAction\":[{\"@type\":\"SearchAction\",\"target\":{\"@type\":\"EntryPoint\",\"urlTemplate\":\"https:\/\/aculingua.ch\/?s={search_term_string}\"},\"query-input\":{\"@type\":\"PropertyValueSpecification\",\"valueRequired\":true,\"valueName\":\"search_term_string\"}}],\"inLanguage\":\"en-US\"},{\"@type\":\"Organization\",\"@id\":\"https:\/\/aculingua.ch\/#organization\",\"name\":\"AcuLingua\",\"url\":\"https:\/\/aculingua.ch\/\",\"logo\":{\"@type\":\"ImageObject\",\"inLanguage\":\"en-US\",\"@id\":\"https:\/\/aculingua.ch\/#\/schema\/logo\/image\/\",\"url\":\"https:\/\/i2.wp.com\/aculingua.ch\/wp-content\/uploads\/2019\/12\/mediumsmall-e1577784004188.png?fit=500%2C222&ssl=1\",\"contentUrl\":\"https:\/\/i2.wp.com\/aculingua.ch\/wp-content\/uploads\/2019\/12\/mediumsmall-e1577784004188.png?fit=500%2C222&ssl=1\",\"width\":500,\"height\":222,\"caption\":\"AcuLingua\"},\"image\":{\"@id\":\"https:\/\/aculingua.ch\/#\/schema\/logo\/image\/\"},\"sameAs\":[\"https:\/\/ch.linkedin.com\/company\/aculingua?trk=public_profile_topcard_current_company\"]}]}<\/script>\n<!-- \/ Yoast SEO plugin. -->","yoast_head_json":{"title":"Privatunterricht - Aculingua","robots":{"index":"index","follow":"follow","max-snippet":"max-snippet:-1","max-image-preview":"max-image-preview:large","max-video-preview":"max-video-preview:-1"},"canonical":"https:\/\/aculingua.ch\/privat\/","og_locale":"en_US","og_type":"article","og_title":"Privatunterricht - Aculingua","og_url":"https:\/\/aculingua.ch\/privat\/","og_site_name":"Aculingua","article_modified_time":"2023-02-07T16:54:16+00:00","og_image":[{"width":1880,"height":1255,"url":"https:\/\/i0.wp.com\/aculingua.ch\/wp-content\/uploads\/2019\/12\/pexels-photo-601170.jpeg?fit=1880%2C1255&ssl=1","type":"image\/jpeg"}],"twitter_card":"summary_large_image","twitter_misc":{"Est. reading time":"2 minutes"},"schema":{"@context":"https:\/\/schema.org","@graph":[{"@type":"WebPage","@id":"https:\/\/aculingua.ch\/privat\/","url":"https:\/\/aculingua.ch\/privat\/","name":"Privatunterricht - Aculingua","isPartOf":{"@id":"https:\/\/aculingua.ch\/#website"},"primaryImageOfPage":{"@id":"https:\/\/aculingua.ch\/privat\/#primaryimage"},"image":{"@id":"https:\/\/aculingua.ch\/privat\/#primaryimage"},"thumbnailUrl":"https:\/\/i0.wp.com\/aculingua.ch\/wp-content\/uploads\/2019\/12\/pexels-photo-601170.jpeg?fit=1880%2C1255&ssl=1","datePublished":"2019-12-29T12:21:04+00:00","dateModified":"2023-02-07T16:54:16+00:00","description":"Privatkurs in Englisch, Zug, Rotkreuz, Schwyz, englisch lernen mit Privatlehrer, german private courses, learn german in Zug, Pr\u00fcfungsvorbereitungskurs, Privat Lektionen","breadcrumb":{"@id":"https:\/\/aculingua.ch\/privat\/#breadcrumb"},"inLanguage":"en-US","potentialAction":[{"@type":"ReadAction","target":["https:\/\/aculingua.ch\/privat\/"]}]},{"@type":"ImageObject","inLanguage":"en-US","@id":"https:\/\/aculingua.ch\/privat\/#primaryimage","url":"https:\/\/i0.wp.com\/aculingua.ch\/wp-content\/uploads\/2019\/12\/pexels-photo-601170.jpeg?fit=1880%2C1255&ssl=1","contentUrl":"https:\/\/i0.wp.com\/aculingua.ch\/wp-content\/uploads\/2019\/12\/pexels-photo-601170.jpeg?fit=1880%2C1255&ssl=1","width":1880,"height":1255,"caption":"Photo by Tirachard Kumtanom on Pexels.com"},{"@type":"BreadcrumbList","@id":"https:\/\/aculingua.ch\/privat\/#breadcrumb","itemListElement":[{"@type":"ListItem","position":1,"name":"Startseite","item":"https:\/\/aculingua.ch\/"},{"@type":"ListItem","position":2,"name":"Privatunterricht"}]},{"@type":"WebSite","@id":"https:\/\/aculingua.ch\/#website","url":"https:\/\/aculingua.ch\/","name":"AcuLingua-englisch lernen-rotkreuz","description":"Language that matters","publisher":{"@id":"https:\/\/aculingua.ch\/#organization"},"potentialAction":[{"@type":"SearchAction","target":{"@type":"EntryPoint","urlTemplate":"https:\/\/aculingua.ch\/?s={search_term_string}"},"query-input":{"@type":"PropertyValueSpecification","valueRequired":true,"valueName":"search_term_string"}}],"inLanguage":"en-US"},{"@type":"Organization","@id":"https:\/\/aculingua.ch\/#organization","name":"AcuLingua","url":"https:\/\/aculingua.ch\/","logo":{"@type":"ImageObject","inLanguage":"en-US","@id":"https:\/\/aculingua.ch\/#\/schema\/logo\/image\/","url":"https:\/\/i2.wp.com\/aculingua.ch\/wp-content\/uploads\/2019\/12\/mediumsmall-e1577784004188.png?fit=500%2C222&ssl=1","contentUrl":"https:\/\/i2.wp.com\/aculingua.ch\/wp-content\/uploads\/2019\/12\/mediumsmall-e1577784004188.png?fit=500%2C222&ssl=1","width":500,"height":222,"caption":"AcuLingua"},"image":{"@id":"https:\/\/aculingua.ch\/#\/schema\/logo\/image\/"},"sameAs":["https:\/\/ch.linkedin.com\/company\/aculingua?trk=public_profile_topcard_current_company"]}]}},"jetpack-related-posts":[{"id":500,"url":"https:\/\/aculingua.ch\/en\/german-course-lean-german\/aculingua-ihr-partner-fuer-englisch-deutsch-kurse\/","url_meta":{"origin":135,"position":0},"title":"AcuLingua &#8211; Acumen Lingua","author":"admin","date":"December 31, 2019","format":false,"excerpt":"AcuLingua bietet personalisierte Englisch und Deutsch Kurse. Die Lektionen werden Ihren W\u00fcnschen entsprechend angepasst. Die Sprachlehrer von AcuLingua kommen zu Ihnen in die Firma oder wenn Sie w\u00fcnschen auch zu Ihnen nach Hause im Raume Zug und Schwyz. Personalisierte Sprachkurse f\u00fcr Firmen und Private","rel":"","context":"Similar post","block_context":{"text":"Similar post","link":""},"img":{"alt_text":"","src":"","width":0,"height":0},"classes":[]},{"id":158,"url":"https:\/\/aculingua.ch\/en\/online-englischkurs\/","url_meta":{"origin":135,"position":1},"title":"Online virtual courses","author":"admin","date":"December 29, 2019","format":false,"excerpt":"{:en}With some adaptation, our specific purpose and departmental courses can be provided online.{:}","rel":"","context":"Similar post","block_context":{"text":"Similar post","link":""},"img":{"alt_text":"","src":"https:\/\/i0.wp.com\/aculingua.ch\/wp-content\/uploads\/2019\/12\/pexels-photo-2265488.jpeg?fit=1200%2C800&ssl=1&resize=350%2C200","width":350,"height":200,"srcset":"https:\/\/i0.wp.com\/aculingua.ch\/wp-content\/uploads\/2019\/12\/pexels-photo-2265488.jpeg?fit=1200%2C800&ssl=1&resize=350%2C200 1x, https:\/\/i0.wp.com\/aculingua.ch\/wp-content\/uploads\/2019\/12\/pexels-photo-2265488.jpeg?fit=1200%2C800&ssl=1&resize=525%2C300 1.5x, https:\/\/i0.wp.com\/aculingua.ch\/wp-content\/uploads\/2019\/12\/pexels-photo-2265488.jpeg?fit=1200%2C800&ssl=1&resize=700%2C400 2x, https:\/\/i0.wp.com\/aculingua.ch\/wp-content\/uploads\/2019\/12\/pexels-photo-2265488.jpeg?fit=1200%2C800&ssl=1&resize=1050%2C600 3x"},"classes":[]},{"id":153,"url":"https:\/\/aculingua.ch\/en\/firmen-html\/","url_meta":{"origin":135,"position":2},"title":"In Company Courses","author":"admin","date":"December 29, 2019","format":false,"excerpt":"{:de}Mit AcuLingua k\u00f6nnen Firmen intern Englisch- oder Deutschkurse ihren Mitarbeitenden anbieten. AcuLingua stellt die Kurse gem\u00e4ss den Bed\u00fcrfnissen der Firma und den Mitarbeitenden zusammen. Qualifizierte Sprachlehrer f\u00fchren die Kurse firmenintern durch.{:}{:en}AcuLingua will tailor-make a language course to meet your business\u2019 and individual staff\u2019s needs. We come to you - Our\u2026","rel":"","context":"Similar post","block_context":{"text":"Similar post","link":""},"img":{"alt_text":"","src":"https:\/\/i0.wp.com\/aculingua.ch\/wp-content\/uploads\/2019\/12\/pexels-photo-3182755-e1579254114103.jpeg?fit=800%2C1200&ssl=1&resize=350%2C200","width":350,"height":200,"srcset":"https:\/\/i0.wp.com\/aculingua.ch\/wp-content\/uploads\/2019\/12\/pexels-photo-3182755-e1579254114103.jpeg?fit=800%2C1200&ssl=1&resize=350%2C200 1x, https:\/\/i0.wp.com\/aculingua.ch\/wp-content\/uploads\/2019\/12\/pexels-photo-3182755-e1579254114103.jpeg?fit=800%2C1200&ssl=1&resize=525%2C300 1.5x, https:\/\/i0.wp.com\/aculingua.ch\/wp-content\/uploads\/2019\/12\/pexels-photo-3182755-e1579254114103.jpeg?fit=800%2C1200&ssl=1&resize=700%2C400 2x"},"classes":[]},{"id":955,"url":"https:\/\/aculingua.ch\/en\/schwyz\/","url_meta":{"origin":135,"position":3},"title":"AcuLingua Sprach-Caf\u00e9 in Schwyz","author":"admin","date":"September 5, 2020","format":false,"excerpt":"AcuLingua Sprach-Caf\u00e9 Frischen Sie im AcuLingua Sprach-Caf\u00e9 Ihre Englisch Kenntnisse auf und Treffen Sie Gleichgesinnte. AcuLingua bietet Kurse mit interaktiven \u00dcbungen an, um spielend die Ziele & W\u00fcnsche der Kunden zu erreichen: z.B. jeden Freitag, 08:45 bis 09:45 Uhr (60 Minuten)Kurs Einsteiger \u2013 Beginner Niveau A1\/A2 - lernen Sie das\u2026","rel":"","context":"Similar post","block_context":{"text":"Similar post","link":""},"img":{"alt_text":"","src":"https:\/\/i0.wp.com\/aculingua.ch\/wp-content\/uploads\/2020\/09\/coffee-2306471_1920.jpg?fit=1200%2C800&ssl=1&resize=350%2C200","width":350,"height":200,"srcset":"https:\/\/i0.wp.com\/aculingua.ch\/wp-content\/uploads\/2020\/09\/coffee-2306471_1920.jpg?fit=1200%2C800&ssl=1&resize=350%2C200 1x, https:\/\/i0.wp.com\/aculingua.ch\/wp-content\/uploads\/2020\/09\/coffee-2306471_1920.jpg?fit=1200%2C800&ssl=1&resize=525%2C300 1.5x, https:\/\/i0.wp.com\/aculingua.ch\/wp-content\/uploads\/2020\/09\/coffee-2306471_1920.jpg?fit=1200%2C800&ssl=1&resize=700%2C400 2x, https:\/\/i0.wp.com\/aculingua.ch\/wp-content\/uploads\/2020\/09\/coffee-2306471_1920.jpg?fit=1200%2C800&ssl=1&resize=1050%2C600 3x"},"classes":[]},{"id":743,"url":"https:\/\/aculingua.ch\/en\/roche\/","url_meta":{"origin":135,"position":4},"title":"Language Training Services","author":"admin","date":"May 12, 2020","format":false,"excerpt":"{:de}Nach 20 Jahren zuverl\u00e4ssiger Sprachkurse bei Roche Diagnostics in Rotkreuz, entwickelt sich das LTS-Team bei RDI weiter, indem es weiterhin Englisch - und Deutschkurse f\u00fcr Roche-Mitarbeiter vor Ort anbietet. Englisch Lernen (in 75 oder 100 Minuten-Klassen) General English: A1, A2, B1, B2, C1 Business English: B2, C1 Konversation: B2, C1\u2026","rel":"","context":"Similar post","block_context":{"text":"Similar post","link":""},"img":{"alt_text":"","src":"https:\/\/i0.wp.com\/aculingua.ch\/wp-content\/uploads\/2020\/05\/German_Flag.png?resize=350%2C200&ssl=1","width":350,"height":200,"srcset":"https:\/\/i0.wp.com\/aculingua.ch\/wp-content\/uploads\/2020\/05\/German_Flag.png?resize=350%2C200&ssl=1 1x, https:\/\/i0.wp.com\/aculingua.ch\/wp-content\/uploads\/2020\/05\/German_Flag.png?resize=525%2C300&ssl=1 1.5x, https:\/\/i0.wp.com\/aculingua.ch\/wp-content\/uploads\/2020\/05\/German_Flag.png?resize=700%2C400&ssl=1 2x, https:\/\/i0.wp.com\/aculingua.ch\/wp-content\/uploads\/2020\/05\/German_Flag.png?resize=1050%2C600&ssl=1 3x"},"classes":[]},{"id":664,"url":"https:\/\/aculingua.ch\/en\/sprachkurse-bei-aculingua\/","url_meta":{"origin":135,"position":5},"title":"Sprachkurse bei AcuLingua","author":"admin","date":"January 22, 2020","format":false,"excerpt":"Englisch Kurse f\u00fcr jedes Niveau. Gerne erstellen wir den Lernplan nach Ihren Vorstellungen. Wir kommen zu Ihnen im Talkessel Schwyz und Raum Zug und unterrichten Sie bei Ihnen zu Hause oder in einem Sitzungszimmer Ihrer Firma.","rel":"","context":"Similar post","block_context":{"text":"Similar post","link":""},"img":{"alt_text":"","src":"https:\/\/i0.wp.com\/aculingua.ch\/wp-content\/uploads\/2020\/01\/romeoimages_com012-scaled.jpg?fit=1200%2C800&ssl=1&resize=350%2C200","width":350,"height":200,"srcset":"https:\/\/i0.wp.com\/aculingua.ch\/wp-content\/uploads\/2020\/01\/romeoimages_com012-scaled.jpg?fit=1200%2C800&ssl=1&resize=350%2C200 1x, https:\/\/i0.wp.com\/aculingua.ch\/wp-content\/uploads\/2020\/01\/romeoimages_com012-scaled.jpg?fit=1200%2C800&ssl=1&resize=525%2C300 1.5x, https:\/\/i0.wp.com\/aculingua.ch\/wp-content\/uploads\/2020\/01\/romeoimages_com012-scaled.jpg?fit=1200%2C800&ssl=1&resize=700%2C400 2x, https:\/\/i0.wp.com\/aculingua.ch\/wp-content\/uploads\/2020\/01\/romeoimages_com012-scaled.jpg?fit=1200%2C800&ssl=1&resize=1050%2C600 3x"},"classes":[]}],"jetpack_sharing_enabled":true,"_links":{"self":[{"href":"https:\/\/aculingua.ch\/en\/wp-json\/wp\/v2\/pages\/135","targetHints":{"allow":["GET"]}}],"collection":[{"href":"https:\/\/aculingua.ch\/en\/wp-json\/wp\/v2\/pages"}],"about":[{"href":"https:\/\/aculingua.ch\/en\/wp-json\/wp\/v2\/types\/page"}],"author":[{"embeddable":true,"href":"https:\/\/aculingua.ch\/en\/wp-json\/wp\/v2\/users\/1"}],"replies":[{"embeddable":true,"href":"https:\/\/aculingua.ch\/en\/wp-json\/wp\/v2\/comments?post=135"}],"version-history":[{"count":13,"href":"https:\/\/aculingua.ch\/en\/wp-json\/wp\/v2\/pages\/135\/revisions"}],"predecessor-version":[{"id":1112,"href":"https:\/\/aculingua.ch\/en\/wp-json\/wp\/v2\/pages\/135\/revisions\/1112"}],"wp:featuredmedia":[{"embeddable":true,"href":"https:\/\/aculingua.ch\/en\/wp-json\/wp\/v2\/media\/79"}],"wp:attachment":[{"href":"https:\/\/aculingua.ch\/en\/wp-json\/wp\/v2\/media?parent=135"}],"curies":[{"name":"wp","href":"https:\/\/api.w.org\/{rel}","templated":true}]}}